{"id":33249,"date":"2025-06-17T13:44:10","date_gmt":"2025-06-17T13:44:10","guid":{"rendered":"https:\/\/mps.digital-monkey.in\/product\/yanmar-2gm20-kanzaki-km2p\/"},"modified":"2025-06-17T13:44:10","modified_gmt":"2025-06-17T13:44:10","slug":"yanmar-2gm20-kanzaki-km2p","status":"publish","type":"product","link":"https:\/\/mps.digital-monkey.in\/es\/producto\/yanmar-2gm20-kanzaki-km2p\/","title":{"rendered":"Yanmar 2GM20 | Kanzaki KM2P"},"content":{"rendered":"<p>Especificaciones Yanmar:<\/p>\n<p>Marca: Yanmar<\/p>\n<p>Modelo: 2GM20<\/p>\n<p>Horario: Desconocido<\/p>\n<p>Refrigeraci\u00f3n: Refrigeraci\u00f3n directa<\/p>\n<p>Escape: h\u00famedo<\/p>\n<p>CV: 16 | 3400 RPM<\/p>\n<p>N\u00famero de serie: 20154<\/p>\n<p>Viene con:<\/p>\n<p>Salpicadero (da\u00f1ado)<\/p>\n<p>Tac\u00f3metro VDO<\/p>\n<p>Servicio antes de la entrega del motor<\/p>\n<p>Especificaciones de la caja de cambios:<\/p>\n<p>Marca: Kanzaki<\/p>\n<p>Modelo: KM2P<\/p>\n<p>Reducci\u00f3n: 2:62<\/p>\n","protected":false},"excerpt":{"rendered":"<p>Especificaciones Yanmar: Marca: Yanmar Modelo: 2GM20 Horario: Desconocido Refrigeraci\u00f3n: Refrigeraci\u00f3n directa Escape: h\u00famedo CV: 16 | 3400 RPM N\u00famero de serie: 20154 Viene con: Salpicadero (da\u00f1ado) Tac\u00f3metro VDO Servicio antes de la entrega del motor Especificaciones de la caja de cambios: Marca: Kanzaki Modelo: KM2P Reducci\u00f3n: 2:62<\/p>\n","protected":false},"featured_media":33250,"comment_status":"open","ping_status":"closed","template":"","meta":[],"product_brand":[4235],"product_cat":[2493,4450,4448],"product_tag":[2812],"class_list":{"0":"post-33249","1":"product","2":"type-product","3":"status-publish","4":"has-post-thumbnail","6":"product_brand-yanmar","7":"product_cat-motores","8":"product_cat-piezas-2gm-2gm20","9":"product_cat-yanmar","10":"product_tag-usado-2","11":"product_shipping_class-motor-es","12":"pa_condition-usado","13":"pa_model-2gm20","15":"first","16":"outofstock","17":"taxable","18":"shipping-taxable","19":"purchasable","20":"product-type-simple"},"supplier_id":null,"supplier_sku":"","barcode":null,"atum_controlled":true,"out_stock_date":"2025-10-30 10:29:54","out_stock_threshold":null,"inheritable":false,"inbound_stock":0,"stock_on_hold":0,"sold_today":0,"sales_last_days":0,"reserved_stock":0,"customer_returns":0,"warehouse_damage":0,"lost_in_post":0,"other_logs":0,"out_stock_days":141,"lost_sales":0,"has_location":false,"update_date":"2026-03-20T13:15:45","atum_locations":[],"atum_stock_status":"outofstock","restock_status":false,"low_stock_amount":"","sales_update_date":"2026-03-20T13:15:45","calc_backorders":null,"_links":{"self":[{"href":"https:\/\/mps.digital-monkey.in\/es\/wp-json\/wp\/v2\/product\/33249","targetHints":{"allow":["GET"]}}],"collection":[{"href":"https:\/\/mps.digital-monkey.in\/es\/wp-json\/wp\/v2\/product"}],"about":[{"href":"https:\/\/mps.digital-monkey.in\/es\/wp-json\/wp\/v2\/types\/product"}],"replies":[{"embeddable":true,"href":"https:\/\/mps.digital-monkey.in\/es\/wp-json\/wp\/v2\/comments?post=33249"}],"wp:featuredmedia":[{"embeddable":true,"href":"https:\/\/mps.digital-monkey.in\/es\/wp-json\/wp\/v2\/media\/33250"}],"wp:attachment":[{"href":"https:\/\/mps.digital-monkey.in\/es\/wp-json\/wp\/v2\/media?parent=33249"}],"wp:term":[{"taxonomy":"product_brand","embeddable":true,"href":"https:\/\/mps.digital-monkey.in\/es\/wp-json\/wp\/v2\/product_brand?post=33249"},{"taxonomy":"product_cat","embeddable":true,"href":"https:\/\/mps.digital-monkey.in\/es\/wp-json\/wp\/v2\/product_cat?post=33249"},{"taxonomy":"product_tag","embeddable":true,"href":"https:\/\/mps.digital-monkey.in\/es\/wp-json\/wp\/v2\/product_tag?post=33249"}],"curies":[{"name":"wp","href":"https:\/\/api.w.org\/{rel}","templated":true}]}}