{"id":33267,"date":"2025-06-17T13:44:11","date_gmt":"2025-06-17T13:44:11","guid":{"rendered":"https:\/\/mps.digital-monkey.in\/product\/filtro-de-combustible-yanmar-104300-55790\/"},"modified":"2026-03-20T13:48:04","modified_gmt":"2026-03-20T13:48:04","slug":"filtro-de-combustible-yanmar-104300-55790","status":"publish","type":"product","link":"https:\/\/mps.digital-monkey.in\/es\/product\/filtro-de-combustible-yanmar-104300-55790\/","title":{"rendered":"Filtro de combustible Yanmar 104300-55790"},"content":{"rendered":"<p>Filtro de combustible para la serie YS, para utilizar en el dep\u00f3sito de gas\u00f3leo correspondiente.<\/p>\n<p>&nbsp;<\/p>\n<p><strong>\u00a1Toma nota!<\/strong>  Este filtro s\u00f3lo es adecuado para el dep\u00f3sito de gas\u00f3leo rojo original suministrado con el motor.<\/p>\n<p>Si tienes una carcasa de filtro de aluminio, p\u00eddela: 104500-55710.<\/p>\n<p>Adecuado para los modelos de 8CV y 12CV. Pieza de recambio para 104500-55790. <\/p>\n<p>&nbsp;<\/p>\n<p>YSB8 8 CV, YSB12 12 CV, YSE8 8 CV, YSE12 12 CV, YSM8 8 CV, YSM12 12 CV<\/p>\n","protected":false},"excerpt":{"rendered":"<p>Filtro de combustible para la serie YS, para utilizar en el dep\u00f3sito de gas\u00f3leo correspondiente. &nbsp; \u00a1Toma nota! Este filtro s\u00f3lo es adecuado para el dep\u00f3sito de gas\u00f3leo rojo original suministrado con el motor. Si tienes una carcasa de filtro de aluminio, p\u00eddela: 104500-55710. Adecuado para los modelos de 8CV y 12CV. Pieza de recambio [&hellip;]<\/p>\n","protected":false},"featured_media":33268,"comment_status":"open","ping_status":"closed","template":"","meta":[],"product_brand":[4235],"product_cat":[2680,4557,2497],"product_tag":[],"class_list":{"0":"post-33267","1":"product","2":"type-product","3":"status-publish","4":"has-post-thumbnail","6":"product_brand-yanmar","7":"product_cat-filtros-de-combustible","8":"product_cat-filtros-de-combustible-yanmar","9":"product_cat-piezas-de-mantenimiento-del-motor","10":"pa_condition-nuevo","11":"pa_model-ysb12","12":"pa_model-ysb8","13":"pa_model-yse12","14":"pa_model-yse8","15":"pa_model-ysm12","16":"pa_model-ysm8","17":"pa_oem-or-aftermarket-oem","19":"first","20":"onbackorder","21":"taxable","22":"shipping-taxable","23":"purchasable","24":"product-type-simple"},"supplier_id":32143,"supplier_sku":"","barcode":null,"atum_controlled":true,"out_stock_date":"2025-11-21 14:07:56","out_stock_threshold":null,"inheritable":false,"inbound_stock":0,"stock_on_hold":0,"sold_today":0,"sales_last_days":0,"reserved_stock":0,"customer_returns":0,"warehouse_damage":0,"lost_in_post":0,"other_logs":0,"out_stock_days":118,"lost_sales":0,"has_location":false,"update_date":"2026-03-20T13:51:07","atum_locations":[],"atum_stock_status":"onbackorder","restock_status":false,"low_stock_amount":"","sales_update_date":"2026-03-20T13:29:34","calc_backorders":0,"_links":{"self":[{"href":"https:\/\/mps.digital-monkey.in\/es\/wp-json\/wp\/v2\/product\/33267","targetHints":{"allow":["GET"]}}],"collection":[{"href":"https:\/\/mps.digital-monkey.in\/es\/wp-json\/wp\/v2\/product"}],"about":[{"href":"https:\/\/mps.digital-monkey.in\/es\/wp-json\/wp\/v2\/types\/product"}],"replies":[{"embeddable":true,"href":"https:\/\/mps.digital-monkey.in\/es\/wp-json\/wp\/v2\/comments?post=33267"}],"wp:featuredmedia":[{"embeddable":true,"href":"https:\/\/mps.digital-monkey.in\/es\/wp-json\/wp\/v2\/media\/33268"}],"wp:attachment":[{"href":"https:\/\/mps.digital-monkey.in\/es\/wp-json\/wp\/v2\/media?parent=33267"}],"wp:term":[{"taxonomy":"product_brand","embeddable":true,"href":"https:\/\/mps.digital-monkey.in\/es\/wp-json\/wp\/v2\/product_brand?post=33267"},{"taxonomy":"product_cat","embeddable":true,"href":"https:\/\/mps.digital-monkey.in\/es\/wp-json\/wp\/v2\/product_cat?post=33267"},{"taxonomy":"product_tag","embeddable":true,"href":"https:\/\/mps.digital-monkey.in\/es\/wp-json\/wp\/v2\/product_tag?post=33267"}],"curies":[{"name":"wp","href":"https:\/\/api.w.org\/{rel}","templated":true}]}}