{"id":33465,"date":"2025-06-17T14:21:58","date_gmt":"2025-06-17T14:21:58","guid":{"rendered":"https:\/\/mps.digital-monkey.in\/product\/kit-termostato-volvo-penta-877349-md11-md17\/"},"modified":"2025-10-30T15:50:45","modified_gmt":"2025-10-30T15:50:45","slug":"kit-termostato-volvo-penta-877349-md11-md17","status":"publish","type":"product","link":"https:\/\/mps.digital-monkey.in\/es\/producto\/kit-termostato-volvo-penta-877349-md11-md17\/","title":{"rendered":"Kit termostato Volvo Penta 877349 MD11, MD17"},"content":{"rendered":"<p data-start=\"145\" data-end=\"200\"><strong data-start=\"145\" data-end=\"200\">Kit termostato para Volvo Penta MD11 \/ MD17 - 877349<\/strong><\/p>\n<p data-start=\"202\" data-end=\"546\">Este kit de termostato de recambio de alta calidad (n\u00famero de pieza 877349) es un recambio directo para los motores diesel marinos Volvo Penta. Est\u00e1 dise\u00f1ado para mantener la temperatura de funcionamiento adecuada del motor y garantizar una gesti\u00f3n t\u00e9rmica eficiente, ayudando a proteger tu motor del sobrecalentamiento. <\/p>\n<p data-start=\"548\" data-end=\"591\"><strong data-start=\"548\" data-end=\"591\">Adecuado para modelos de motor Volvo Penta:<\/strong><\/p>\n<ul data-start=\"593\" data-end=\"658\">\n<li data-start=\"593\" data-end=\"626\">\n<p data-start=\"595\" data-end=\"626\"><strong data-start=\"595\" data-end=\"611\">Serie MD11:<\/strong> MD11C, MD11D<\/p>\n<\/li>\n<li data-start=\"627\" data-end=\"658\">\n<p data-start=\"629\" data-end=\"658\"><strong data-start=\"629\" data-end=\"645\">Serie MD17:<\/strong> MD17C, MD17D<\/p>\n<\/li>\n<\/ul>\n<p data-start=\"660\" data-end=\"718\">???? <strong data-start=\"663\" data-end=\"693\">Sustituye a los n\u00fameros de pieza OEM:<\/strong><br data-start=\"693\" data-end=\"696\">877349, 875784, 838501<\/p>\n<p data-start=\"852\" data-end=\"871\"><strong data-start=\"852\" data-end=\"871\">Especificaciones:<\/strong><\/p>\n<ul data-start=\"873\" data-end=\"969\">\n<li data-start=\"873\" data-end=\"925\">\n<p data-start=\"875\" data-end=\"925\">Temperatura de apertura del termostato: <strong data-start=\"907\" data-end=\"923\">74\u00b0C (165\u00b0F)<\/strong><\/p>\n<\/li>\n<li data-start=\"926\" data-end=\"949\">\n<p data-start=\"928\" data-end=\"949\">Di\u00e1metro: <strong data-start=\"938\" data-end=\"947\">54 mm<\/strong><\/p>\n<\/li>\n<li data-start=\"950\" data-end=\"969\">\n<p data-start=\"952\" data-end=\"969\">Altura: <strong data-start=\"960\" data-end=\"969\">51 mm<\/strong><\/p>\n<\/li>\n<\/ul>\n<hr data-start=\"971\" data-end=\"974\">\n<p data-start=\"976\" data-end=\"993\"><strong data-start=\"976\" data-end=\"993\">Caracter\u00edsticas principales:<\/strong><\/p>\n<ul data-start=\"995\" data-end=\"1225\">\n<li data-start=\"995\" data-end=\"1057\">\n<p data-start=\"997\" data-end=\"1057\">Recambio de calidad para termostato Volvo Penta<\/p>\n<\/li>\n<li data-start=\"1058\" data-end=\"1127\">\n<p data-start=\"1060\" data-end=\"1127\">Adecuado para motores MD11 y MD17 refrigerados por agua dulce\/intercambiador de calor<\/p>\n<\/li>\n<li data-start=\"1128\" data-end=\"1176\">\n<p data-start=\"1130\" data-end=\"1176\">Ayuda a mantener una temperatura de funcionamiento correcta<\/p>\n<\/li>\n<li data-start=\"1177\" data-end=\"1225\">\n<p data-start=\"1179\" data-end=\"1225\">Construcci\u00f3n duradera para entornos marinos<\/p>\n<\/li>\n<\/ul>\n<p data-start=\"1227\" data-end=\"1339\">???? <strong data-start=\"1230\" data-end=\"1248\">Referencia OEM:<\/strong> Volvo Penta 877349 (recambio no original)<br data-start=\"1293\" data-end=\"1296\">???? <strong data-start=\"1299\" data-end=\"1312\">Incluye:<\/strong> Termostato y junta(s)<\/p>\n<hr data-start=\"1341\" data-end=\"1344\">\n<p data-start=\"1346\" data-end=\"1539\"><strong data-start=\"1346\" data-end=\"1367\">Meta Description:<\/strong><br data-start=\"1367\" data-end=\"1370\">Kit Termostato 877349 para Volvo Penta MD11C, MD11D, MD17C, MD17D con refrigeraci\u00f3n por intercambiador de calor. Recambio de calidad no original para OEM 875784 \/ 838501. 74\u00b0C, 54mm x 51mm.<\/p>\n","protected":false},"excerpt":{"rendered":"<p>Kit termostato para Volvo Penta MD11 \/ MD17 - 877349 Este kit de termostato de recambio de alta calidad (n\u00famero de pieza 877349) es un recambio directo para los motores diesel marinos Volvo Penta. Est\u00e1 dise\u00f1ado para mantener la temperatura de funcionamiento adecuada del motor y garantizar una gesti\u00f3n t\u00e9rmica eficiente, ayudando a proteger tu [&hellip;]<\/p>\n","protected":false},"featured_media":27600,"comment_status":"open","ping_status":"closed","template":"","meta":[],"product_brand":[4229],"product_cat":[2497,4525,3295,4302,4365,4368,4304],"product_tag":[],"class_list":{"0":"post-33465","1":"product","2":"type-product","3":"status-publish","4":"has-post-thumbnail","6":"product_brand-volvo-penta","7":"product_cat-piezas-de-mantenimiento-del-motor","8":"product_cat-recambios-volvo-penta","9":"product_cat-termostatos","10":"product_cat-volvo-penta","11":"product_cat-volvo-penta-md11","12":"product_cat-volvo-penta-md17","13":"product_cat-volvo-penta-serie-md","15":"first","16":"instock","17":"taxable","18":"shipping-taxable","19":"purchasable","20":"product-type-simple"},"supplier_id":7294,"supplier_sku":"","barcode":null,"atum_controlled":true,"out_stock_date":null,"out_stock_threshold":null,"inheritable":false,"inbound_stock":0,"stock_on_hold":1,"sold_today":1,"sales_last_days":1,"reserved_stock":0,"customer_returns":0,"warehouse_damage":0,"lost_in_post":0,"other_logs":0,"out_stock_days":0,"lost_sales":0,"has_location":false,"update_date":"2025-10-30T15:50:17","atum_locations":[],"atum_stock_status":"instock","restock_status":false,"low_stock_amount":1,"sales_update_date":null,"calc_backorders":0,"_links":{"self":[{"href":"https:\/\/mps.digital-monkey.in\/es\/wp-json\/wp\/v2\/product\/33465","targetHints":{"allow":["GET"]}}],"collection":[{"href":"https:\/\/mps.digital-monkey.in\/es\/wp-json\/wp\/v2\/product"}],"about":[{"href":"https:\/\/mps.digital-monkey.in\/es\/wp-json\/wp\/v2\/types\/product"}],"replies":[{"embeddable":true,"href":"https:\/\/mps.digital-monkey.in\/es\/wp-json\/wp\/v2\/comments?post=33465"}],"wp:featuredmedia":[{"embeddable":true,"href":"https:\/\/mps.digital-monkey.in\/es\/wp-json\/wp\/v2\/media\/27600"}],"wp:attachment":[{"href":"https:\/\/mps.digital-monkey.in\/es\/wp-json\/wp\/v2\/media?parent=33465"}],"wp:term":[{"taxonomy":"product_brand","embeddable":true,"href":"https:\/\/mps.digital-monkey.in\/es\/wp-json\/wp\/v2\/product_brand?post=33465"},{"taxonomy":"product_cat","embeddable":true,"href":"https:\/\/mps.digital-monkey.in\/es\/wp-json\/wp\/v2\/product_cat?post=33465"},{"taxonomy":"product_tag","embeddable":true,"href":"https:\/\/mps.digital-monkey.in\/es\/wp-json\/wp\/v2\/product_tag?post=33465"}],"curies":[{"name":"wp","href":"https:\/\/api.w.org\/{rel}","templated":true}]}}