{"id":33517,"date":"2025-06-17T13:45:38","date_gmt":"2025-06-17T13:45:38","guid":{"rendered":"https:\/\/mps.digital-monkey.in\/product\/ellebogen-100\/"},"modified":"2025-10-02T10:01:52","modified_gmt":"2025-10-02T10:01:52","slug":"ellebogen-100","status":"publish","type":"product","link":"https:\/\/mps.digital-monkey.in\/es\/producto\/ellebogen-100\/","title":{"rendered":"Bancada motor marino Ellebogen 100 - 128377-08351"},"content":{"rendered":"<p data-start=\"114\" data-end=\"178\"><strong data-start=\"114\" data-end=\"176\">Bancada motor marino Ellebogen 100 - Referencia 128377-08351<\/strong><\/p>\n<p data-start=\"180\" data-end=\"535\">El <strong data-start=\"184\" data-end=\"221\">soporte de motor marino Ellebogen 100<\/strong> (referencia <strong data-start=\"233\" data-end=\"249\">128377-08351<\/strong>) es un soporte de motor vers\u00e1til y de alta calidad, dise\u00f1ado para garantizar un funcionamiento suave y la reducci\u00f3n de las vibraciones en una amplia gama de motores marinos Yanmar. Construido para durar, proporciona un soporte seguro del motor para las posiciones de montaje delantera, trasera y estribor, seg\u00fan el modelo de motor. <\/p>\n<hr data-start=\"537\" data-end=\"540\">\n<h3 data-start=\"542\" data-end=\"586\"><strong data-start=\"546\" data-end=\"586\">Motores compatibles y posiciones de montaje<\/strong><\/h3>\n<ul data-start=\"587\" data-end=\"940\">\n<li data-start=\"587\" data-end=\"717\">\n<p data-start=\"589\" data-end=\"717\"><strong data-start=\"589\" data-end=\"605\">Montaje frontal:<\/strong> 2GM, 2GMF, 3GM, 3GMF, 3GMD, 3GMDF, 2YM15, 3YM20, 3YM30, 3YM30AE, 2GM20, 2GM20B, 2GM20F, 3GM30, 3GM30B, 3GM30F<\/p>\n<\/li>\n<li data-start=\"718\" data-end=\"815\">\n<p data-start=\"720\" data-end=\"815\"><strong data-start=\"720\" data-end=\"740\">Montaje en estribor:<\/strong> 3JH2, 3JH2BE, 3JH2TBE, 3JH2E, 3JH2TE, 3JH3E, 3JH4E, 3JH5E, 3JH5AE, 3JH40<\/p>\n<\/li>\n<li data-start=\"816\" data-end=\"940\">\n<p data-start=\"818\" data-end=\"940\"><strong data-start=\"818\" data-end=\"841\">Montaje delantero y trasero:<\/strong> 2GM20V, 2GM20VE, 2GM20FV, 2GM20FVE, 3GM30V, 3GM30VE, 3GM30FV, 3GM30FVE, 3HM, 3HMF, 3HM35, 3HM35F<\/p>\n<\/li>\n<\/ul>\n<hr data-start=\"942\" data-end=\"945\">\n<h3 data-start=\"947\" data-end=\"979\"><strong data-start=\"951\" data-end=\"979\">Especificaciones t\u00e9cnicas<\/strong><\/h3>\n<ul data-start=\"980\" data-end=\"1186\">\n<li data-start=\"980\" data-end=\"1047\">\n<p data-start=\"982\" data-end=\"1047\"><strong data-start=\"982\" data-end=\"1004\">N\u00fameros de referencia:<\/strong> 124772-08341, 128377-08351, 128377-08350<\/p>\n<\/li>\n<li data-start=\"1048\" data-end=\"1120\">\n<p data-start=\"1050\" data-end=\"1120\"><strong data-start=\"1050\" data-end=\"1070\">Posiciones de montaje:<\/strong> Delantera, trasera o estribor (seg\u00fan el motor)<\/p>\n<\/li>\n<li data-start=\"1121\" data-end=\"1186\">\n<p data-start=\"1123\" data-end=\"1186\"><strong data-start=\"1123\" data-end=\"1136\">Funci\u00f3n:<\/strong> Absorci\u00f3n de vibraciones y fijaci\u00f3n segura del motor<\/p>\n<\/li>\n<\/ul>\n<hr data-start=\"1188\" data-end=\"1191\">\n<h3 data-start=\"1193\" data-end=\"1213\"><strong data-start=\"1197\" data-end=\"1213\">Caracter\u00edsticas principales<\/strong><\/h3>\n<ul data-start=\"1214\" data-end=\"1524\">\n<li data-start=\"1214\" data-end=\"1296\">\n<p data-start=\"1216\" data-end=\"1296\">Construcci\u00f3n de goma de alta calidad para reducir las vibraciones y estabilizar el motor.<\/p>\n<\/li>\n<li data-start=\"1297\" data-end=\"1355\">\n<p data-start=\"1299\" data-end=\"1355\">Dise\u00f1o duradero adecuado para entornos marinos dif\u00edciles.<\/p>\n<\/li>\n<li data-start=\"1356\" data-end=\"1406\">\n<p data-start=\"1358\" data-end=\"1406\">Sustituci\u00f3n directa de los soportes originales Yanmar.<\/p>\n<\/li>\n<li data-start=\"1407\" data-end=\"1472\">\n<p data-start=\"1409\" data-end=\"1472\">Posiciones de montaje vers\u00e1tiles para una amplia gama de motores Yanmar.<\/p>\n<\/li>\n<li data-start=\"1473\" data-end=\"1524\">\n<p data-start=\"1475\" data-end=\"1524\">F\u00e1cil de instalar para mantenimiento o sustituci\u00f3n.<\/p>\n<\/li>\n<\/ul>\n<hr data-start=\"1526\" data-end=\"1529\">\n<p data-start=\"1531\" data-end=\"1729\">Este <strong data-start=\"1536\" data-end=\"1566\">soporte de motor Ellebogen 100<\/strong> es una pieza de recambio esencial para mantener un funcionamiento suave, reducir las vibraciones del motor y garantizar una estabilidad duradera en varios motores marinos Yanmar.<\/p>\n<p data-start=\"1736\" data-end=\"1900\">\n","protected":false},"excerpt":{"rendered":"<p>Bancada motor marino Ellebogen 100 - Referencia 128377-08351 El soporte de motor marino Ellebogen 100 (referencia 128377-08351) es un soporte de motor vers\u00e1til y de alta calidad, dise\u00f1ado para garantizar un funcionamiento suave y la reducci\u00f3n de las vibraciones en una amplia gama de motores marinos Yanmar. Construido para durar, proporciona un soporte seguro del [&hellip;]<\/p>\n","protected":false},"featured_media":38876,"comment_status":"open","ping_status":"closed","template":"","meta":[],"product_brand":[4232,4235],"product_cat":[2871,4567,4450,4451,2518,4448],"product_tag":[],"class_list":{"0":"post-33517","1":"product","2":"type-product","3":"status-publish","4":"has-post-thumbnail","6":"product_brand-ellebogen","7":"product_brand-yanmar","8":"product_cat-bancadas-de-motor","9":"product_cat-bancadas-motor-yanmar","10":"product_cat-piezas-2gm-2gm20","11":"product_cat-piezas-3gm-3gm30","12":"product_cat-piezas-de-motor","13":"product_cat-yanmar","14":"pa_condition-nuevo","15":"pa_model-2gm","16":"pa_model-2gm20","17":"pa_model-2ym15","18":"pa_model-3gm","19":"pa_model-3gm30","20":"pa_model-3hm","21":"pa_model-3hm35","22":"pa_model-3jh2","23":"pa_model-3jh2e","24":"pa_model-3jh3","25":"pa_model-3jh3e","26":"pa_model-3jh4e","27":"pa_model-3jh5e","28":"pa_model-3ym20","29":"pa_model-3ym30","30":"pa_oem-or-aftermarket-posventa","32":"first","33":"instock","34":"taxable","35":"shipping-taxable","36":"purchasable","37":"product-type-simple"},"supplier_id":null,"supplier_sku":"","barcode":null,"atum_controlled":true,"out_stock_date":null,"out_stock_threshold":null,"inheritable":false,"inbound_stock":4,"stock_on_hold":2,"sold_today":0,"sales_last_days":0,"reserved_stock":0,"customer_returns":0,"warehouse_damage":0,"lost_in_post":0,"other_logs":0,"out_stock_days":0,"lost_sales":0,"has_location":false,"update_date":"2026-03-20T13:50:51","atum_locations":[],"atum_stock_status":"instock","restock_status":false,"low_stock_amount":1,"sales_update_date":"2026-03-20T13:50:51","calc_backorders":0,"_links":{"self":[{"href":"https:\/\/mps.digital-monkey.in\/es\/wp-json\/wp\/v2\/product\/33517","targetHints":{"allow":["GET"]}}],"collection":[{"href":"https:\/\/mps.digital-monkey.in\/es\/wp-json\/wp\/v2\/product"}],"about":[{"href":"https:\/\/mps.digital-monkey.in\/es\/wp-json\/wp\/v2\/types\/product"}],"replies":[{"embeddable":true,"href":"https:\/\/mps.digital-monkey.in\/es\/wp-json\/wp\/v2\/comments?post=33517"}],"wp:featuredmedia":[{"embeddable":true,"href":"https:\/\/mps.digital-monkey.in\/es\/wp-json\/wp\/v2\/media\/38876"}],"wp:attachment":[{"href":"https:\/\/mps.digital-monkey.in\/es\/wp-json\/wp\/v2\/media?parent=33517"}],"wp:term":[{"taxonomy":"product_brand","embeddable":true,"href":"https:\/\/mps.digital-monkey.in\/es\/wp-json\/wp\/v2\/product_brand?post=33517"},{"taxonomy":"product_cat","embeddable":true,"href":"https:\/\/mps.digital-monkey.in\/es\/wp-json\/wp\/v2\/product_cat?post=33517"},{"taxonomy":"product_tag","embeddable":true,"href":"https:\/\/mps.digital-monkey.in\/es\/wp-json\/wp\/v2\/product_tag?post=33517"}],"curies":[{"name":"wp","href":"https:\/\/api.w.org\/{rel}","templated":true}]}}