{"id":33534,"date":"2025-06-17T14:21:57","date_gmt":"2025-06-17T14:21:57","guid":{"rendered":"https:\/\/mps.digital-monkey.in\/product\/soporte-motor-ellebogen-50-yanmar-128170-08340-1gm-1gm10\/"},"modified":"2025-11-24T10:13:13","modified_gmt":"2025-11-24T10:13:13","slug":"soporte-motor-ellebogen-50-yanmar-128170-08340-1gm-1gm10","status":"publish","type":"product","link":"https:\/\/mps.digital-monkey.in\/es\/producto\/soporte-motor-ellebogen-50-yanmar-128170-08340-1gm-1gm10\/","title":{"rendered":"Soporte motor Ellebogen 50 (Yanmar 128170-08340 1GM &amp; 1GM10)"},"content":{"rendered":"<p><strong>Soporte motor Ellebogen 50 (Yanmar 1GM &amp; 1GM10)<\/strong><\/p>\n<p>El soporte de motor marino Ellebogen 50 con referencia 128170-08340 se utiliza como soporte trasero en los motores 1GM10.<\/p>\n<ul>\n<li><strong>Indicaci\u00f3n en la goma: <\/strong>50<\/li>\n<li><strong>Carga est\u00e1tica m\u00e1xima: <\/strong>40 kg<\/li>\n<\/ul>\n","protected":false},"excerpt":{"rendered":"<p>Soporte motor Ellebogen 50 (Yanmar 1GM &amp; 1GM10) El soporte de motor marino Ellebogen 50 con referencia 128170-08340 se utiliza como soporte trasero en los motores 1GM10. Indicaci\u00f3n en la goma: 50 Carga est\u00e1tica m\u00e1xima: 40 kg<\/p>\n","protected":false},"featured_media":33535,"comment_status":"open","ping_status":"closed","template":"","meta":[],"product_brand":[4232,4235],"product_cat":[2871,4567,4449,2518,4448],"product_tag":[],"class_list":{"0":"post-33534","1":"product","2":"type-product","3":"status-publish","4":"has-post-thumbnail","6":"product_brand-ellebogen","7":"product_brand-yanmar","8":"product_cat-bancadas-de-motor","9":"product_cat-bancadas-motor-yanmar","10":"product_cat-piezas-1gm-1gm10","11":"product_cat-piezas-de-motor","12":"product_cat-yanmar","13":"pa_condition-nuevo","14":"pa_model-1gm","15":"pa_model-1gm10","16":"pa_model-1gm10c","17":"pa_oem-or-aftermarket-posventa","19":"first","20":"instock","21":"taxable","22":"shipping-taxable","23":"purchasable","24":"product-type-simple"},"supplier_id":7297,"supplier_sku":"","barcode":null,"atum_controlled":true,"out_stock_date":null,"out_stock_threshold":null,"inheritable":false,"inbound_stock":0,"stock_on_hold":0,"sold_today":0,"sales_last_days":0,"reserved_stock":0,"customer_returns":0,"warehouse_damage":0,"lost_in_post":0,"other_logs":0,"out_stock_days":2,"lost_sales":0,"has_location":false,"update_date":"2025-11-24T10:10:05","atum_locations":[],"atum_stock_status":"instock","restock_status":false,"low_stock_amount":"","sales_update_date":null,"calc_backorders":null,"_links":{"self":[{"href":"https:\/\/mps.digital-monkey.in\/es\/wp-json\/wp\/v2\/product\/33534","targetHints":{"allow":["GET"]}}],"collection":[{"href":"https:\/\/mps.digital-monkey.in\/es\/wp-json\/wp\/v2\/product"}],"about":[{"href":"https:\/\/mps.digital-monkey.in\/es\/wp-json\/wp\/v2\/types\/product"}],"replies":[{"embeddable":true,"href":"https:\/\/mps.digital-monkey.in\/es\/wp-json\/wp\/v2\/comments?post=33534"}],"wp:featuredmedia":[{"embeddable":true,"href":"https:\/\/mps.digital-monkey.in\/es\/wp-json\/wp\/v2\/media\/33535"}],"wp:attachment":[{"href":"https:\/\/mps.digital-monkey.in\/es\/wp-json\/wp\/v2\/media?parent=33534"}],"wp:term":[{"taxonomy":"product_brand","embeddable":true,"href":"https:\/\/mps.digital-monkey.in\/es\/wp-json\/wp\/v2\/product_brand?post=33534"},{"taxonomy":"product_cat","embeddable":true,"href":"https:\/\/mps.digital-monkey.in\/es\/wp-json\/wp\/v2\/product_cat?post=33534"},{"taxonomy":"product_tag","embeddable":true,"href":"https:\/\/mps.digital-monkey.in\/es\/wp-json\/wp\/v2\/product_tag?post=33534"}],"curies":[{"name":"wp","href":"https:\/\/api.w.org\/{rel}","templated":true}]}}