{"id":33610,"date":"2025-06-17T13:45:40","date_gmt":"2025-06-17T13:45:40","guid":{"rendered":"https:\/\/mps.digital-monkey.in\/product\/ellebogen-sd-150\/"},"modified":"2025-11-24T10:23:26","modified_gmt":"2025-11-24T10:23:26","slug":"ellebogen-sd-150","status":"publish","type":"product","link":"https:\/\/mps.digital-monkey.in\/es\/product\/ellebogen-sd-150\/","title":{"rendered":"Ellebogen SD 150"},"content":{"rendered":"<h3><strong>Ellebogen SD 150<\/strong><\/h3>\n<p>&nbsp;<\/p>\n<p>El soporte de motor marino Ellebogen SD 150 con referencia 129795-08340 se utiliza como soporte trasero en motores 2GM20 y 2YM15 con sistemas de transmisi\u00f3n Saildrive SD20 o SD25.<\/p>\n<p>&nbsp;<\/p>\n<ul>\n<li><strong>Indicaci\u00f3n en la goma: 150<\/strong><\/li>\n<li><strong>Carga est\u00e1tica m\u00e1xima: 100<\/strong> kg<\/li>\n<\/ul>\n<p><strong><a href=\"https:\/\/www.ellebogen.com\/wp-content\/downloads\/datasheet\/technical-data-sheet-ellebogen-sd-150.pdf\" target=\"_blank\" rel=\"noopener\">\u279c Ficha t\u00e9cnica<\/a><\/strong><\/p>\n<p><strong> <\/strong><\/p>\n<p>SKU: 129795-08340<\/p>\n<p>TAGS: 2GM20 Saildrive, 2YM15 Saildrive<\/p>\n","protected":false},"excerpt":{"rendered":"<p>Ellebogen SD 150 &nbsp; El soporte de motor marino Ellebogen SD 150 con referencia 129795-08340 se utiliza como soporte trasero en motores 2GM20 y 2YM15 con sistemas de transmisi\u00f3n Saildrive SD20 o SD25. &nbsp; Indicaci\u00f3n en la goma: 150 Carga est\u00e1tica m\u00e1xima: 100 kg \u279c Ficha t\u00e9cnica SKU: 129795-08340 TAGS: 2GM20 Saildrive, 2YM15 Saildrive<\/p>\n","protected":false},"featured_media":33611,"comment_status":"open","ping_status":"closed","template":"","meta":[],"product_brand":[4232,4235],"product_cat":[2871,4567,4450,2518,4569,4448],"product_tag":[],"class_list":{"0":"post-33610","1":"product","2":"type-product","3":"status-publish","4":"has-post-thumbnail","6":"product_brand-ellebogen","7":"product_brand-yanmar","8":"product_cat-bancadas-de-motor","9":"product_cat-bancadas-motor-yanmar","10":"product_cat-piezas-2gm-2gm20","11":"product_cat-piezas-de-motor","12":"product_cat-piezas-de-recambio-yanmar-saildrive","13":"product_cat-yanmar","14":"pa_condition-nuevo","15":"pa_model-2gm20","16":"pa_model-2ym15","17":"pa_model-sd20","18":"pa_model-sd25","19":"pa_oem-or-aftermarket-posventa","21":"first","22":"instock","23":"taxable","24":"shipping-taxable","25":"purchasable","26":"product-type-simple"},"supplier_id":null,"supplier_sku":"","barcode":null,"atum_controlled":true,"out_stock_date":null,"out_stock_threshold":null,"inheritable":false,"inbound_stock":0,"stock_on_hold":0,"sold_today":0,"sales_last_days":0,"reserved_stock":0,"customer_returns":0,"warehouse_damage":0,"lost_in_post":0,"other_logs":0,"out_stock_days":0,"lost_sales":0,"has_location":false,"update_date":"2026-03-20T14:05:14","atum_locations":[],"atum_stock_status":"instock","restock_status":false,"low_stock_amount":1,"sales_update_date":"2026-03-20T14:05:14","calc_backorders":0,"_links":{"self":[{"href":"https:\/\/mps.digital-monkey.in\/es\/wp-json\/wp\/v2\/product\/33610","targetHints":{"allow":["GET"]}}],"collection":[{"href":"https:\/\/mps.digital-monkey.in\/es\/wp-json\/wp\/v2\/product"}],"about":[{"href":"https:\/\/mps.digital-monkey.in\/es\/wp-json\/wp\/v2\/types\/product"}],"replies":[{"embeddable":true,"href":"https:\/\/mps.digital-monkey.in\/es\/wp-json\/wp\/v2\/comments?post=33610"}],"wp:featuredmedia":[{"embeddable":true,"href":"https:\/\/mps.digital-monkey.in\/es\/wp-json\/wp\/v2\/media\/33611"}],"wp:attachment":[{"href":"https:\/\/mps.digital-monkey.in\/es\/wp-json\/wp\/v2\/media?parent=33610"}],"wp:term":[{"taxonomy":"product_brand","embeddable":true,"href":"https:\/\/mps.digital-monkey.in\/es\/wp-json\/wp\/v2\/product_brand?post=33610"},{"taxonomy":"product_cat","embeddable":true,"href":"https:\/\/mps.digital-monkey.in\/es\/wp-json\/wp\/v2\/product_cat?post=33610"},{"taxonomy":"product_tag","embeddable":true,"href":"https:\/\/mps.digital-monkey.in\/es\/wp-json\/wp\/v2\/product_tag?post=33610"}],"curies":[{"name":"wp","href":"https:\/\/api.w.org\/{rel}","templated":true}]}}