{"id":33666,"date":"2025-06-17T13:46:04","date_gmt":"2025-06-17T13:46:04","guid":{"rendered":"https:\/\/mps.digital-monkey.in\/product\/ellebogen-sd-430\/"},"modified":"2025-11-24T10:23:31","modified_gmt":"2025-11-24T10:23:31","slug":"ellebogen-sd-430","status":"publish","type":"product","link":"https:\/\/mps.digital-monkey.in\/es\/product\/ellebogen-sd-430\/","title":{"rendered":"Ellebogen SD 430"},"content":{"rendered":"<h3><strong>Ellebogen SD 430<\/strong><\/h3>\n<p>&nbsp;<\/p>\n<p>El soporte de motor marino Ellebogen SD 430 con referencia 196440-02380 se utiliza como soporte trasero en motores 4JH3E, 4JH3TE, 4JH4E, 4JH4AE y 4JH4TE con sistemas de transmisi\u00f3n Saildrive SD40 o SD50.<\/p>\n<p>&nbsp;<\/p>\n<ul>\n<li><strong>Indicaci\u00f3n en la goma: 430<\/strong><\/li>\n<li><strong>Carga est\u00e1tica m\u00e1xima: 175<\/strong> kg<\/li>\n<\/ul>\n<p>&nbsp;<\/p>\n","protected":false},"excerpt":{"rendered":"<p>Ellebogen SD 430 &nbsp; El soporte de motor marino Ellebogen SD 430 con referencia 196440-02380 se utiliza como soporte trasero en motores 4JH3E, 4JH3TE, 4JH4E, 4JH4AE y 4JH4TE con sistemas de transmisi\u00f3n Saildrive SD40 o SD50. &nbsp; Indicaci\u00f3n en la goma: 430 Carga est\u00e1tica m\u00e1xima: 175 kg &nbsp;<\/p>\n","protected":false},"featured_media":33668,"comment_status":"open","ping_status":"closed","template":"","meta":[],"product_brand":[4232,4235],"product_cat":[2871,4567,2518,4569],"product_tag":[],"class_list":{"0":"post-33666","1":"product","2":"type-product","3":"status-publish","4":"has-post-thumbnail","6":"product_brand-ellebogen","7":"product_brand-yanmar","8":"product_cat-bancadas-de-motor","9":"product_cat-bancadas-motor-yanmar","10":"product_cat-piezas-de-motor","11":"product_cat-piezas-de-recambio-yanmar-saildrive","12":"pa_condition-nuevo","13":"pa_model-4jh3","14":"pa_model-4jh3-e","15":"pa_model-4jh4","16":"pa_model-4jh4-ae","17":"pa_model-4jh4-e","18":"pa_model-4jh4-te","19":"pa_model-sd40","20":"pa_model-sd50","21":"pa_oem-or-aftermarket-posventa","23":"first","24":"instock","25":"taxable","26":"shipping-taxable","27":"purchasable","28":"product-type-simple"},"supplier_id":null,"supplier_sku":"","barcode":null,"atum_controlled":true,"out_stock_date":null,"out_stock_threshold":null,"inheritable":false,"inbound_stock":0,"stock_on_hold":0,"sold_today":0,"sales_last_days":0,"reserved_stock":0,"customer_returns":0,"warehouse_damage":0,"lost_in_post":0,"other_logs":0,"out_stock_days":0,"lost_sales":0,"has_location":false,"update_date":"2026-03-20T14:05:14","atum_locations":[],"atum_stock_status":"instock","restock_status":false,"low_stock_amount":1,"sales_update_date":"2026-03-20T14:05:14","calc_backorders":0,"_links":{"self":[{"href":"https:\/\/mps.digital-monkey.in\/es\/wp-json\/wp\/v2\/product\/33666","targetHints":{"allow":["GET"]}}],"collection":[{"href":"https:\/\/mps.digital-monkey.in\/es\/wp-json\/wp\/v2\/product"}],"about":[{"href":"https:\/\/mps.digital-monkey.in\/es\/wp-json\/wp\/v2\/types\/product"}],"replies":[{"embeddable":true,"href":"https:\/\/mps.digital-monkey.in\/es\/wp-json\/wp\/v2\/comments?post=33666"}],"wp:featuredmedia":[{"embeddable":true,"href":"https:\/\/mps.digital-monkey.in\/es\/wp-json\/wp\/v2\/media\/33668"}],"wp:attachment":[{"href":"https:\/\/mps.digital-monkey.in\/es\/wp-json\/wp\/v2\/media?parent=33666"}],"wp:term":[{"taxonomy":"product_brand","embeddable":true,"href":"https:\/\/mps.digital-monkey.in\/es\/wp-json\/wp\/v2\/product_brand?post=33666"},{"taxonomy":"product_cat","embeddable":true,"href":"https:\/\/mps.digital-monkey.in\/es\/wp-json\/wp\/v2\/product_cat?post=33666"},{"taxonomy":"product_tag","embeddable":true,"href":"https:\/\/mps.digital-monkey.in\/es\/wp-json\/wp\/v2\/product_tag?post=33666"}],"curies":[{"name":"wp","href":"https:\/\/api.w.org\/{rel}","templated":true}]}}