{"id":33677,"date":"2025-06-17T13:46:04","date_gmt":"2025-06-17T13:46:04","guid":{"rendered":"https:\/\/mps.digital-monkey.in\/product\/ellebogen-sd-230\/"},"modified":"2025-11-24T10:23:55","modified_gmt":"2025-11-24T10:23:55","slug":"ellebogen-sd-230","status":"publish","type":"product","link":"https:\/\/mps.digital-monkey.in\/es\/product\/ellebogen-sd-230\/","title":{"rendered":"Ellebogen SD 230"},"content":{"rendered":"<h3><strong>Ellebogen SD 230<\/strong><\/h3>\n<p>&nbsp;<\/p>\n<p>El soporte de motor marino Ellebogen SD 230 con referencia 196420-02310 se utiliza como soporte trasero en motores 3YM20, 3YM30, 3GM30 y 3HM35 con sistemas de transmisi\u00f3n Saildrive SD20, SD25 o SD30.<\/p>\n<p>&nbsp;<\/p>\n<ul>\n<li><strong>Indicaci\u00f3n en la goma: <\/strong>230<\/li>\n<li><strong>Carga est\u00e1tica m\u00e1xima: 150<\/strong> kg<\/li>\n<\/ul>\n<p>TAGS: Saildrive 3GM30, Saildrive 3HM35, Saildrive 3JH2E, Saildrive 3JH2TE, Saildrive 3JH3E, Saildrive 3JH4E, Saildrive 3JH5AE, Saildrive 3JH5E, Saildrive 3YM20, Saildrive 3YM30, Saildrive 3YM30AE<\/p>\n","protected":false},"excerpt":{"rendered":"<p>Ellebogen SD 230 &nbsp; El soporte de motor marino Ellebogen SD 230 con referencia 196420-02310 se utiliza como soporte trasero en motores 3YM20, 3YM30, 3GM30 y 3HM35 con sistemas de transmisi\u00f3n Saildrive SD20, SD25 o SD30. &nbsp; Indicaci\u00f3n en la goma: 230 Carga est\u00e1tica m\u00e1xima: 150 kg TAGS: Saildrive 3GM30, Saildrive 3HM35, Saildrive 3JH2E, Saildrive [&hellip;]<\/p>\n","protected":false},"featured_media":33678,"comment_status":"open","ping_status":"closed","template":"","meta":[],"product_brand":[4232,4235],"product_cat":[2871,4567,4451,2518,4569,4448],"product_tag":[],"class_list":{"0":"post-33677","1":"product","2":"type-product","3":"status-publish","4":"has-post-thumbnail","6":"product_brand-ellebogen","7":"product_brand-yanmar","8":"product_cat-bancadas-de-motor","9":"product_cat-bancadas-motor-yanmar","10":"product_cat-piezas-3gm-3gm30","11":"product_cat-piezas-de-motor","12":"product_cat-piezas-de-recambio-yanmar-saildrive","13":"product_cat-yanmar","14":"pa_condition-nuevo","15":"pa_model-3gm30","16":"pa_model-3hm35","17":"pa_model-3jh2e","18":"pa_model-3jh3e","19":"pa_model-3jh4e","20":"pa_model-3jh5e","21":"pa_model-3ym20","22":"pa_model-3ym30","23":"pa_model-sd20","24":"pa_model-sd25","25":"pa_model-sd30","26":"pa_oem-or-aftermarket-posventa","28":"first","29":"instock","30":"taxable","31":"shipping-taxable","32":"purchasable","33":"product-type-simple"},"supplier_id":null,"supplier_sku":"","barcode":null,"atum_controlled":true,"out_stock_date":null,"out_stock_threshold":null,"inheritable":false,"inbound_stock":0,"stock_on_hold":0,"sold_today":0,"sales_last_days":0,"reserved_stock":0,"customer_returns":0,"warehouse_damage":0,"lost_in_post":0,"other_logs":0,"out_stock_days":0,"lost_sales":0,"has_location":false,"update_date":"2026-03-20T14:05:13","atum_locations":[],"atum_stock_status":"instock","restock_status":false,"low_stock_amount":1,"sales_update_date":"2026-03-20T14:05:13","calc_backorders":0,"_links":{"self":[{"href":"https:\/\/mps.digital-monkey.in\/es\/wp-json\/wp\/v2\/product\/33677","targetHints":{"allow":["GET"]}}],"collection":[{"href":"https:\/\/mps.digital-monkey.in\/es\/wp-json\/wp\/v2\/product"}],"about":[{"href":"https:\/\/mps.digital-monkey.in\/es\/wp-json\/wp\/v2\/types\/product"}],"replies":[{"embeddable":true,"href":"https:\/\/mps.digital-monkey.in\/es\/wp-json\/wp\/v2\/comments?post=33677"}],"wp:featuredmedia":[{"embeddable":true,"href":"https:\/\/mps.digital-monkey.in\/es\/wp-json\/wp\/v2\/media\/33678"}],"wp:attachment":[{"href":"https:\/\/mps.digital-monkey.in\/es\/wp-json\/wp\/v2\/media?parent=33677"}],"wp:term":[{"taxonomy":"product_brand","embeddable":true,"href":"https:\/\/mps.digital-monkey.in\/es\/wp-json\/wp\/v2\/product_brand?post=33677"},{"taxonomy":"product_cat","embeddable":true,"href":"https:\/\/mps.digital-monkey.in\/es\/wp-json\/wp\/v2\/product_cat?post=33677"},{"taxonomy":"product_tag","embeddable":true,"href":"https:\/\/mps.digital-monkey.in\/es\/wp-json\/wp\/v2\/product_tag?post=33677"}],"curies":[{"name":"wp","href":"https:\/\/api.w.org\/{rel}","templated":true}]}}