{"id":33700,"date":"2025-06-17T13:46:06","date_gmt":"2025-06-17T13:46:06","guid":{"rendered":"https:\/\/mps.digital-monkey.in\/product\/termostato-volvo-penta-20460312\/"},"modified":"2026-03-20T14:14:44","modified_gmt":"2026-03-20T14:14:44","slug":"termostato-volvo-penta-20460312","status":"publish","type":"product","link":"https:\/\/mps.digital-monkey.in\/es\/product\/termostato-volvo-penta-20460312\/","title":{"rendered":"Termostato Volvo Penta 20460312"},"content":{"rendered":"<p data-start=\"81\" data-end=\"133\"><strong data-start=\"81\" data-end=\"133\">Termostato para Volvo Penta Serie TAD &#8211; 20460312<\/strong><\/p>\n<p data-start=\"135\" data-end=\"382\">Este <strong data-start=\"140\" data-end=\"193\">termostato OEM Volvo Penta (n\u00famero de pieza 20460312)<\/strong> est\u00e1 dise\u00f1ado para una gama de motores diesel industriales de alto rendimiento de la serie TAD. Garantiza una regulaci\u00f3n precisa de la temperatura y un rendimiento \u00f3ptimo del motor en entornos exigentes. <\/p>\n<p data-start=\"384\" data-end=\"427\"><strong data-start=\"384\" data-end=\"427\">Adecuado para modelos de motor Volvo Penta:<\/strong><\/p>\n<ul data-start=\"429\" data-end=\"660\">\n<li data-start=\"429\" data-end=\"456\">\n<p data-start=\"431\" data-end=\"456\"><strong data-start=\"431\" data-end=\"454\">TAD520GE \/ TAD520VE<\/strong><\/p>\n<\/li>\n<li data-start=\"457\" data-end=\"484\">\n<p data-start=\"459\" data-end=\"484\"><strong data-start=\"459\" data-end=\"482\">TAD550GE \/ TAD551GE<\/strong><\/p>\n<\/li>\n<li data-start=\"485\" data-end=\"512\">\n<p data-start=\"487\" data-end=\"512\"><strong data-start=\"487\" data-end=\"510\">TAD720GE \/ TAD720VE<\/strong><\/p>\n<\/li>\n<li data-start=\"513\" data-end=\"540\">\n<p data-start=\"515\" data-end=\"540\"><strong data-start=\"515\" data-end=\"538\">TAD721GE \/ TAD721VE<\/strong><\/p>\n<\/li>\n<li data-start=\"541\" data-end=\"568\">\n<p data-start=\"543\" data-end=\"568\"><strong data-start=\"543\" data-end=\"566\">TAD722GE \/ TAD722VE<\/strong><\/p>\n<\/li>\n<li data-start=\"569\" data-end=\"606\">\n<p data-start=\"571\" data-end=\"606\"><strong data-start=\"571\" data-end=\"604\">TAD732GE EDC4 \/ TAD733GE EDC4<\/strong><\/p>\n<\/li>\n<li data-start=\"607\" data-end=\"645\">\n<p data-start=\"609\" data-end=\"645\"><strong data-start=\"609\" data-end=\"643\">TAD750GE \/ TAD750VE \/ TAD751GE<\/strong><\/p>\n<\/li>\n<li data-start=\"646\" data-end=\"660\">\n<p data-start=\"648\" data-end=\"660\"><strong data-start=\"648\" data-end=\"660\">TAD760VE<\/strong><\/p>\n<\/li>\n<\/ul>\n<hr data-start=\"662\" data-end=\"665\">\n<p data-start=\"667\" data-end=\"684\"><strong data-start=\"667\" data-end=\"684\">Caracter\u00edsticas principales:<\/strong><\/p>\n<ul data-start=\"686\" data-end=\"879\">\n<li data-start=\"686\" data-end=\"723\">\n<p data-start=\"688\" data-end=\"723\">Pieza original Volvo Penta 20460312<\/p>\n<\/li>\n<li data-start=\"724\" data-end=\"771\">\n<p data-start=\"726\" data-end=\"771\">Proporciona un control preciso de la temperatura del motor<\/p>\n<\/li>\n<li data-start=\"772\" data-end=\"836\">\n<p data-start=\"774\" data-end=\"836\">Garantiza un funcionamiento eficaz y protege contra el sobrecalentamiento<\/p>\n<\/li>\n<li data-start=\"837\" data-end=\"879\">\n<p data-start=\"839\" data-end=\"879\">Fabricado para ofrecer fiabilidad industrial<\/p>\n<\/li>\n<\/ul>\n<p data-start=\"881\" data-end=\"1007\">???? <strong data-start=\"884\" data-end=\"900\">N\u00famero de pieza:<\/strong> 20460312<br data-start=\"909\" data-end=\"912\">????\ufe0f <strong data-start=\"916\" data-end=\"925\">Tipo:<\/strong> Termostato original OEM Volvo Penta<br data-start=\"960\" data-end=\"963\">???? <strong data-start=\"966\" data-end=\"979\">Incluye:<\/strong> Unidad de termostato (sin junta)<\/p>\n<hr data-start=\"1009\" data-end=\"1012\">\n<p data-start=\"1014\" data-end=\"1181\"><strong data-start=\"1014\" data-end=\"1035\">Meta Descripci\u00f3n:<\/strong><\/p>\n","protected":false},"excerpt":{"rendered":"<p>Termostato para Volvo Penta Serie TAD &#8211; 20460312 Este termostato OEM Volvo Penta (n\u00famero de pieza 20460312) est\u00e1 dise\u00f1ado para una gama de motores diesel industriales de alto rendimiento de la serie TAD. Garantiza una regulaci\u00f3n precisa de la temperatura y un rendimiento \u00f3ptimo del motor en entornos exigentes. Adecuado para modelos de motor Volvo [&hellip;]<\/p>\n","protected":false},"featured_media":33701,"comment_status":"open","ping_status":"closed","template":"","meta":[],"product_brand":[4229],"product_cat":[2497,4525,3295],"product_tag":[],"class_list":{"0":"post-33700","1":"product","2":"type-product","3":"status-publish","4":"has-post-thumbnail","6":"product_brand-volvo-penta","7":"product_cat-piezas-de-mantenimiento-del-motor","8":"product_cat-recambios-volvo-penta","9":"product_cat-termostatos","11":"first","12":"onbackorder","13":"sale","14":"taxable","15":"shipping-taxable","16":"purchasable","17":"product-type-simple"},"supplier_id":32142,"supplier_sku":"","barcode":null,"atum_controlled":true,"out_stock_date":"2025-11-21 12:56:47","out_stock_threshold":null,"inheritable":false,"inbound_stock":0,"stock_on_hold":0,"sold_today":0,"sales_last_days":0,"reserved_stock":0,"customer_returns":0,"warehouse_damage":0,"lost_in_post":0,"other_logs":0,"out_stock_days":119,"lost_sales":0,"has_location":false,"update_date":"2026-03-20T14:16:07","atum_locations":[],"atum_stock_status":"onbackorder","restock_status":false,"low_stock_amount":"","sales_update_date":"2026-03-20T14:05:13","calc_backorders":0,"_links":{"self":[{"href":"https:\/\/mps.digital-monkey.in\/es\/wp-json\/wp\/v2\/product\/33700","targetHints":{"allow":["GET"]}}],"collection":[{"href":"https:\/\/mps.digital-monkey.in\/es\/wp-json\/wp\/v2\/product"}],"about":[{"href":"https:\/\/mps.digital-monkey.in\/es\/wp-json\/wp\/v2\/types\/product"}],"replies":[{"embeddable":true,"href":"https:\/\/mps.digital-monkey.in\/es\/wp-json\/wp\/v2\/comments?post=33700"}],"wp:featuredmedia":[{"embeddable":true,"href":"https:\/\/mps.digital-monkey.in\/es\/wp-json\/wp\/v2\/media\/33701"}],"wp:attachment":[{"href":"https:\/\/mps.digital-monkey.in\/es\/wp-json\/wp\/v2\/media?parent=33700"}],"wp:term":[{"taxonomy":"product_brand","embeddable":true,"href":"https:\/\/mps.digital-monkey.in\/es\/wp-json\/wp\/v2\/product_brand?post=33700"},{"taxonomy":"product_cat","embeddable":true,"href":"https:\/\/mps.digital-monkey.in\/es\/wp-json\/wp\/v2\/product_cat?post=33700"},{"taxonomy":"product_tag","embeddable":true,"href":"https:\/\/mps.digital-monkey.in\/es\/wp-json\/wp\/v2\/product_tag?post=33700"}],"curies":[{"name":"wp","href":"https:\/\/api.w.org\/{rel}","templated":true}]}}