{"id":33718,"date":"2025-06-17T13:46:07","date_gmt":"2025-06-17T13:46:07","guid":{"rendered":"https:\/\/mps.digital-monkey.in\/product\/volvo-penta-servicekit-d3-a-c-21105842\/"},"modified":"2026-03-20T14:14:56","modified_gmt":"2026-03-20T14:14:56","slug":"volvo-penta-servicekit-d3-a-c-21105842","status":"publish","type":"product","link":"https:\/\/mps.digital-monkey.in\/es\/product\/volvo-penta-servicekit-d3-a-c-21105842\/","title":{"rendered":"Volvo Penta Servicekit D3 A-C 21105842"},"content":{"rendered":"<p data-start=\"475\" data-end=\"520\"><strong data-start=\"475\" data-end=\"518\">Kit de servicio Volvo Penta &#8211; Serie D3 A-C<\/strong><\/p>\n<p data-start=\"522\" data-end=\"654\">Mant\u00e9n tu motor Volvo Penta D3 con este completo kit de mantenimiento, dise\u00f1ado para motores D3 A-C, incluidas m\u00faltiples variantes:<\/p>\n<p data-start=\"656\" data-end=\"688\"><strong data-start=\"656\" data-end=\"686\">Se adapta a los siguientes modelos:<\/strong><\/p>\n<ul data-start=\"689\" data-end=\"929\">\n<li data-start=\"689\" data-end=\"724\">\n<p data-start=\"691\" data-end=\"724\">D3-110I-A, D3-110I-B, D3-110I-C<\/p>\n<\/li>\n<li data-start=\"725\" data-end=\"760\">\n<p data-start=\"727\" data-end=\"760\">D3-130A-A, D3-130A-B, D3-130A-C<\/p>\n<\/li>\n<li data-start=\"761\" data-end=\"796\">\n<p data-start=\"763\" data-end=\"796\">D3-130I-A, D3-130I-B, D3-130I-C<\/p>\n<\/li>\n<li data-start=\"797\" data-end=\"832\">\n<p data-start=\"799\" data-end=\"832\">D3-160A-A, D3-160A-B, D3-160A-C<\/p>\n<\/li>\n<li data-start=\"833\" data-end=\"868\">\n<p data-start=\"835\" data-end=\"868\">D3-160I-A, D3-160I-B, D3-160I-C<\/p>\n<\/li>\n<li data-start=\"869\" data-end=\"893\">\n<p data-start=\"871\" data-end=\"893\">D3-190A-B, D3-190A-C<\/p>\n<\/li>\n<li data-start=\"894\" data-end=\"929\">\n<p data-start=\"896\" data-end=\"929\">D3-190I-A, D3-190I-B, D3-190I-C<\/p>\n<\/li>\n<\/ul>\n<p data-start=\"931\" data-end=\"950\"><strong data-start=\"931\" data-end=\"948\">El kit incluye:<\/strong><\/p>\n<ul data-start=\"951\" data-end=\"1188\">\n<li data-start=\"951\" data-end=\"1023\">\n<p data-start=\"953\" data-end=\"1023\"><strong data-start=\"953\" data-end=\"968\">Filtro de aceite:<\/strong> 8692305 &#8211; Protege tu motor manteniendo el aceite limpio.<\/p>\n<\/li>\n<li data-start=\"1024\" data-end=\"1107\">\n<p data-start=\"1026\" data-end=\"1107\"><strong data-start=\"1026\" data-end=\"1042\">Filtro de combustible:<\/strong> 31261191 &#8211; Garantiza un combustible libre de contaminantes para un funcionamiento suave.<\/p>\n<\/li>\n<li data-start=\"1108\" data-end=\"1188\">\n<p data-start=\"1110\" data-end=\"1188\"><strong data-start=\"1110\" data-end=\"1123\">Impeller:<\/strong> 21951352 &#8211; Mantiene un caudal de agua adecuado para evitar el sobrecalentamiento.<\/p>\n<\/li>\n<\/ul>\n<p data-start=\"1190\" data-end=\"1318\">Ideal para el <strong data-start=\"1200\" data-end=\"1245\">mantenimiento profesional o el bricolaje<\/strong>, este kit proporciona todos los componentes esenciales en un c\u00f3modo paquete.<\/p>\n","protected":false},"excerpt":{"rendered":"<p>Kit de servicio Volvo Penta &#8211; Serie D3 A-C Mant\u00e9n tu motor Volvo Penta D3 con este completo kit de mantenimiento, dise\u00f1ado para motores D3 A-C, incluidas m\u00faltiples variantes: Se adapta a los siguientes modelos: D3-110I-A, D3-110I-B, D3-110I-C D3-130A-A, D3-130A-B, D3-130A-C D3-130I-A, D3-130I-B, D3-130I-C D3-160A-A, D3-160A-B, D3-160A-C D3-160I-A, D3-160I-B, D3-160I-C D3-190A-B, D3-190A-C D3-190I-A, D3-190I-B, D3-190I-C [&hellip;]<\/p>\n","protected":false},"featured_media":24288,"comment_status":"open","ping_status":"closed","template":"","meta":[],"product_brand":[4229],"product_cat":[3201,4478,2497,4525,4302],"product_tag":[],"class_list":{"0":"post-33718","1":"product","2":"type-product","3":"status-publish","4":"has-post-thumbnail","6":"product_brand-volvo-penta","7":"product_cat-kits-de-servicio","8":"product_cat-kits-de-servicio-volvo-penta","9":"product_cat-piezas-de-mantenimiento-del-motor","10":"product_cat-recambios-volvo-penta","11":"product_cat-volvo-penta","12":"pa_condition-nuevo","13":"pa_model-d3-110","14":"pa_model-d3-130","15":"pa_model-d3-160","16":"pa_model-d3-190","17":"pa_oem-or-aftermarket-oem","19":"first","20":"onbackorder","21":"sale","22":"taxable","23":"shipping-taxable","24":"purchasable","25":"product-type-simple"},"supplier_id":32142,"supplier_sku":"21105842","barcode":null,"atum_controlled":true,"out_stock_date":"2025-11-21 12:56:43","out_stock_threshold":null,"inheritable":false,"inbound_stock":0,"stock_on_hold":0,"sold_today":0,"sales_last_days":0,"reserved_stock":0,"customer_returns":0,"warehouse_damage":0,"lost_in_post":0,"other_logs":0,"out_stock_days":119,"lost_sales":0,"has_location":false,"update_date":"2026-03-20T14:16:07","atum_locations":[],"atum_stock_status":"onbackorder","restock_status":false,"low_stock_amount":"","sales_update_date":"2026-03-20T14:05:13","calc_backorders":0,"_links":{"self":[{"href":"https:\/\/mps.digital-monkey.in\/es\/wp-json\/wp\/v2\/product\/33718","targetHints":{"allow":["GET"]}}],"collection":[{"href":"https:\/\/mps.digital-monkey.in\/es\/wp-json\/wp\/v2\/product"}],"about":[{"href":"https:\/\/mps.digital-monkey.in\/es\/wp-json\/wp\/v2\/types\/product"}],"replies":[{"embeddable":true,"href":"https:\/\/mps.digital-monkey.in\/es\/wp-json\/wp\/v2\/comments?post=33718"}],"wp:featuredmedia":[{"embeddable":true,"href":"https:\/\/mps.digital-monkey.in\/es\/wp-json\/wp\/v2\/media\/24288"}],"wp:attachment":[{"href":"https:\/\/mps.digital-monkey.in\/es\/wp-json\/wp\/v2\/media?parent=33718"}],"wp:term":[{"taxonomy":"product_brand","embeddable":true,"href":"https:\/\/mps.digital-monkey.in\/es\/wp-json\/wp\/v2\/product_brand?post=33718"},{"taxonomy":"product_cat","embeddable":true,"href":"https:\/\/mps.digital-monkey.in\/es\/wp-json\/wp\/v2\/product_cat?post=33718"},{"taxonomy":"product_tag","embeddable":true,"href":"https:\/\/mps.digital-monkey.in\/es\/wp-json\/wp\/v2\/product_tag?post=33718"}],"curies":[{"name":"wp","href":"https:\/\/api.w.org\/{rel}","templated":true}]}}