{"id":33914,"date":"2025-06-17T13:47:02","date_gmt":"2025-06-17T13:47:02","guid":{"rendered":"https:\/\/mps.digital-monkey.in\/product\/motor-de-arranque-volvo-penta-d2-d2-55-d2-75-21323043\/"},"modified":"2026-03-20T14:26:43","modified_gmt":"2026-03-20T14:26:43","slug":"motor-de-arranque-volvo-penta-d2-d2-55-d2-75-21323043","status":"publish","type":"product","link":"https:\/\/mps.digital-monkey.in\/es\/product\/motor-de-arranque-volvo-penta-d2-d2-55-d2-75-21323043\/","title":{"rendered":"Motor de arranque Volvo Penta D2, D2-55, D2-75 &#8211; 21323043 Recambio | 12V 2.0kW Motor de arranque"},"content":{"rendered":"<p data-start=\"622\" data-end=\"962\">El <strong data-start=\"626\" data-end=\"679\">motor de arranque Volvo Penta D2 D2-55 D2-75 21323043<\/strong> es un recambio OEM de alta calidad dise\u00f1ado para ofrecer un rendimiento fiable a los motores diesel marinos Volvo Penta. Fabricado para ser resistente, eficiente y duradero, este motor de arranque de 12 V y 2,0 kW garantiza un arranque suave y potente del motor de tu embarcaci\u00f3n en todo momento. <\/p>\n<p data-start=\"964\" data-end=\"1293\">Este <strong data-start=\"969\" data-end=\"1022\">motor de arranque Volvo Penta D2 D2-55 D2-75 21323043<\/strong> est\u00e1 fabricado con materiales de alta calidad para resistir la corrosi\u00f3n, las vibraciones y la exposici\u00f3n al agua salada, lo que lo hace perfecto para entornos marinos exigentes. Su dise\u00f1o de ajuste directo permite una instalaci\u00f3n sencilla sin necesidad de modificaciones, ahorr\u00e1ndote tiempo y esfuerzo. <\/p>\n<p data-start=\"1295\" data-end=\"1325\"><strong data-start=\"1295\" data-end=\"1323\">Especificaciones t\u00e9cnicas<\/strong><\/p>\n<ul data-start=\"1326\" data-end=\"1578\">\n<li data-start=\"1326\" data-end=\"1355\">\n<p data-start=\"1328\" data-end=\"1355\">N\u00famero de pieza OEM: 21323043<\/p>\n<\/li>\n<li data-start=\"1356\" data-end=\"1387\">\n<p data-start=\"1358\" data-end=\"1387\">Potencia del motor de arranque: 2,0 kW<\/p>\n<\/li>\n<li data-start=\"1388\" data-end=\"1408\">\n<p data-start=\"1390\" data-end=\"1408\">Tensi\u00f3n: 12 voltios<\/p>\n<\/li>\n<li data-start=\"1409\" data-end=\"1431\">\n<p data-start=\"1411\" data-end=\"1431\">N\u00famero de dientes: 9<\/p>\n<\/li>\n<li data-start=\"1432\" data-end=\"1465\">\n<p data-start=\"1434\" data-end=\"1465\">Sentido de giro: En el sentido de las agujas del reloj<\/p>\n<\/li>\n<li data-start=\"1466\" data-end=\"1497\">\n<p data-start=\"1468\" data-end=\"1497\">N\u00famero de orificios de montaje: 2<\/p>\n<\/li>\n<li data-start=\"1498\" data-end=\"1526\">\n<p data-start=\"1500\" data-end=\"1526\">Di\u00e1metro de la brida: 73,8 mm<\/p>\n<\/li>\n<li data-start=\"1527\" data-end=\"1553\">\n<p data-start=\"1529\" data-end=\"1553\">Tipo de terminal: B+ (M8)<\/p>\n<\/li>\n<li data-start=\"1554\" data-end=\"1578\">\n<p data-start=\"1556\" data-end=\"1578\">\u00c1ngulo de montaje: +70\u00b0<\/p>\n<\/li>\n<\/ul>\n<p data-start=\"1580\" data-end=\"1835\">Cada componente de este motor de arranque est\u00e1 dise\u00f1ado con precisi\u00f3n para cumplir o superar las normas de fabricaci\u00f3n originales de Volvo Penta. Con un par optimizado y una transferencia de energ\u00eda eficaz, garantiza una potencia de arranque constante incluso en condiciones de carga pesada. <\/p>\n<p data-start=\"1837\" data-end=\"1937\"><strong data-start=\"1837\" data-end=\"1865\">Modelos de motor compatibles<\/strong><br data-start=\"1865\" data-end=\"1868\">Este motor de arranque se adapta a una serie de motores Volvo Penta y Perkins:<\/p>\n<p data-start=\"1939\" data-end=\"1985\"><strong data-start=\"1939\" data-end=\"1962\">Motores Volvo Penta<\/strong><br data-start=\"1962\" data-end=\"1965\">D2<br data-start=\"1967\" data-end=\"1970\">D2-55<br data-start=\"1975\" data-end=\"1978\">D2-75<\/p>\n<p data-start=\"1987\" data-end=\"2111\"><strong data-start=\"1987\" data-end=\"2015\">Referencias cruzadas Perkins<\/strong><br data-start=\"2015\" data-end=\"2018\">3R 403C-07<br data-start=\"2028\" data-end=\"2031\">3R 403C-10<br data-start=\"2041\" data-end=\"2044\">3R 403C-11<br data-start=\"2054\" data-end=\"2057\">3R 403C-15<br data-start=\"2067\" data-end=\"2070\">4R 404C-20<br data-start=\"2080\" data-end=\"2083\">4R 404C-22<br data-start=\"2093\" data-end=\"2096\">4R44 404C-22T<\/p>\n<p data-start=\"2113\" data-end=\"2142\"><strong data-start=\"2113\" data-end=\"2140\">Caracter\u00edsticas y ventajas principales<\/strong><\/p>\n<ul data-start=\"2143\" data-end=\"2538\">\n<li data-start=\"2143\" data-end=\"2200\">\n<p data-start=\"2145\" data-end=\"2200\">Construcci\u00f3n de calidad OEM para un ajuste y funcionamiento perfectos<\/p>\n<\/li>\n<li data-start=\"2201\" data-end=\"2249\">\n<p data-start=\"2203\" data-end=\"2249\">Potencia de 2,0 kW para arranques fiables en fr\u00edo y en caliente<\/p>\n<\/li>\n<li data-start=\"2250\" data-end=\"2302\">\n<p data-start=\"2252\" data-end=\"2302\">Dise\u00f1o resistente a la corrosi\u00f3n para condiciones marinas<\/p>\n<\/li>\n<li data-start=\"2303\" data-end=\"2363\">\n<p data-start=\"2305\" data-end=\"2363\">Funcionamiento suave y silencioso con alineaci\u00f3n de engranajes de precisi\u00f3n<\/p>\n<\/li>\n<li data-start=\"2364\" data-end=\"2412\">\n<p data-start=\"2366\" data-end=\"2412\">Componentes internos duraderos<\/p>\n<\/li>\n<li data-start=\"2413\" data-end=\"2466\">\n<p data-start=\"2415\" data-end=\"2466\">F\u00e1cil instalaci\u00f3n con puntos de montaje de ajuste directo<\/p>\n<\/li>\n<li data-start=\"2467\" data-end=\"2538\">\n<p data-start=\"2469\" data-end=\"2538\">Alternativa rentable al mercado de recambios originales Volvo Penta<\/p>\n<\/li>\n<\/ul>\n<p data-start=\"2540\" data-end=\"2945\">El <strong data-start=\"2544\" data-end=\"2597\">motor de arranque Volvo Penta D2 D2-55 D2-75 21323043<\/strong> goza de la confianza de t\u00e9cnicos navales y propietarios de embarcaciones de todo el mundo por su fiabilidad y rendimiento. Tanto si vas a sustituir un motor de arranque desgastado como si vas a realizar una reparaci\u00f3n importante del motor, esta pieza te ofrece la calidad y fiabilidad que necesitas. Su robusta construcci\u00f3n garantiza una potencia de arranque fiable y una larga vida \u00fatil, incluso en condiciones duras de agua salada.  <\/p>\n<p data-start=\"2947\" data-end=\"3202\"><strong data-start=\"2947\" data-end=\"2963\">Aplicaciones<\/strong><br data-start=\"2963\" data-end=\"2966\">Ideal para veleros, barcos de pesca comercial y embarcaciones de recreo que utilicen motores Volvo Penta de la serie D2. Tambi\u00e9n es adecuado para talleres marinos y profesionales de servicio que necesiten un recambio de motor de arranque rentable y de alto rendimiento. <\/p>\n<p data-start=\"3204\" data-end=\"3550\"><strong data-start=\"3204\" data-end=\"3237\">Por qu\u00e9 elegir este motor de arranque<\/strong><br data-start=\"3237\" data-end=\"3240\">Elegir este <strong data-start=\"3254\" data-end=\"3307\">motor de arranque Volvo Penta D2 D2-55 D2-75 21323043<\/strong> garantiza el mismo ajuste y funcionamiento que la pieza original Volvo Penta, pero a una fracci\u00f3n del coste. Dise\u00f1ado para ofrecer durabilidad, eficacia y f\u00e1cil mantenimiento, es una mejora o sustituci\u00f3n esencial para el sistema de tu motor diesel marino. <\/p>\n","protected":false},"excerpt":{"rendered":"<p>El motor de arranque Volvo Penta D2 D2-55 D2-75 21323043 es un recambio OEM de alta calidad dise\u00f1ado para ofrecer un rendimiento fiable a los motores diesel marinos Volvo Penta. Fabricado para ser resistente, eficiente y duradero, este motor de arranque de 12 V y 2,0 kW garantiza un arranque suave y potente del motor [&hellip;]<\/p>\n","protected":false},"featured_media":33915,"comment_status":"open","ping_status":"closed","template":"","meta":[],"product_brand":[4229],"product_cat":[2723,2518,4333,4492,2519,4302,4329],"product_tag":[],"class_list":{"0":"post-33914","1":"product","2":"type-product","3":"status-publish","4":"has-post-thumbnail","6":"product_brand-volvo-penta","7":"product_cat-motores-de-arranque","8":"product_cat-piezas-de-motor","9":"product_cat-recambios-volvo-penta-d2-55","10":"product_cat-recambios-volvo-penta-d2-75","11":"product_cat-sistemas-electricos","12":"product_cat-volvo-penta","13":"product_cat-volvo-penta-serie-d2","14":"pa_condition-nuevo","15":"pa_model-d2-55","16":"pa_model-d2-75","17":"pa_oem-or-aftermarket-posventa","19":"first","20":"onbackorder","21":"taxable","22":"shipping-taxable","23":"purchasable","24":"product-type-simple"},"supplier_id":7294,"supplier_sku":"REC21323043","barcode":null,"atum_controlled":true,"out_stock_date":"2025-10-29 09:35:09","out_stock_threshold":null,"inheritable":false,"inbound_stock":0,"stock_on_hold":0,"sold_today":0,"sales_last_days":0,"reserved_stock":0,"customer_returns":0,"warehouse_damage":0,"lost_in_post":0,"other_logs":0,"out_stock_days":142,"lost_sales":0,"has_location":false,"update_date":"2026-03-20T14:28:28","atum_locations":[],"atum_stock_status":"onbackorder","restock_status":false,"low_stock_amount":"","sales_update_date":"2026-03-20T14:16:58","calc_backorders":0,"_links":{"self":[{"href":"https:\/\/mps.digital-monkey.in\/es\/wp-json\/wp\/v2\/product\/33914","targetHints":{"allow":["GET"]}}],"collection":[{"href":"https:\/\/mps.digital-monkey.in\/es\/wp-json\/wp\/v2\/product"}],"about":[{"href":"https:\/\/mps.digital-monkey.in\/es\/wp-json\/wp\/v2\/types\/product"}],"replies":[{"embeddable":true,"href":"https:\/\/mps.digital-monkey.in\/es\/wp-json\/wp\/v2\/comments?post=33914"}],"wp:featuredmedia":[{"embeddable":true,"href":"https:\/\/mps.digital-monkey.in\/es\/wp-json\/wp\/v2\/media\/33915"}],"wp:attachment":[{"href":"https:\/\/mps.digital-monkey.in\/es\/wp-json\/wp\/v2\/media?parent=33914"}],"wp:term":[{"taxonomy":"product_brand","embeddable":true,"href":"https:\/\/mps.digital-monkey.in\/es\/wp-json\/wp\/v2\/product_brand?post=33914"},{"taxonomy":"product_cat","embeddable":true,"href":"https:\/\/mps.digital-monkey.in\/es\/wp-json\/wp\/v2\/product_cat?post=33914"},{"taxonomy":"product_tag","embeddable":true,"href":"https:\/\/mps.digital-monkey.in\/es\/wp-json\/wp\/v2\/product_tag?post=33914"}],"curies":[{"name":"wp","href":"https:\/\/api.w.org\/{rel}","templated":true}]}}