{"id":33960,"date":"2025-06-17T13:47:29","date_gmt":"2025-06-17T13:47:29","guid":{"rendered":"https:\/\/mps.digital-monkey.in\/product\/termostato-volvo-penta-21412646\/"},"modified":"2026-03-20T14:27:53","modified_gmt":"2026-03-20T14:27:53","slug":"termostato-volvo-penta-21412646","status":"publish","type":"product","link":"https:\/\/mps.digital-monkey.in\/es\/product\/termostato-volvo-penta-21412646\/","title":{"rendered":"Termostato Volvo Penta 21412646"},"content":{"rendered":"<p data-start=\"77\" data-end=\"138\"><strong data-start=\"77\" data-end=\"138\">Termostato para Volvo Penta Serie TAD13xx \/ D9 &#8211; 21412646<\/strong><\/p>\n<p data-start=\"140\" data-end=\"422\">Este <strong data-start=\"145\" data-end=\"202\">termostato original Volvo Penta (n\u00famero de pieza 21412646)<\/strong> est\u00e1 dise\u00f1ado espec\u00edficamente para una amplia gama de motores diesel industriales TAD13xxVE y D9A2. Dise\u00f1ado para mantener estable la temperatura del motor en condiciones exigentes, ofrece fiabilidad y rendimiento de nivel OEM. <\/p>\n<p data-start=\"424\" data-end=\"467\"><strong data-start=\"424\" data-end=\"467\">Adecuado para modelos de motor Volvo Penta:<\/strong><\/p>\n<p data-start=\"469\" data-end=\"488\"><strong data-start=\"469\" data-end=\"486\">Serie TAD13:<\/strong><\/p>\n<ul data-start=\"489\" data-end=\"682\">\n<li data-start=\"489\" data-end=\"502\">\n<p data-start=\"491\" data-end=\"502\">TAD1351VE<\/p>\n<\/li>\n<li data-start=\"503\" data-end=\"516\">\n<p data-start=\"505\" data-end=\"516\">TAD1352VE<\/p>\n<\/li>\n<li data-start=\"517\" data-end=\"530\">\n<p data-start=\"519\" data-end=\"530\">TAD1353VE<\/p>\n<\/li>\n<li data-start=\"531\" data-end=\"544\">\n<p data-start=\"533\" data-end=\"544\">TAD1360VE<\/p>\n<\/li>\n<li data-start=\"545\" data-end=\"558\">\n<p data-start=\"547\" data-end=\"558\">TAD1361VE<\/p>\n<\/li>\n<li data-start=\"559\" data-end=\"572\">\n<p data-start=\"561\" data-end=\"572\">TAD1362VE<\/p>\n<\/li>\n<li data-start=\"573\" data-end=\"586\">\n<p data-start=\"575\" data-end=\"586\">TAD1363VE<\/p>\n<\/li>\n<li data-start=\"587\" data-end=\"600\">\n<p data-start=\"589\" data-end=\"600\">TAD1364VE<\/p>\n<\/li>\n<li data-start=\"601\" data-end=\"614\">\n<p data-start=\"603\" data-end=\"614\">TAD1365VE<\/p>\n<\/li>\n<li data-start=\"615\" data-end=\"628\">\n<p data-start=\"617\" data-end=\"628\">TAD1371VE<\/p>\n<\/li>\n<li data-start=\"629\" data-end=\"642\">\n<p data-start=\"631\" data-end=\"642\">TAD1372VE<\/p>\n<\/li>\n<li data-start=\"643\" data-end=\"656\">\n<p data-start=\"645\" data-end=\"656\">TAD1373VE<\/p>\n<\/li>\n<li data-start=\"657\" data-end=\"670\">\n<p data-start=\"659\" data-end=\"670\">TAD1374VE<\/p>\n<\/li>\n<li data-start=\"671\" data-end=\"682\">\n<p data-start=\"673\" data-end=\"682\">TAD1375VE<\/p>\n<\/li>\n<\/ul>\n<p data-start=\"684\" data-end=\"702\"><strong data-start=\"684\" data-end=\"700\">Serie D9A2:<\/strong><\/p>\n<ul data-start=\"703\" data-end=\"799\">\n<li data-start=\"703\" data-end=\"733\">\n<p data-start=\"705\" data-end=\"733\">D9A2A, D9A2B, D9A2C, D9A2D<\/p>\n<\/li>\n<li data-start=\"734\" data-end=\"764\">\n<p data-start=\"736\" data-end=\"764\">D9A2E, D9A2F, D9A2G, D9A2H<\/p>\n<\/li>\n<li data-start=\"765\" data-end=\"799\">\n<p data-start=\"767\" data-end=\"799\">D9A2J, D9A2K, D9A2L MH, D9A2M MP<\/p>\n<\/li>\n<\/ul>\n<hr data-start=\"801\" data-end=\"804\">\n<p data-start=\"806\" data-end=\"823\"><strong data-start=\"806\" data-end=\"823\">Caracter\u00edsticas principales:<\/strong><\/p>\n<ul data-start=\"825\" data-end=\"1059\">\n<li data-start=\"825\" data-end=\"879\">\n<p data-start=\"827\" data-end=\"879\">Termostato original Volvo Penta &#8211; pieza n\u00ba 21412646<\/p>\n<\/li>\n<li data-start=\"880\" data-end=\"938\">\n<p data-start=\"882\" data-end=\"938\">Optimiza la temperatura del motor para un rendimiento eficiente<\/p>\n<\/li>\n<li data-start=\"939\" data-end=\"999\">\n<p data-start=\"941\" data-end=\"999\">Duradero y dise\u00f1ado para aplicaciones industriales pesadas<\/p>\n<\/li>\n<li data-start=\"1000\" data-end=\"1059\">\n<p data-start=\"1002\" data-end=\"1059\">Ideal para motores en funcionamiento constante o con cargas elevadas<\/p>\n<\/li>\n<\/ul>\n<p data-start=\"1061\" data-end=\"1172\">???? <strong data-start=\"1064\" data-end=\"1080\">N\u00famero de pieza:<\/strong> 21412646<br data-start=\"1089\" data-end=\"1092\">????\ufe0f <strong data-start=\"1096\" data-end=\"1105\">Tipo:<\/strong> Termostato OEM Volvo Penta<br data-start=\"1132\" data-end=\"1135\">???? <strong data-start=\"1138\" data-end=\"1151\">Incluye:<\/strong> S\u00f3lo termostato<\/p>\n<hr data-start=\"1174\" data-end=\"1177\">\n<p data-start=\"1179\" data-end=\"1350\">\n","protected":false},"excerpt":{"rendered":"<p>Termostato para Volvo Penta Serie TAD13xx \/ D9 &#8211; 21412646 Este termostato original Volvo Penta (n\u00famero de pieza 21412646) est\u00e1 dise\u00f1ado espec\u00edficamente para una amplia gama de motores diesel industriales TAD13xxVE y D9A2. Dise\u00f1ado para mantener estable la temperatura del motor en condiciones exigentes, ofrece fiabilidad y rendimiento de nivel OEM. Adecuado para modelos de [&hellip;]<\/p>\n","protected":false},"featured_media":24501,"comment_status":"open","ping_status":"closed","template":"","meta":[],"product_brand":[4229],"product_cat":[2497,4525,3295],"product_tag":[],"class_list":{"0":"post-33960","1":"product","2":"type-product","3":"status-publish","4":"has-post-thumbnail","6":"product_brand-volvo-penta","7":"product_cat-piezas-de-mantenimiento-del-motor","8":"product_cat-recambios-volvo-penta","9":"product_cat-termostatos","11":"first","12":"onbackorder","13":"sale","14":"taxable","15":"shipping-taxable","16":"purchasable","17":"product-type-simple"},"supplier_id":32142,"supplier_sku":"","barcode":null,"atum_controlled":true,"out_stock_date":"2025-11-21 12:56:02","out_stock_threshold":null,"inheritable":false,"inbound_stock":0,"stock_on_hold":0,"sold_today":0,"sales_last_days":0,"reserved_stock":0,"customer_returns":0,"warehouse_damage":0,"lost_in_post":0,"other_logs":0,"out_stock_days":119,"lost_sales":0,"has_location":false,"update_date":"2026-03-20T14:28:30","atum_locations":[],"atum_stock_status":"onbackorder","restock_status":false,"low_stock_amount":"","sales_update_date":"2026-03-20T14:16:58","calc_backorders":0,"_links":{"self":[{"href":"https:\/\/mps.digital-monkey.in\/es\/wp-json\/wp\/v2\/product\/33960","targetHints":{"allow":["GET"]}}],"collection":[{"href":"https:\/\/mps.digital-monkey.in\/es\/wp-json\/wp\/v2\/product"}],"about":[{"href":"https:\/\/mps.digital-monkey.in\/es\/wp-json\/wp\/v2\/types\/product"}],"replies":[{"embeddable":true,"href":"https:\/\/mps.digital-monkey.in\/es\/wp-json\/wp\/v2\/comments?post=33960"}],"wp:featuredmedia":[{"embeddable":true,"href":"https:\/\/mps.digital-monkey.in\/es\/wp-json\/wp\/v2\/media\/24501"}],"wp:attachment":[{"href":"https:\/\/mps.digital-monkey.in\/es\/wp-json\/wp\/v2\/media?parent=33960"}],"wp:term":[{"taxonomy":"product_brand","embeddable":true,"href":"https:\/\/mps.digital-monkey.in\/es\/wp-json\/wp\/v2\/product_brand?post=33960"},{"taxonomy":"product_cat","embeddable":true,"href":"https:\/\/mps.digital-monkey.in\/es\/wp-json\/wp\/v2\/product_cat?post=33960"},{"taxonomy":"product_tag","embeddable":true,"href":"https:\/\/mps.digital-monkey.in\/es\/wp-json\/wp\/v2\/product_tag?post=33960"}],"curies":[{"name":"wp","href":"https:\/\/api.w.org\/{rel}","templated":true}]}}