{"id":33972,"date":"2025-06-17T13:47:30","date_gmt":"2025-06-17T13:47:30","guid":{"rendered":"https:\/\/mps.digital-monkey.in\/product\/filtro-de-aceite-21549542\/"},"modified":"2026-03-20T14:44:58","modified_gmt":"2026-03-20T14:44:58","slug":"filtro-de-aceite-21549542","status":"publish","type":"product","link":"https:\/\/mps.digital-monkey.in\/es\/producto\/filtro-de-aceite-21549542\/","title":{"rendered":"Filtro de aceite 21549542"},"content":{"rendered":"<p data-start=\"334\" data-end=\"385\"><strong data-start=\"334\" data-end=\"383\">Volvo Penta 21549542 Filtro de aceite - Genuino OEM<\/strong><\/p>\n<p data-start=\"387\" data-end=\"656\">El <strong data-start=\"391\" data-end=\"426\">filtro de aceite Volvo Penta 21549542<\/strong> es una pieza original OEM dise\u00f1ada para mantener tu motor diesel marino protegido y funcionando sin problemas. El aceite es el alma de tu motor, y este filtro se encarga de mantenerlo limpio eliminando la suciedad nociva, las part\u00edculas met\u00e1licas y los lodos.<\/p>\n<p data-start=\"658\" data-end=\"913\">El uso del <strong data-start=\"668\" data-end=\"691\">filtro de aceite 21549542<\/strong> garantiza el ajuste correcto, una alta eficacia de filtraci\u00f3n y el cumplimiento de las estrictas normas de calidad de Volvo Penta. Al elegir piezas originales, alargas la vida de tu motor y proteges tu inversi\u00f3n en el agua.<\/p>\n<hr data-start=\"915\" data-end=\"918\">\n<h2 data-start=\"920\" data-end=\"940\">\ud83d\udd27 Ventajas principales<\/h2>\n<ul data-start=\"941\" data-end=\"1227\">\n<li data-start=\"941\" data-end=\"994\">\n<p data-start=\"943\" data-end=\"994\">Filtro de aceite original OEM Volvo Penta<strong data-start=\"979\" data-end=\"991\">(21549542)<\/strong><\/p>\n<\/li>\n<li data-start=\"995\" data-end=\"1051\">\n<p data-start=\"997\" data-end=\"1051\">Dise\u00f1ado para un ajuste perfecto y una circulaci\u00f3n \u00f3ptima del aceite<\/p>\n<\/li>\n<li data-start=\"1052\" data-end=\"1116\">\n<p data-start=\"1054\" data-end=\"1116\">La filtraci\u00f3n de alta calidad protege los componentes del motor contra el desgaste<\/p>\n<\/li>\n<li data-start=\"1117\" data-end=\"1181\">\n<p data-start=\"1119\" data-end=\"1181\">Construido para una larga vida \u00fatil en entornos marinos exigentes<\/p>\n<\/li>\n<li data-start=\"1182\" data-end=\"1227\">\n<p data-start=\"1184\" data-end=\"1227\">Mantiene el cumplimiento de la garant\u00eda Volvo Penta<\/p>\n<\/li>\n<\/ul>\n<hr data-start=\"1229\" data-end=\"1232\">\n<h2 data-start=\"1234\" data-end=\"1275\">\u2693 Adecuado para los siguientes motores<\/h2>\n<p data-start=\"1276\" data-end=\"1360\">Este filtro est\u00e1 dise\u00f1ado para una amplia gama de motores di\u00e9sel Volvo Penta, incluidos:<\/p>\n<ul data-start=\"1362\" data-end=\"1598\">\n<li data-start=\"1362\" data-end=\"1372\">\n<p data-start=\"1364\" data-end=\"1372\">AQD21A<\/p>\n<\/li>\n<li data-start=\"1373\" data-end=\"1382\">\n<p data-start=\"1375\" data-end=\"1382\">MD21A<\/p>\n<\/li>\n<li data-start=\"1383\" data-end=\"1394\">\n<p data-start=\"1385\" data-end=\"1394\">TAMD61A<\/p>\n<\/li>\n<li data-start=\"1395\" data-end=\"1420\">\n<p data-start=\"1397\" data-end=\"1420\">TAMD63L-A \/ TAMD63P-A<\/p>\n<\/li>\n<li data-start=\"1421\" data-end=\"1442\">\n<p data-start=\"1423\" data-end=\"1442\">TAMD71A \/ TAMD71B<\/p>\n<\/li>\n<li data-start=\"1443\" data-end=\"1479\">\n<p data-start=\"1445\" data-end=\"1479\">TAMD72A \/ TAMD72P-A \/ TAMD72WJ-A<\/p>\n<\/li>\n<li data-start=\"1480\" data-end=\"1506\">\n<p data-start=\"1482\" data-end=\"1506\">TAMD73P-A \/ TAMD73WJ-A<\/p>\n<\/li>\n<li data-start=\"1507\" data-end=\"1532\">\n<p data-start=\"1509\" data-end=\"1532\">TAMD74C-A \/ TAMD74C-B<\/p>\n<\/li>\n<li data-start=\"1533\" data-end=\"1558\">\n<p data-start=\"1535\" data-end=\"1558\">TAMD74L-A \/ TAMD74L-B<\/p>\n<\/li>\n<li data-start=\"1559\" data-end=\"1584\">\n<p data-start=\"1561\" data-end=\"1584\">TAMD74P-A \/ TAMD74P-B<\/p>\n<\/li>\n<li data-start=\"1585\" data-end=\"1598\">\n<p data-start=\"1587\" data-end=\"1598\">TAMD75P-A<\/p>\n<\/li>\n<\/ul>\n<p data-start=\"1600\" data-end=\"1721\">Si tu motor est\u00e1 en la lista anterior, el <strong data-start=\"1636\" data-end=\"1671\">filtro de aceite Volvo Penta 21549542<\/strong> es el recambio OEM correcto y recomendado.<\/p>\n<hr data-start=\"1723\" data-end=\"1726\">\n<h2 data-start=\"1728\" data-end=\"1761\">\u2699\ufe0f Mantenimiento y sustituci\u00f3n<\/h2>\n<ul data-start=\"1762\" data-end=\"2053\">\n<li data-start=\"1762\" data-end=\"1837\">\n<p data-start=\"1764\" data-end=\"1837\">Sustituye el filtro de aceite cada <strong data-start=\"1793\" data-end=\"1806\">200 horas<\/strong> de funcionamiento o una vez al a\u00f1o.<\/p>\n<\/li>\n<li data-start=\"1838\" data-end=\"1889\">\n<p data-start=\"1840\" data-end=\"1889\">Cambia siempre el filtro al cambiar el aceite.<\/p>\n<\/li>\n<li data-start=\"1890\" data-end=\"1957\">\n<p data-start=\"1892\" data-end=\"1957\">Lubrica ligeramente la junta antes de instalarla y apri\u00e9tala a mano.<\/p>\n<\/li>\n<li data-start=\"1958\" data-end=\"2053\">\n<p data-start=\"1960\" data-end=\"2053\">Inspecciona el filtro extra\u00eddo en busca de lodo o restos met\u00e1licos, como una advertencia temprana de problemas en el motor.<\/p>\n<\/li>\n<\/ul>\n<hr data-start=\"2055\" data-end=\"2058\">\n<h2 data-start=\"2060\" data-end=\"2098\">\ud83d\uded2 \u00bfPor qu\u00e9 comprar en MarinePartSystem?<\/h2>\n<p data-start=\"2099\" data-end=\"2338\">En <strong data-start=\"2102\" data-end=\"2128\">MarinePartSystem (MPS<\/strong>), s\u00f3lo suministramos piezas originales Volvo Penta, como el <strong data-start=\"2180\" data-end=\"2203\">filtro de aceite 21549542<\/strong>. Con env\u00edos r\u00e1pidos a todo el mundo, precios competitivos y asistencia experta, te ayudamos a mantener tu motor fiable y preparado para el mar.<\/p>\n","protected":false},"excerpt":{"rendered":"<p>Volvo Penta 21549542 Filtro de aceite - Genuino OEM El filtro de aceite Volvo Penta 21549542 es una pieza original OEM dise\u00f1ada para mantener tu motor diesel marino protegido y funcionando sin problemas. El aceite es el alma de tu motor, y este filtro se encarga de mantenerlo limpio eliminando la suciedad nociva, las part\u00edculas [&hellip;]<\/p>\n","protected":false},"featured_media":24516,"comment_status":"open","ping_status":"closed","template":"","meta":[],"product_brand":[4229],"product_cat":[2788,4586,2497,4525,4302,4359,4304],"product_tag":[],"class_list":{"0":"post-33972","1":"product","2":"type-product","3":"status-publish","4":"has-post-thumbnail","6":"product_brand-volvo-penta","7":"product_cat-filtros-de-aceite","8":"product_cat-filtros-de-aceite-volvo-penta","9":"product_cat-piezas-de-mantenimiento-del-motor","10":"product_cat-recambios-volvo-penta","11":"product_cat-volvo-penta","12":"product_cat-volvo-penta-md6","13":"product_cat-volvo-penta-serie-md","14":"pa_condition-nuevo","15":"pa_model-aqd21a","16":"pa_model-md21a","17":"pa_model-tamd61","18":"pa_model-tamd63","19":"pa_model-tamd71","20":"pa_model-tamd72","21":"pa_model-tamd73","22":"pa_model-tamd74","23":"pa_model-tamd75","24":"pa_oem-or-aftermarket-oem","26":"first","27":"onbackorder","28":"sale","29":"taxable","30":"shipping-taxable","31":"purchasable","32":"product-type-simple"},"supplier_id":32142,"supplier_sku":"","barcode":null,"atum_controlled":true,"out_stock_date":"2025-12-01 14:24:33","out_stock_threshold":null,"inheritable":false,"inbound_stock":0,"stock_on_hold":0,"sold_today":0,"sales_last_days":0,"reserved_stock":0,"customer_returns":0,"warehouse_damage":0,"lost_in_post":0,"other_logs":0,"out_stock_days":109,"lost_sales":0,"has_location":false,"update_date":"2026-03-20T14:44:54","atum_locations":[],"atum_stock_status":"onbackorder","restock_status":false,"low_stock_amount":"","sales_update_date":"2026-03-20T14:31:40","calc_backorders":0,"_links":{"self":[{"href":"https:\/\/mps.digital-monkey.in\/es\/wp-json\/wp\/v2\/product\/33972","targetHints":{"allow":["GET"]}}],"collection":[{"href":"https:\/\/mps.digital-monkey.in\/es\/wp-json\/wp\/v2\/product"}],"about":[{"href":"https:\/\/mps.digital-monkey.in\/es\/wp-json\/wp\/v2\/types\/product"}],"replies":[{"embeddable":true,"href":"https:\/\/mps.digital-monkey.in\/es\/wp-json\/wp\/v2\/comments?post=33972"}],"wp:featuredmedia":[{"embeddable":true,"href":"https:\/\/mps.digital-monkey.in\/es\/wp-json\/wp\/v2\/media\/24516"}],"wp:attachment":[{"href":"https:\/\/mps.digital-monkey.in\/es\/wp-json\/wp\/v2\/media?parent=33972"}],"wp:term":[{"taxonomy":"product_brand","embeddable":true,"href":"https:\/\/mps.digital-monkey.in\/es\/wp-json\/wp\/v2\/product_brand?post=33972"},{"taxonomy":"product_cat","embeddable":true,"href":"https:\/\/mps.digital-monkey.in\/es\/wp-json\/wp\/v2\/product_cat?post=33972"},{"taxonomy":"product_tag","embeddable":true,"href":"https:\/\/mps.digital-monkey.in\/es\/wp-json\/wp\/v2\/product_tag?post=33972"}],"curies":[{"name":"wp","href":"https:\/\/api.w.org\/{rel}","templated":true}]}}