{"id":34105,"date":"2025-06-17T13:50:57","date_gmt":"2025-06-17T13:50:57","guid":{"rendered":"https:\/\/mps.digital-monkey.in\/product\/deposito-de-expansion-volvo-penta-3547466-840828\/"},"modified":"2025-11-02T15:34:54","modified_gmt":"2025-11-02T15:34:54","slug":"deposito-de-expansion-volvo-penta-3547466-840828","status":"publish","type":"product","link":"https:\/\/mps.digital-monkey.in\/es\/product\/deposito-de-expansion-volvo-penta-3547466-840828\/","title":{"rendered":"Dep\u00f3sito de expansi\u00f3n Volvo Penta 3547466 &#8211; 840828"},"content":{"rendered":"<p>Dep\u00f3sito de expansi\u00f3n Volvo Penta 3547466 &#8211; 840828<\/p>\n<p> 2001, 2001B, 2001AG, 2001BG, 2002, 2002B, 2002D, 2002AG, 2002BG, 2003, 2003B, 2003D, 2003AG, 2003BG, 2003T, 2003TB, 2003 SOLAS, 2003B SOLAS, 2003TB SOLAS, 120S-A, 120S-B, 120S -D, 120S-E, 120SC, MS2A, MS2A-D, MS2A-E, MS2A-S, MS2B, MS2B-A, MS2B-L, MS2B-R, MS2L, MS2L-D, MS2L-E, MS2V, 2003TR 2001R, 2003R, 2003R SOLAS<\/p>\n<p>Producto usado<\/p>\n","protected":false},"excerpt":{"rendered":"<p>Dep\u00f3sito de expansi\u00f3n Volvo Penta 3547466 &#8211; 840828 2001, 2001B, 2001AG, 2001BG, 2002, 2002B, 2002D, 2002AG, 2002BG, 2003, 2003B, 2003D, 2003AG, 2003BG, 2003T, 2003TB, 2003 SOLAS, 2003B SOLAS, 2003TB SOLAS, 120S-A, 120S-B, 120S -D, 120S-E, 120SC, MS2A, MS2A-D, MS2A-E, MS2A-S, MS2B, MS2B-A, MS2B-L, MS2B-R, MS2L, MS2L-D, MS2L-E, MS2V, 2003TR 2001R, 2003R, 2003R SOLAS Producto usado<\/p>\n","protected":false},"featured_media":34106,"comment_status":"open","ping_status":"closed","template":"","meta":[],"product_brand":[],"product_cat":[2497,4464,4469,4472,4475,4302,4462],"product_tag":[2812],"class_list":{"0":"post-34105","1":"product","2":"type-product","3":"status-publish","4":"has-post-thumbnail","6":"product_cat-piezas-de-mantenimiento-del-motor","7":"product_cat-recambios-volvo-penta-2001","8":"product_cat-recambios-volvo-penta-2002","9":"product_cat-recambios-volvo-penta-2003","10":"product_cat-recambios-volvo-penta-2003t","11":"product_cat-volvo-penta","12":"product_cat-volvo-penta-serie-2000","13":"product_tag-usado-2","15":"first","16":"outofstock","17":"taxable","18":"shipping-taxable","19":"purchasable","20":"product-type-simple"},"supplier_id":null,"supplier_sku":"","barcode":null,"atum_controlled":true,"out_stock_date":"2025-11-02 15:44:39","out_stock_threshold":null,"inheritable":false,"inbound_stock":0,"stock_on_hold":0,"sold_today":0,"sales_last_days":0,"reserved_stock":0,"customer_returns":0,"warehouse_damage":0,"lost_in_post":0,"other_logs":0,"out_stock_days":137,"lost_sales":0,"has_location":false,"update_date":"2026-03-20T15:04:29","atum_locations":[],"atum_stock_status":"outofstock","restock_status":false,"low_stock_amount":1,"sales_update_date":"2026-03-20T15:04:29","calc_backorders":null,"_links":{"self":[{"href":"https:\/\/mps.digital-monkey.in\/es\/wp-json\/wp\/v2\/product\/34105","targetHints":{"allow":["GET"]}}],"collection":[{"href":"https:\/\/mps.digital-monkey.in\/es\/wp-json\/wp\/v2\/product"}],"about":[{"href":"https:\/\/mps.digital-monkey.in\/es\/wp-json\/wp\/v2\/types\/product"}],"replies":[{"embeddable":true,"href":"https:\/\/mps.digital-monkey.in\/es\/wp-json\/wp\/v2\/comments?post=34105"}],"wp:featuredmedia":[{"embeddable":true,"href":"https:\/\/mps.digital-monkey.in\/es\/wp-json\/wp\/v2\/media\/34106"}],"wp:attachment":[{"href":"https:\/\/mps.digital-monkey.in\/es\/wp-json\/wp\/v2\/media?parent=34105"}],"wp:term":[{"taxonomy":"product_brand","embeddable":true,"href":"https:\/\/mps.digital-monkey.in\/es\/wp-json\/wp\/v2\/product_brand?post=34105"},{"taxonomy":"product_cat","embeddable":true,"href":"https:\/\/mps.digital-monkey.in\/es\/wp-json\/wp\/v2\/product_cat?post=34105"},{"taxonomy":"product_tag","embeddable":true,"href":"https:\/\/mps.digital-monkey.in\/es\/wp-json\/wp\/v2\/product_tag?post=34105"}],"curies":[{"name":"wp","href":"https:\/\/api.w.org\/{rel}","templated":true}]}}