{"id":34208,"date":"2025-06-17T13:51:52","date_gmt":"2025-06-17T13:51:52","guid":{"rendered":"https:\/\/mps.digital-monkey.in\/product\/termostato-volvo-penta-3580365\/"},"modified":"2025-10-28T19:07:44","modified_gmt":"2025-10-28T19:07:44","slug":"termostato-volvo-penta-3580365","status":"publish","type":"product","link":"https:\/\/mps.digital-monkey.in\/es\/producto\/termostato-volvo-penta-3580365\/","title":{"rendered":"Termostato Volvo Penta 3580365"},"content":{"rendered":"<h3>Termostato para motores Volvo Penta MD2030 \/ MD2040 \/ D2-55 - 3580365<\/h3>\n<p>Este termostato de recambio de alta calidad (n\u00famero de pieza 3580365) est\u00e1 dise\u00f1ado para una gama de motores diesel Volvo Penta. Garantiza una regulaci\u00f3n precisa de la temperatura del motor para optimizar el rendimiento y evitar el sobrecalentamiento en condiciones marinas exigentes. <\/p>\n<p><strong>Se adapta a los siguientes motores:<\/strong><\/p>\n<p><strong>Serie MD2030:<\/strong><br \/>\nMD2030A, MD2030B, MD2030C, MD2030D<\/p>\n<p><strong>Serie MD2040:<\/strong><br \/>\nMD2040A, MD2040B, MD2040C, MD2040D<\/p>\n<p><strong>Serie D2:<\/strong><br \/>\nD2-55A, D2-55B<\/p>\n<hr>\n<h3>Caracter\u00edsticas principales:<\/h3>\n<ul>\n<li>\n<p>Termostato de recambio no original - pieza n\u00ba 3580365<\/p>\n<\/li>\n<li>\n<p>Proporciona un control preciso de la temperatura del motor<\/p>\n<\/li>\n<li>\n<p>Mejora la eficiencia y la longevidad del motor<\/p>\n<\/li>\n<li>\n<p>Dise\u00f1ado para motores diesel marinos con resistencia a la corrosi\u00f3n<\/p>\n<\/li>\n<li>\n<p>Calidad posventa fiable<\/p>\n<\/li>\n<\/ul>\n<p>???? <strong>N\u00famero de pieza:<\/strong> 3580365<br \/>\n????\ufe0f <strong>Tipo:<\/strong> Termostato de repuesto<br \/>\n???? <strong>Incluye:<\/strong> S\u00f3lo termostato<\/p>\n<hr>\n","protected":false},"excerpt":{"rendered":"<p>Termostato para motores Volvo Penta MD2030 \/ MD2040 \/ D2-55 - 3580365 Este termostato de recambio de alta calidad (n\u00famero de pieza 3580365) est\u00e1 dise\u00f1ado para una gama de motores diesel Volvo Penta. Garantiza una regulaci\u00f3n precisa de la temperatura del motor para optimizar el rendimiento y evitar el sobrecalentamiento en condiciones marinas exigentes. Se [&hellip;]<\/p>\n","protected":false},"featured_media":24832,"comment_status":"open","ping_status":"closed","template":"","meta":[],"product_brand":[4229],"product_cat":[2497,4525,4333,4314,4317,3295,4302,4329,4304],"product_tag":[],"class_list":{"0":"post-34208","1":"product","2":"type-product","3":"status-publish","4":"has-post-thumbnail","6":"product_brand-volvo-penta","7":"product_cat-piezas-de-mantenimiento-del-motor","8":"product_cat-recambios-volvo-penta","9":"product_cat-recambios-volvo-penta-d2-55","10":"product_cat-recambios-volvo-penta-md2030","11":"product_cat-recambios-volvo-penta-md2040","12":"product_cat-termostatos","13":"product_cat-volvo-penta","14":"product_cat-volvo-penta-serie-d2","15":"product_cat-volvo-penta-serie-md","17":"first","18":"instock","19":"taxable","20":"shipping-taxable","21":"purchasable","22":"product-type-simple"},"supplier_id":null,"supplier_sku":"","barcode":null,"atum_controlled":true,"out_stock_date":null,"out_stock_threshold":null,"inheritable":false,"inbound_stock":0,"stock_on_hold":0,"sold_today":0,"sales_last_days":0,"reserved_stock":0,"customer_returns":0,"warehouse_damage":0,"lost_in_post":0,"other_logs":0,"out_stock_days":0,"lost_sales":0,"has_location":false,"update_date":"2026-03-20T15:53:20","atum_locations":[],"atum_stock_status":"instock","restock_status":false,"low_stock_amount":"","sales_update_date":"2026-03-20T15:53:20","calc_backorders":0,"_links":{"self":[{"href":"https:\/\/mps.digital-monkey.in\/es\/wp-json\/wp\/v2\/product\/34208","targetHints":{"allow":["GET"]}}],"collection":[{"href":"https:\/\/mps.digital-monkey.in\/es\/wp-json\/wp\/v2\/product"}],"about":[{"href":"https:\/\/mps.digital-monkey.in\/es\/wp-json\/wp\/v2\/types\/product"}],"replies":[{"embeddable":true,"href":"https:\/\/mps.digital-monkey.in\/es\/wp-json\/wp\/v2\/comments?post=34208"}],"wp:featuredmedia":[{"embeddable":true,"href":"https:\/\/mps.digital-monkey.in\/es\/wp-json\/wp\/v2\/media\/24832"}],"wp:attachment":[{"href":"https:\/\/mps.digital-monkey.in\/es\/wp-json\/wp\/v2\/media?parent=34208"}],"wp:term":[{"taxonomy":"product_brand","embeddable":true,"href":"https:\/\/mps.digital-monkey.in\/es\/wp-json\/wp\/v2\/product_brand?post=34208"},{"taxonomy":"product_cat","embeddable":true,"href":"https:\/\/mps.digital-monkey.in\/es\/wp-json\/wp\/v2\/product_cat?post=34208"},{"taxonomy":"product_tag","embeddable":true,"href":"https:\/\/mps.digital-monkey.in\/es\/wp-json\/wp\/v2\/product_tag?post=34208"}],"curies":[{"name":"wp","href":"https:\/\/api.w.org\/{rel}","templated":true}]}}