{"id":34434,"date":"2025-08-31T11:40:12","date_gmt":"2025-08-31T11:40:12","guid":{"rendered":"https:\/\/mps.digital-monkey.in\/product\/bomba-impeller-yanmar-para-4jh5e-3jh4e-4jh4e-4jh4ae-3jh5e-4jh45-4jh57-4jh80-4jh110-sustituye-a-129271-42502\/"},"modified":"2025-08-31T11:41:07","modified_gmt":"2025-08-31T11:41:07","slug":"bomba-impeller-yanmar-para-4jh5e-3jh4e-4jh4e-4jh4ae-3jh5e-4jh45-4jh57-4jh80-4jh110-sustituye-a-129271-42502","status":"publish","type":"product","link":"https:\/\/mps.digital-monkey.in\/es\/producto\/bomba-impeller-yanmar-para-4jh5e-3jh4e-4jh4e-4jh4ae-3jh5e-4jh45-4jh57-4jh80-4jh110-sustituye-a-129271-42502\/","title":{"rendered":"Bomba Impeller Yanmar - Para 4JH5E, 3JH4E, 4JH4E, 4JH4AE, 3JH5E, 4JH45, 4JH57, 4JH80, 4JH110 - Sustituye a 129271-42502"},"content":{"rendered":"<p data-start=\"424\" data-end=\"739\">Bomba <strong data-start=\"424\" data-end=\"492\">Impeller de repuesto de alta calidad para motores marinos Yan<\/strong>mar<br data-start=\"492\" data-end=\"495\">Esta bomba impeller es un repuesto de ajuste directo para una amplia gama de motores Yanmar, incluidos <strong data-start=\"588\" data-end=\"659\">4JH5E<\/strong><strong data-start=\"588\" data-end=\"659\">, 3JH4E, 4JH4E, 4JH4AE, 3JH5E, 4JH45, 4JH57, 4JH80 y 4JH110<\/strong>. Sustituye a <strong data-start=\"673\" data-end=\"705\">la pieza OEM 129271-42502 de Yanmar<\/strong> y a <strong data-start=\"710\" data-end=\"738\">la bomba 10-13328-01 de Johnson<\/strong>. <\/p>\n<p data-start=\"741\" data-end=\"934\">Tanto si vas a sustituir una bomba desgastada como si vas a actualizarla, este modelo ofrece un rendimiento fiable y una durabilidad duradera, dise\u00f1ado para igualar o superar la calidad de la bomba Yanmar original.<\/p>\n<hr data-start=\"936\" data-end=\"939\">\n<h3 data-start=\"941\" data-end=\"960\">Caracter\u00edsticas principales:<\/h3>\n<ul data-start=\"961\" data-end=\"1275\">\n<li data-start=\"961\" data-end=\"1035\">\n<p data-start=\"963\" data-end=\"1035\">Se suministra <strong data-start=\"972\" data-end=\"1033\">completo con el impulsor preinstalado y el soporte de montaje<\/strong><\/p>\n<\/li>\n<li data-start=\"1036\" data-end=\"1098\">\n<p data-start=\"1038\" data-end=\"1098\"><strong data-start=\"1038\" data-end=\"1057\">Dise\u00f1o mejorado<\/strong> para una mayor durabilidad y eficacia<\/p>\n<\/li>\n<li data-start=\"1099\" data-end=\"1145\">\n<p data-start=\"1101\" data-end=\"1145\">2 a\u00f1os de garant\u00eda + asistencia t\u00e9cnica experta<\/p>\n<\/li>\n<li data-start=\"1146\" data-end=\"1183\">\n<p data-start=\"1148\" data-end=\"1183\">Excelente relaci\u00f3n calidad-precio<\/p>\n<\/li>\n<li data-start=\"1184\" data-end=\"1212\">\n<p data-start=\"1186\" data-end=\"1212\">Entrega r\u00e1pida desde almac\u00e9n<\/p>\n<\/li>\n<li data-start=\"1213\" data-end=\"1275\">\n<p data-start=\"1215\" data-end=\"1275\">Impellers de repuesto, kits de servicio y kits de revisi\u00f3n disponibles<\/p>\n<\/li>\n<\/ul>\n<hr data-start=\"1277\" data-end=\"1280\">\n<h3 data-start=\"1282\" data-end=\"1315\">\ud83d\udd01 Sustituye a los n\u00fameros de pieza OEM:<\/h3>\n<ul data-start=\"1316\" data-end=\"1378\">\n<li data-start=\"1316\" data-end=\"1344\">\n<p data-start=\"1318\" data-end=\"1344\"><strong data-start=\"1318\" data-end=\"1329\">Yanmar:<\/strong> 129271-42502<\/p>\n<\/li>\n<li data-start=\"1345\" data-end=\"1378\">\n<p data-start=\"1347\" data-end=\"1378\"><strong data-start=\"1347\" data-end=\"1364\">Bomba Johnson:<\/strong> 10-13328-01<\/p>\n<\/li>\n<\/ul>\n<hr data-start=\"1380\" data-end=\"1383\">\n<h3 data-start=\"1385\" data-end=\"1402\">\ud83d\udcac \u00bfNecesitas ayuda?<\/h3>\n<p data-start=\"1403\" data-end=\"1582\">\u00bfNo est\u00e1s seguro de si esta bomba se adapta a tu motor? \u00bfNecesitas ayuda con la instalaci\u00f3n o el mantenimiento? Nuestro equipo t\u00e9cnico est\u00e1 preparado para responder a cualquier pregunta que tengas. Ponte en contacto: \u00a1estaremos encantados de ayudarte!   <\/p>\n","protected":false},"excerpt":{"rendered":"<p>Bomba Impeller de repuesto de alta calidad para motores marinos YanmarEsta bomba impeller es un repuesto de ajuste directo para una amplia gama de motores Yanmar, incluidos 4JH5E, 3JH4E, 4JH4E, 4JH4AE, 3JH5E, 4JH45, 4JH57, 4JH80 y 4JH110. Sustituye a la pieza OEM 129271-42502 de Yanmar y a la bomba 10-13328-01 de Johnson. Tanto si vas [&hellip;]<\/p>\n","protected":false},"featured_media":34435,"comment_status":"open","ping_status":"closed","template":"","meta":[],"product_brand":[4235],"product_cat":[2518,3397,3244],"product_tag":[],"class_list":{"0":"post-34434","1":"product","2":"type-product","3":"status-publish","4":"has-post-thumbnail","6":"product_brand-yanmar","7":"product_cat-piezas-de-motor","8":"product_cat-bombas-de-agua","9":"product_cat-sistemas-de-refrigeracion","10":"pa_condition-nuevo","11":"pa_model-3jh4e","12":"pa_model-3jh5e","13":"pa_model-4jh110","14":"pa_model-4jh4-ae","15":"pa_model-4jh4-e","16":"pa_model-4jh45","17":"pa_model-4jh5-e","18":"pa_model-4jh57","19":"pa_model-4jh80","20":"pa_oem-or-aftermarket-posventa","22":"first","23":"onbackorder","24":"taxable","25":"shipping-taxable","26":"purchasable","27":"product-type-simple"},"supplier_id":7294,"supplier_sku":"rec129271-42502","barcode":null,"atum_controlled":true,"out_stock_date":"2025-08-31 11:40:13","out_stock_threshold":null,"inheritable":false,"inbound_stock":0,"stock_on_hold":0,"sold_today":0,"sales_last_days":0,"reserved_stock":0,"customer_returns":0,"warehouse_damage":0,"lost_in_post":0,"other_logs":0,"out_stock_days":106,"lost_sales":0,"has_location":false,"update_date":"2025-12-16T08:22:44","atum_locations":[],"atum_stock_status":"onbackorder","restock_status":false,"low_stock_amount":1,"sales_update_date":"2025-12-16T08:22:44","calc_backorders":null,"_links":{"self":[{"href":"https:\/\/mps.digital-monkey.in\/es\/wp-json\/wp\/v2\/product\/34434","targetHints":{"allow":["GET"]}}],"collection":[{"href":"https:\/\/mps.digital-monkey.in\/es\/wp-json\/wp\/v2\/product"}],"about":[{"href":"https:\/\/mps.digital-monkey.in\/es\/wp-json\/wp\/v2\/types\/product"}],"replies":[{"embeddable":true,"href":"https:\/\/mps.digital-monkey.in\/es\/wp-json\/wp\/v2\/comments?post=34434"}],"wp:featuredmedia":[{"embeddable":true,"href":"https:\/\/mps.digital-monkey.in\/es\/wp-json\/wp\/v2\/media\/34435"}],"wp:attachment":[{"href":"https:\/\/mps.digital-monkey.in\/es\/wp-json\/wp\/v2\/media?parent=34434"}],"wp:term":[{"taxonomy":"product_brand","embeddable":true,"href":"https:\/\/mps.digital-monkey.in\/es\/wp-json\/wp\/v2\/product_brand?post=34434"},{"taxonomy":"product_cat","embeddable":true,"href":"https:\/\/mps.digital-monkey.in\/es\/wp-json\/wp\/v2\/product_cat?post=34434"},{"taxonomy":"product_tag","embeddable":true,"href":"https:\/\/mps.digital-monkey.in\/es\/wp-json\/wp\/v2\/product_tag?post=34434"}],"curies":[{"name":"wp","href":"https:\/\/api.w.org\/{rel}","templated":true}]}}