{"id":34448,"date":"2025-08-31T11:52:38","date_gmt":"2025-08-31T11:52:38","guid":{"rendered":"https:\/\/mps.digital-monkey.in\/product\/bomba-impeller-yanmar-3jh3-4jh3-4jh4-129670-42512\/"},"modified":"2025-08-31T11:52:38","modified_gmt":"2025-08-31T11:52:38","slug":"bomba-impeller-yanmar-3jh3-4jh3-4jh4-129670-42512","status":"publish","type":"product","link":"https:\/\/mps.digital-monkey.in\/es\/product\/bomba-impeller-yanmar-3jh3-4jh3-4jh4-129670-42512\/","title":{"rendered":"Bomba Impeller Yanmar &#8211; 3JH3, 4JH3, 4JH4 &#8211; 129670-42512"},"content":{"rendered":"<p data-start=\"327\" data-end=\"622\">Bomba <strong data-start=\"327\" data-end=\"395\">Impeller de repuesto de alta calidad para motores marinos Yanmar<\/strong><br data-start=\"395\" data-end=\"398\">Esta bomba impeller es un repuesto fiable y duradero para los modelos de motor <strong data-start=\"459\" data-end=\"490\">Yanmar 3JH3, 4JH3 y 4JH4<\/strong>. Fabricada para igualar o superar los est\u00e1ndares OEM, garantiza una refrigeraci\u00f3n eficaz del agua de mar y un rendimiento duradero a bordo. <\/p>\n<hr data-start=\"624\" data-end=\"627\">\n<h3 data-start=\"629\" data-end=\"648\">Caracter\u00edsticas principales:<\/h3>\n<ul data-start=\"649\" data-end=\"1054\">\n<li data-start=\"649\" data-end=\"716\">\n<p data-start=\"651\" data-end=\"716\"><strong data-start=\"651\" data-end=\"673\">Sustituci\u00f3n<\/strong> directa de la pieza Yanmar: <strong data-start=\"698\" data-end=\"714\">129670-42512<\/strong><\/p>\n<\/li>\n<li data-start=\"717\" data-end=\"791\">\n<p data-start=\"719\" data-end=\"791\">Se suministra <strong data-start=\"728\" data-end=\"789\">completo con el impulsor preinstalado y el soporte de montaje<\/strong><\/p>\n<\/li>\n<li data-start=\"792\" data-end=\"860\">\n<p data-start=\"794\" data-end=\"860\">Construido con <strong data-start=\"811\" data-end=\"858\">materiales marinos resistentes a la corrosi\u00f3n<\/strong><\/p>\n<\/li>\n<li data-start=\"861\" data-end=\"921\">\n<p data-start=\"863\" data-end=\"921\">Dise\u00f1ado para <strong data-start=\"876\" data-end=\"897\">una instalaci\u00f3n f\u00e1cil<\/strong> y una larga vida \u00fatil<\/p>\n<\/li>\n<li data-start=\"922\" data-end=\"977\">\n<p data-start=\"924\" data-end=\"977\"><strong data-start=\"924\" data-end=\"943\">2 a\u00f1os de garant\u00eda<\/strong> y soporte t\u00e9cnico dedicado<\/p>\n<\/li>\n<li data-start=\"978\" data-end=\"1006\">\n<p data-start=\"980\" data-end=\"1006\">Entrega r\u00e1pida desde almac\u00e9n<\/p>\n<\/li>\n<li data-start=\"1007\" data-end=\"1054\">\n<p data-start=\"1009\" data-end=\"1054\">Impellers y kits de mantenimiento a juego disponibles<\/p>\n<\/li>\n<\/ul>\n<hr data-start=\"1056\" data-end=\"1059\">\n<h3 data-start=\"1061\" data-end=\"1077\">\ud83d\udd01 Sustituye:<\/h3>\n<ul data-start=\"1078\" data-end=\"1113\">\n<li data-start=\"1078\" data-end=\"1113\">\n<p data-start=\"1080\" data-end=\"1113\"><strong data-start=\"1080\" data-end=\"1100\">Yanmar Pieza OEM:<\/strong> 129670-42512<\/p>\n<\/li>\n<\/ul>\n<hr data-start=\"1115\" data-end=\"1118\">\n<h3 data-start=\"1120\" data-end=\"1143\">Compatible con:<\/h3>\n<ul data-start=\"1144\" data-end=\"1197\">\n<li data-start=\"1144\" data-end=\"1161\">\n<p data-start=\"1146\" data-end=\"1161\"><strong data-start=\"1146\" data-end=\"1161\">Yanmar 3JH3<\/strong><\/p>\n<\/li>\n<li data-start=\"1162\" data-end=\"1179\">\n<p data-start=\"1164\" data-end=\"1179\"><strong data-start=\"1164\" data-end=\"1179\">Yanmar 4JH3<\/strong><\/p>\n<\/li>\n<li data-start=\"1180\" data-end=\"1197\">\n<p data-start=\"1182\" data-end=\"1197\"><strong data-start=\"1182\" data-end=\"1197\">Yanmar 4JH4<\/strong><\/p>\n<\/li>\n<\/ul>\n<hr data-start=\"1199\" data-end=\"1202\">\n<h3 data-start=\"1204\" data-end=\"1227\">\ud83d\udcac \u00bfNecesitas ayuda?<\/h3>\n<p data-start=\"1228\" data-end=\"1350\">\u00bfTienes preguntas sobre el montaje, la instalaci\u00f3n o el mantenimiento? Nuestro equipo est\u00e1 preparado para ayudarte con asesoramiento experto y asistencia r\u00e1pida. <\/p>\n","protected":false},"excerpt":{"rendered":"<p>Bomba Impeller de repuesto de alta calidad para motores marinos YanmarEsta bomba impeller es un repuesto fiable y duradero para los modelos de motor Yanmar 3JH3, 4JH3 y 4JH4. Fabricada para igualar o superar los est\u00e1ndares OEM, garantiza una refrigeraci\u00f3n eficaz del agua de mar y un rendimiento duradero a bordo. Caracter\u00edsticas principales: Sustituci\u00f3n directa [&hellip;]<\/p>\n","protected":false},"featured_media":0,"comment_status":"open","ping_status":"closed","template":"","meta":[],"product_brand":[4235],"product_cat":[3397,2518,3244],"product_tag":[],"class_list":{"0":"post-34448","1":"product","2":"type-product","3":"status-publish","5":"product_brand-yanmar","6":"product_cat-bombas-de-agua","7":"product_cat-piezas-de-motor","8":"product_cat-sistemas-de-refrigeracion","9":"pa_condition-nuevo","10":"pa_model-3jh3","11":"pa_model-4jh3","12":"pa_model-4jh4","13":"pa_oem-or-aftermarket-posventa","15":"first","16":"onbackorder","17":"taxable","18":"shipping-taxable","19":"purchasable","20":"product-type-simple"},"supplier_id":7294,"supplier_sku":"rec129670-42512","barcode":null,"atum_controlled":true,"out_stock_date":"2025-08-31 11:52:39","out_stock_threshold":null,"inheritable":false,"inbound_stock":0,"stock_on_hold":0,"sold_today":0,"sales_last_days":0,"reserved_stock":0,"customer_returns":0,"warehouse_damage":0,"lost_in_post":0,"other_logs":0,"out_stock_days":106,"lost_sales":0,"has_location":false,"update_date":"2025-12-16T08:22:44","atum_locations":[],"atum_stock_status":"onbackorder","restock_status":false,"low_stock_amount":1,"sales_update_date":"2025-12-16T08:22:44","calc_backorders":null,"_links":{"self":[{"href":"https:\/\/mps.digital-monkey.in\/es\/wp-json\/wp\/v2\/product\/34448","targetHints":{"allow":["GET"]}}],"collection":[{"href":"https:\/\/mps.digital-monkey.in\/es\/wp-json\/wp\/v2\/product"}],"about":[{"href":"https:\/\/mps.digital-monkey.in\/es\/wp-json\/wp\/v2\/types\/product"}],"replies":[{"embeddable":true,"href":"https:\/\/mps.digital-monkey.in\/es\/wp-json\/wp\/v2\/comments?post=34448"}],"wp:attachment":[{"href":"https:\/\/mps.digital-monkey.in\/es\/wp-json\/wp\/v2\/media?parent=34448"}],"wp:term":[{"taxonomy":"product_brand","embeddable":true,"href":"https:\/\/mps.digital-monkey.in\/es\/wp-json\/wp\/v2\/product_brand?post=34448"},{"taxonomy":"product_cat","embeddable":true,"href":"https:\/\/mps.digital-monkey.in\/es\/wp-json\/wp\/v2\/product_cat?post=34448"},{"taxonomy":"product_tag","embeddable":true,"href":"https:\/\/mps.digital-monkey.in\/es\/wp-json\/wp\/v2\/product_tag?post=34448"}],"curies":[{"name":"wp","href":"https:\/\/api.w.org\/{rel}","templated":true}]}}