{"id":34457,"date":"2025-06-17T14:19:44","date_gmt":"2025-06-17T14:19:44","guid":{"rendered":"https:\/\/mps.digital-monkey.in\/product\/yanmar-121450-44411-junta-carcasa-termostato\/"},"modified":"2025-10-30T12:25:14","modified_gmt":"2025-10-30T12:25:14","slug":"yanmar-121450-44411-junta-carcasa-termostato","status":"publish","type":"product","link":"https:\/\/mps.digital-monkey.in\/es\/producto\/yanmar-121450-44411-junta-carcasa-termostato\/","title":{"rendered":"Yanmar 121450-44411 junta carcasa termostato"},"content":{"rendered":"<p>Junta de la carcasa del termostato o de la bomba de agua de refrigeraci\u00f3n de los motores 2GM20 (F) y 3GM30 (F).<\/p>\n<p>La junta se utiliza en los motores de 2 y 3 cilindros de refrigeraci\u00f3n simple y doble de la serie GM.<\/p>\n<p>Esta junta sirve para los siguientes motores.<\/p>\n<p>Yanmar 2GM, Yanmar 2GM20, Yanmar 2GM20 EU, Yanmar 2GM20F (doble refrigeraci\u00f3n), Yanmar 2GM20F EU (doble refrigeraci\u00f3n) Yanmar 3GM, Yanmar 3GM30, Yanmar 3GM30 EU, Yanmar 3GM30F (doble refrigeraci\u00f3n), Yanmar 3GM30F EU (doble refrigeraci\u00f3n)<\/p>\n","protected":false},"excerpt":{"rendered":"<p>Junta de la carcasa del termostato o de la bomba de agua de refrigeraci\u00f3n de los motores 2GM20 (F) y 3GM30 (F). La junta se utiliza en los motores de 2 y 3 cilindros de refrigeraci\u00f3n simple y doble de la serie GM. Esta junta sirve para los siguientes motores. Yanmar 2GM, Yanmar 2GM20, Yanmar [&hellip;]<\/p>\n","protected":false},"featured_media":34459,"comment_status":"open","ping_status":"closed","template":"","meta":[],"product_brand":[4235],"product_cat":[3041,4450,4451,2497,4448],"product_tag":[],"class_list":{"0":"post-34457","1":"product","2":"type-product","3":"status-publish","4":"has-post-thumbnail","6":"product_brand-yanmar","7":"product_cat-juntas-de-motor","8":"product_cat-piezas-2gm-2gm20","9":"product_cat-piezas-3gm-3gm30","10":"product_cat-piezas-de-mantenimiento-del-motor","11":"product_cat-yanmar","12":"pa_condition-nuevo","13":"pa_model-2gm","14":"pa_model-2gm20","15":"pa_model-2gm20f","16":"pa_model-3gm","17":"pa_model-3gm30","18":"pa_model-3gm30f","19":"pa_oem-or-aftermarket-posventa","21":"first","22":"instock","23":"taxable","24":"shipping-taxable","25":"purchasable","26":"product-type-simple"},"supplier_id":null,"supplier_sku":"","barcode":null,"atum_controlled":true,"out_stock_date":null,"out_stock_threshold":null,"inheritable":false,"inbound_stock":0,"stock_on_hold":1,"sold_today":0,"sales_last_days":1,"reserved_stock":0,"customer_returns":0,"warehouse_damage":0,"lost_in_post":0,"other_logs":0,"out_stock_days":0,"lost_sales":0,"has_location":false,"update_date":"2026-03-02T15:21:45","atum_locations":[],"atum_stock_status":"instock","restock_status":true,"low_stock_amount":1,"sales_update_date":"2026-03-02T15:21:45","calc_backorders":0,"_links":{"self":[{"href":"https:\/\/mps.digital-monkey.in\/es\/wp-json\/wp\/v2\/product\/34457","targetHints":{"allow":["GET"]}}],"collection":[{"href":"https:\/\/mps.digital-monkey.in\/es\/wp-json\/wp\/v2\/product"}],"about":[{"href":"https:\/\/mps.digital-monkey.in\/es\/wp-json\/wp\/v2\/types\/product"}],"replies":[{"embeddable":true,"href":"https:\/\/mps.digital-monkey.in\/es\/wp-json\/wp\/v2\/comments?post=34457"}],"wp:featuredmedia":[{"embeddable":true,"href":"https:\/\/mps.digital-monkey.in\/es\/wp-json\/wp\/v2\/media\/34459"}],"wp:attachment":[{"href":"https:\/\/mps.digital-monkey.in\/es\/wp-json\/wp\/v2\/media?parent=34457"}],"wp:term":[{"taxonomy":"product_brand","embeddable":true,"href":"https:\/\/mps.digital-monkey.in\/es\/wp-json\/wp\/v2\/product_brand?post=34457"},{"taxonomy":"product_cat","embeddable":true,"href":"https:\/\/mps.digital-monkey.in\/es\/wp-json\/wp\/v2\/product_cat?post=34457"},{"taxonomy":"product_tag","embeddable":true,"href":"https:\/\/mps.digital-monkey.in\/es\/wp-json\/wp\/v2\/product_tag?post=34457"}],"curies":[{"name":"wp","href":"https:\/\/api.w.org\/{rel}","templated":true}]}}