{"id":34462,"date":"2025-06-17T13:52:48","date_gmt":"2025-06-17T13:52:48","guid":{"rendered":"https:\/\/mps.digital-monkey.in\/product\/motor-de-arranque-volvo-penta-kad-tmd-tamd-3581774\/"},"modified":"2025-06-17T13:52:48","modified_gmt":"2025-06-17T13:52:48","slug":"motor-de-arranque-volvo-penta-kad-tmd-tamd-3581774","status":"publish","type":"product","link":"https:\/\/mps.digital-monkey.in\/es\/producto\/motor-de-arranque-volvo-penta-kad-tmd-tamd-3581774\/","title":{"rendered":"Motor de arranque Volvo Penta KAD TMD TAMD 3581774"},"content":{"rendered":"<p><strong>Especificaciones<\/strong><\/p>\n<p>Tensi\u00f3n: 12<br \/>\nKW: 3,2<br \/>\n\u00d8 brida [mm]: 88,7<br \/>\nN\u00famero de dientes: 11<br \/>\nB+: M8<br \/>\nN\u00famero de orificios de montaje: 3<br \/>\n\u00c1ngulo de montaje [grados]: -50<br \/>\nRotaci\u00f3n: CW<\/p>\n<p>&nbsp;<\/p>\n<p><strong>Utilizado en motores de gasolina Volvo Penta<\/strong>:<br \/>\nAQ115A, AQ115B, AQ130, AQ130A, AQ130B, AQ130C, AQ130D, AQ165A, AQ170A, AQ170B, AQ170C, AQD21A, BB115A, BB115B, BB115C, BB165A, BB170A, BB170B, BB170C, MB20A, MB20B, MB20C, MD21A, B20<\/p>\n<p>&nbsp;<\/p>\n<p><strong>Se utiliza en motores diesel Volvo Penta<\/strong>:<br \/>\nMD40A, TMD40A, TMD40B, TMD40C, AQD40A, TAMD40A, TAMD40B, AD40B, AQAD40A, AQAD40B<br \/>\nKAD42B, KAMD42B, TAMD42B<br \/>\nAD41D, D41D, TAMD41D, TMD41D, HS1A<br \/>\nAD31D, AD31D-A, AD31XD, TAMD31D<\/p>\n<p>KAD42A, KAMD42A, HS1A, MS5B<br \/>\nTMD41B, D41B, TAMD41B, AD41B, AD41BJ<br \/>\nMD31A, TMD31B, TAMD31B, AD31B<br \/>\nTMD41A, TMD41B, D41A, D41B, TAMD41A, TAMD41B, AQAD41A, AD41A, AD41B, 290A, DP-A, DP-B, DP-A1, DP-B1, SP-A, SP-A1, AD41BJ, AD41, AD41P-B, D41, TAMD41M-A<br \/>\nMD31A, TMD31A, TMD31B, TAMD31A, TAMD31B, AD31, AQAD31A, AD31B, 290A, DP-A, DP-B, DP-A1, DP-B1, SP-A, SP-A1<br \/>\nAD30A, AQAD30A, MD30A, TAMD30A, TMD30A, AD30, AQAD30, MD30, TAMD30, TMD30<br \/>\nAD31L-A, AD31P-A, AD41L-A, AD41P-A, D41L-A, TAMD31L-A, TAMD31M-A, TAMD31P-A, TAMD31S-A, TAMD41H-A, TAMD41H-B, TAMD41P-A, TAMD41L-A, TAMD41M-A, TMD31L-A, TMD41L-A, TAMD31S, HS1A, TAMD31L, TAMD31P, TAMD41P<br \/>\nKAD32P, TAMD42WJ-A, KAD43P-A, KAMD43P, KAMD43P-A, KAMD43P-B, KAD44P, KAD44P-B, KAD44P-C, KAMD44P-A, KAMD44P-C, KAD300-A, KAMD300-A, HS1A, HS1E-A, KAMD44P-B<br \/>\nKAD42P-A, KAMD42P-A, HS1A<br \/>\nTD30A, TD31ACE, TD40A, TD45B, D45A<\/p>\n<p><strong> <\/strong><\/p>\n<p><strong>N\u00fameros de pieza<\/strong>:<\/p>\n<p>159119 VOLVO Penta<br \/>\n1367049 VOLVO Penta<br \/>\n1542195 VOLVO Penta<br \/>\n1545417 VOLVO Penta<br \/>\n3581774 VOLVO Penta<br \/>\n5001759 VOLVO Penta<br \/>\n859252 VOLVO Penta<\/p>\n<p><strong> <\/strong><\/p>\n<p><strong>Pieza de recambio<\/strong><\/p>\n","protected":false},"excerpt":{"rendered":"<p>Especificaciones Tensi\u00f3n: 12 KW: 3,2 \u00d8 brida [mm]: 88,7 N\u00famero de dientes: 11 B+: M8 N\u00famero de orificios de montaje: 3 \u00c1ngulo de montaje [grados]: -50 Rotaci\u00f3n: CW &nbsp; Utilizado en motores de gasolina Volvo Penta: AQ115A, AQ115B, AQ130, AQ130A, AQ130B, AQ130C, AQ130D, AQ165A, AQ170A, AQ170B, AQ170C, AQD21A, BB115A, BB115B, BB115C, BB165A, BB170A, BB170B, BB170C, [&hellip;]<\/p>\n","protected":false},"featured_media":34463,"comment_status":"open","ping_status":"closed","template":"","meta":[],"product_brand":[4229],"product_cat":[4495,2723,2497,2518,2519],"product_tag":[],"class_list":{"0":"post-34462","1":"product","2":"type-product","3":"status-publish","4":"has-post-thumbnail","6":"product_brand-volvo-penta","7":"product_cat-comprar-recambios-usados-volvo-penta","8":"product_cat-motores-de-arranque","9":"product_cat-piezas-de-mantenimiento-del-motor","10":"product_cat-piezas-de-motor","11":"product_cat-sistemas-electricos","13":"first","14":"instock","15":"taxable","16":"shipping-taxable","17":"purchasable","18":"product-type-simple"},"supplier_id":null,"supplier_sku":"","barcode":null,"atum_controlled":true,"out_stock_date":null,"out_stock_threshold":null,"inheritable":false,"inbound_stock":null,"stock_on_hold":0,"sold_today":0,"sales_last_days":0,"reserved_stock":null,"customer_returns":null,"warehouse_damage":null,"lost_in_post":null,"other_logs":null,"out_stock_days":0,"lost_sales":0,"has_location":null,"update_date":"2025-11-04T10:49:59","atum_locations":[],"atum_stock_status":"instock","restock_status":false,"low_stock_amount":"","sales_update_date":"2025-08-29T00:00:39","calc_backorders":0,"_links":{"self":[{"href":"https:\/\/mps.digital-monkey.in\/es\/wp-json\/wp\/v2\/product\/34462","targetHints":{"allow":["GET"]}}],"collection":[{"href":"https:\/\/mps.digital-monkey.in\/es\/wp-json\/wp\/v2\/product"}],"about":[{"href":"https:\/\/mps.digital-monkey.in\/es\/wp-json\/wp\/v2\/types\/product"}],"replies":[{"embeddable":true,"href":"https:\/\/mps.digital-monkey.in\/es\/wp-json\/wp\/v2\/comments?post=34462"}],"wp:featuredmedia":[{"embeddable":true,"href":"https:\/\/mps.digital-monkey.in\/es\/wp-json\/wp\/v2\/media\/34463"}],"wp:attachment":[{"href":"https:\/\/mps.digital-monkey.in\/es\/wp-json\/wp\/v2\/media?parent=34462"}],"wp:term":[{"taxonomy":"product_brand","embeddable":true,"href":"https:\/\/mps.digital-monkey.in\/es\/wp-json\/wp\/v2\/product_brand?post=34462"},{"taxonomy":"product_cat","embeddable":true,"href":"https:\/\/mps.digital-monkey.in\/es\/wp-json\/wp\/v2\/product_cat?post=34462"},{"taxonomy":"product_tag","embeddable":true,"href":"https:\/\/mps.digital-monkey.in\/es\/wp-json\/wp\/v2\/product_tag?post=34462"}],"curies":[{"name":"wp","href":"https:\/\/api.w.org\/{rel}","templated":true}]}}