{"id":34549,"date":"2025-06-17T13:54:08","date_gmt":"2025-06-17T13:54:08","guid":{"rendered":"https:\/\/mps.digital-monkey.in\/product\/motor-de-arranque-volvo-penta-833669-833031-3803073\/"},"modified":"2025-10-29T10:50:48","modified_gmt":"2025-10-29T10:50:48","slug":"motor-de-arranque-volvo-penta-833669-833031-3803073","status":"publish","type":"product","link":"https:\/\/mps.digital-monkey.in\/es\/product\/motor-de-arranque-volvo-penta-833669-833031-3803073\/","title":{"rendered":"Motor de arranque Volvo Penta 833669 &#8211; 833031 &#8211; 3803073"},"content":{"rendered":"<p><strong>Especificaciones:<\/strong><\/p>\n<p>Potencia del motor de arranque (kW): 2,0<br \/>\nTensi\u00f3n (Voltios): 12<br \/>\nN\u00famero de dientes: 11<br \/>\nSentido de giro: En sentido antihorario<br \/>\nN\u00famero de orificios de montaje: 2<br \/>\n\u00d8 de la brida [mm]: 82,5<br \/>\nTerminal: B+ (M8)<br \/>\n\u00c1ngulo de montaje [grados]: +45<\/p>\n<p><strong> <\/strong><\/p>\n<p><strong>Para:<\/strong><\/p>\n<p>MD17, MD17C, MD17D, MD7, MD7A, MD7B, MD5, MD5A, MD5B, MD5C, MD11, MD11C, MD11D, MD3, MD3B, MD2, MD2B<\/p>\n<p><strong> <\/strong><\/p>\n<p><strong>Pieza de recambio<\/strong><\/p>\n","protected":false},"excerpt":{"rendered":"<p>Especificaciones: Potencia del motor de arranque (kW): 2,0 Tensi\u00f3n (Voltios): 12 N\u00famero de dientes: 11 Sentido de giro: En sentido antihorario N\u00famero de orificios de montaje: 2 \u00d8 de la brida [mm]: 82,5 Terminal: B+ (M8) \u00c1ngulo de montaje [grados]: +45 Para: MD17, MD17C, MD17D, MD7, MD7A, MD7B, MD5, MD5A, MD5B, MD5C, MD11, MD11C, MD11D, [&hellip;]<\/p>\n","protected":false},"featured_media":34550,"comment_status":"open","ping_status":"closed","template":"","meta":[],"product_brand":[4229],"product_cat":[2723,2497,2518,2519,4302,4365,4368,4349,4354,4356,4362,4304],"product_tag":[],"class_list":{"0":"post-34549","1":"product","2":"type-product","3":"status-publish","4":"has-post-thumbnail","6":"product_brand-volvo-penta","7":"product_cat-motores-de-arranque","8":"product_cat-piezas-de-mantenimiento-del-motor","9":"product_cat-piezas-de-motor","10":"product_cat-sistemas-electricos","11":"product_cat-volvo-penta","12":"product_cat-volvo-penta-md11","13":"product_cat-volvo-penta-md17","14":"product_cat-volvo-penta-md2","15":"product_cat-volvo-penta-md3","16":"product_cat-volvo-penta-md5","17":"product_cat-volvo-penta-md7","18":"product_cat-volvo-penta-serie-md","20":"first","21":"instock","22":"taxable","23":"shipping-taxable","24":"purchasable","25":"product-type-simple"},"supplier_id":null,"supplier_sku":"","barcode":null,"atum_controlled":true,"out_stock_date":null,"out_stock_threshold":null,"inheritable":false,"inbound_stock":0,"stock_on_hold":0,"sold_today":0,"sales_last_days":0,"reserved_stock":0,"customer_returns":0,"warehouse_damage":0,"lost_in_post":0,"other_logs":0,"out_stock_days":0,"lost_sales":0,"has_location":false,"update_date":"2025-10-29T11:13:16","atum_locations":[],"atum_stock_status":"instock","restock_status":false,"low_stock_amount":1,"sales_update_date":"2025-09-23T17:24:52","calc_backorders":0,"_links":{"self":[{"href":"https:\/\/mps.digital-monkey.in\/es\/wp-json\/wp\/v2\/product\/34549","targetHints":{"allow":["GET"]}}],"collection":[{"href":"https:\/\/mps.digital-monkey.in\/es\/wp-json\/wp\/v2\/product"}],"about":[{"href":"https:\/\/mps.digital-monkey.in\/es\/wp-json\/wp\/v2\/types\/product"}],"replies":[{"embeddable":true,"href":"https:\/\/mps.digital-monkey.in\/es\/wp-json\/wp\/v2\/comments?post=34549"}],"wp:featuredmedia":[{"embeddable":true,"href":"https:\/\/mps.digital-monkey.in\/es\/wp-json\/wp\/v2\/media\/34550"}],"wp:attachment":[{"href":"https:\/\/mps.digital-monkey.in\/es\/wp-json\/wp\/v2\/media?parent=34549"}],"wp:term":[{"taxonomy":"product_brand","embeddable":true,"href":"https:\/\/mps.digital-monkey.in\/es\/wp-json\/wp\/v2\/product_brand?post=34549"},{"taxonomy":"product_cat","embeddable":true,"href":"https:\/\/mps.digital-monkey.in\/es\/wp-json\/wp\/v2\/product_cat?post=34549"},{"taxonomy":"product_tag","embeddable":true,"href":"https:\/\/mps.digital-monkey.in\/es\/wp-json\/wp\/v2\/product_tag?post=34549"}],"curies":[{"name":"wp","href":"https:\/\/api.w.org\/{rel}","templated":true}]}}