{"id":34577,"date":"2025-06-17T13:54:33","date_gmt":"2025-06-17T13:54:33","guid":{"rendered":"https:\/\/mps.digital-monkey.in\/product\/filtro-de-aire-3809924\/"},"modified":"2025-06-17T13:54:33","modified_gmt":"2025-06-17T13:54:33","slug":"filtro-de-aire-3809924","status":"publish","type":"product","link":"https:\/\/mps.digital-monkey.in\/es\/producto\/filtro-de-aire-3809924\/","title":{"rendered":"Filtro de aire 3809924"},"content":{"rendered":"<h3 data-start=\"106\" data-end=\"132\"><strong data-start=\"110\" data-end=\"132\">Filtro de aire 3809924<\/strong><\/h3>\n<p data-start=\"134\" data-end=\"431\">El Filtro de Aire 3809924 asegura un flujo de aire limpio y filtrado a tu motor diesel, protegiendo los componentes internos del polvo, la suciedad y otras part\u00edculas en suspensi\u00f3n. Dise\u00f1ado para mantener el rendimiento del motor, mejorar la eficiencia del combustible y prolongar su vida \u00fatil. Fabricado para cumplir las normas de calidad y durabilidad de los fabricantes de equipos originales.  <\/p>\n<p data-start=\"433\" data-end=\"481\"><strong data-start=\"433\" data-end=\"481\">Compatible con los siguientes modelos de motor:<\/strong><\/p>\n<p data-start=\"483\" data-end=\"571\"><strong data-start=\"483\" data-end=\"497\">Serie D1:<\/strong><br data-start=\"497\" data-end=\"500\">D1-13, D1-13B, D1-13F<br data-start=\"521\" data-end=\"524\">D1-20, D1-20B, D1-20F<br data-start=\"545\" data-end=\"548\">D1-30, D1-30B, D1-30F<\/p>\n<p data-start=\"573\" data-end=\"613\"><strong data-start=\"573\" data-end=\"587\">Serie D2:<\/strong><br data-start=\"587\" data-end=\"590\">D2-40, D2-40B, D2-40F<\/p>\n<hr data-start=\"615\" data-end=\"618\">\n<p data-start=\"620\" data-end=\"851\"><strong data-start=\"622\" data-end=\"642\">\u2705 N\u00famero de pieza OEM:<\/strong> 3809924<br data-start=\"650\" data-end=\"653\">\u2699\ufe0f <strong data-start=\"656\" data-end=\"672\">Aplicaci\u00f3n:<\/strong> Motores diesel marinos<br data-start=\"694\" data-end=\"697\">???? <strong data-start=\"700\" data-end=\"713\">Funci\u00f3n:<\/strong> Filtra el aire de admisi\u00f3n para evitar el desgaste del motor<br data-start=\"755\" data-end=\"758\">???? <strong data-start=\"761\" data-end=\"770\">Nota:<\/strong> Confirma siempre la compatibilidad con tu modelo de motor espec\u00edfico antes de la instalaci\u00f3n<\/p>\n","protected":false},"excerpt":{"rendered":"<p>Filtro de aire 3809924 El Filtro de Aire 3809924 asegura un flujo de aire limpio y filtrado a tu motor diesel, protegiendo los componentes internos del polvo, la suciedad y otras part\u00edculas en suspensi\u00f3n. Dise\u00f1ado para mantener el rendimiento del motor, mejorar la eficiencia del combustible y prolongar su vida \u00fatil. Fabricado para cumplir las [&hellip;]<\/p>\n","protected":false},"featured_media":39870,"comment_status":"open","ping_status":"closed","template":"","meta":[],"product_brand":[4229],"product_cat":[2656,2497,4525,4293,4291,4287,4330,4302,4329],"product_tag":[],"class_list":{"0":"post-34577","1":"product","2":"type-product","3":"status-publish","4":"has-post-thumbnail","6":"product_brand-volvo-penta","7":"product_cat-filtros-de-aire","8":"product_cat-piezas-de-mantenimiento-del-motor","9":"product_cat-recambios-volvo-penta","10":"product_cat-recambios-volvo-penta-d1-13","11":"product_cat-recambios-volvo-penta-d1-20","12":"product_cat-recambios-volvo-penta-d1-30","13":"product_cat-recambios-volvo-penta-d2-40","14":"product_cat-volvo-penta","15":"product_cat-volvo-penta-serie-d2","16":"pa_condition-nuevo","17":"pa_model-d1-13","18":"pa_model-d1-20","19":"pa_model-d1-30","20":"pa_model-d2-40","21":"pa_oem-or-aftermarket-oem","23":"first","24":"onbackorder","25":"taxable","26":"shipping-taxable","27":"purchasable","28":"product-type-simple"},"supplier_id":null,"supplier_sku":"","barcode":null,"atum_controlled":true,"out_stock_date":"2025-11-21 12:51:34","out_stock_threshold":null,"inheritable":false,"inbound_stock":null,"stock_on_hold":0,"sold_today":0,"sales_last_days":0,"reserved_stock":null,"customer_returns":null,"warehouse_damage":null,"lost_in_post":null,"other_logs":null,"out_stock_days":0,"lost_sales":0,"has_location":null,"update_date":"2025-11-21T12:51:43","atum_locations":[],"atum_stock_status":"onbackorder","restock_status":false,"low_stock_amount":"","sales_update_date":"2025-08-29T00:00:39","calc_backorders":0,"_links":{"self":[{"href":"https:\/\/mps.digital-monkey.in\/es\/wp-json\/wp\/v2\/product\/34577","targetHints":{"allow":["GET"]}}],"collection":[{"href":"https:\/\/mps.digital-monkey.in\/es\/wp-json\/wp\/v2\/product"}],"about":[{"href":"https:\/\/mps.digital-monkey.in\/es\/wp-json\/wp\/v2\/types\/product"}],"replies":[{"embeddable":true,"href":"https:\/\/mps.digital-monkey.in\/es\/wp-json\/wp\/v2\/comments?post=34577"}],"wp:featuredmedia":[{"embeddable":true,"href":"https:\/\/mps.digital-monkey.in\/es\/wp-json\/wp\/v2\/media\/39870"}],"wp:attachment":[{"href":"https:\/\/mps.digital-monkey.in\/es\/wp-json\/wp\/v2\/media?parent=34577"}],"wp:term":[{"taxonomy":"product_brand","embeddable":true,"href":"https:\/\/mps.digital-monkey.in\/es\/wp-json\/wp\/v2\/product_brand?post=34577"},{"taxonomy":"product_cat","embeddable":true,"href":"https:\/\/mps.digital-monkey.in\/es\/wp-json\/wp\/v2\/product_cat?post=34577"},{"taxonomy":"product_tag","embeddable":true,"href":"https:\/\/mps.digital-monkey.in\/es\/wp-json\/wp\/v2\/product_tag?post=34577"}],"curies":[{"name":"wp","href":"https:\/\/api.w.org\/{rel}","templated":true}]}}