{"id":34663,"date":"2025-06-17T13:55:30","date_gmt":"2025-06-17T13:55:30","guid":{"rendered":"https:\/\/mps.digital-monkey.in\/product\/termostato-volvo-penta-3839110\/"},"modified":"2025-06-17T13:55:30","modified_gmt":"2025-06-17T13:55:30","slug":"termostato-volvo-penta-3839110","status":"publish","type":"product","link":"https:\/\/mps.digital-monkey.in\/es\/product\/termostato-volvo-penta-3839110\/","title":{"rendered":"Termostato Volvo Penta 3839110"},"content":{"rendered":"<p data-start=\"94\" data-end=\"160\"><strong data-start=\"94\" data-end=\"160\">Termostato para motores diesel pesados Volvo Penta &#8211; 3839110<\/strong><\/p>\n<p data-start=\"162\" data-end=\"472\">Este <strong data-start=\"167\" data-end=\"219\">termostato OEM Volvo Penta (n\u00famero de pieza 3839110)<\/strong> est\u00e1 dise\u00f1ado para una amplia gama de motores diesel marinos e industriales. Dise\u00f1ado para mantener la temperatura de funcionamiento adecuada del motor, este termostato garantiza un rendimiento \u00f3ptimo del motor, eficiencia y protecci\u00f3n contra el sobrecalentamiento en entornos exigentes. <\/p>\n<p data-start=\"474\" data-end=\"517\"><strong data-start=\"474\" data-end=\"517\">Adecuado para modelos de motor Volvo Penta:<\/strong><\/p>\n<p data-start=\"519\" data-end=\"773\"><strong data-start=\"519\" data-end=\"558\">Motores diesel marinos e industriales:<\/strong><br data-start=\"558\" data-end=\"561\">TAMD61A, TAMD62A, TAMD71A\/B, TAMD72A, TAMD72P-A, TAMD72WJ-A<br data-start=\"620\" data-end=\"623\">TAMD73P-A, TAMD73WJ-A, TAMD74A, TAMD74C-A\/B, TAMD74L-A\/B<br data-start=\"679\" data-end=\"682\">TAMD74P-A\/B, TAMD75P-A, TAMD162C-C, TAMD163A-A, TAMD163P-A<br data-start=\"740\" data-end=\"743\">TAMD165A, TAMD165C, TAMD165P<\/p>\n<p data-start=\"775\" data-end=\"851\"><strong data-start=\"775\" data-end=\"790\">Serie TAD:<\/strong><br data-start=\"790\" data-end=\"793\">TAD1030V, TAD1230V, TAD730G, TAD730V, TAD740GE, TAD741GE<\/p>\n<p data-start=\"853\" data-end=\"1112\"><strong data-start=\"853\" data-end=\"867\">Serie TD:<\/strong><br data-start=\"867\" data-end=\"870\">TD61A, TD61ACE, TD61AG, TD61AGP, TD61AP, TD61APB, TD61AW<br data-start=\"926\" data-end=\"929\">TD630ME, TD630VE, TD640VE, TD710G, TD71A, TD71ACE, TD71AG<br data-start=\"986\" data-end=\"989\">TD71AGP, TD71AP, TD71APB, TD71AW, TD71FSQ, TD730ME, TD730VE<br data-start=\"1048\" data-end=\"1051\">TD73ES, TD1010G, TD1210G, TD121G-87, TD610G, TD610M, TD610V<\/p>\n<p data-start=\"1114\" data-end=\"1197\"><strong data-start=\"1114\" data-end=\"1129\">Serie TID:<\/strong><br data-start=\"1129\" data-end=\"1132\">TID61AG, TID61AGP, TID71A, TID71AG, TID71AGP, TID71AP, TID71APB<\/p>\n<p data-start=\"1199\" data-end=\"1500\"><strong data-start=\"1199\" data-end=\"1214\">Serie TWD:<\/strong><br data-start=\"1214\" data-end=\"1217\">TWD1010G, TWD1031VE, TWD1210G, TWD1210P, TWD1210V, TWD1211G<br data-start=\"1276\" data-end=\"1279\">TWD1211V, TWD1230VE, TWD1231VE, TWD1240VE<br data-start=\"1320\" data-end=\"1323\">TWD1620G, TWD1630G, TWD1630P, TWD1630V<br data-start=\"1361\" data-end=\"1364\">TWD610G, TWD610P, TWD610PB, TWD610V<br data-start=\"1399\" data-end=\"1402\">TWD630ME, TWD630VE, TWD710G, TWD710P, TWD710PB, TWD710V<br data-start=\"1457\" data-end=\"1460\">TWD730ME, TWD731VE, TWD740GE, TWD740VE<\/p>\n<hr data-start=\"1502\" data-end=\"1505\">\n<p data-start=\"1507\" data-end=\"1524\"><strong data-start=\"1507\" data-end=\"1524\">Caracter\u00edsticas principales:<\/strong><\/p>\n<ul data-start=\"1526\" data-end=\"1760\">\n<li data-start=\"1526\" data-end=\"1583\">\n<p data-start=\"1528\" data-end=\"1583\">Termostato original Volvo Penta OEM &#8211; pieza n\u00ba 3839110<\/p>\n<\/li>\n<li data-start=\"1584\" data-end=\"1649\">\n<p data-start=\"1586\" data-end=\"1649\">Dise\u00f1ado para motores diesel marinos e industriales de alto rendimiento<\/p>\n<\/li>\n<li data-start=\"1650\" data-end=\"1705\">\n<p data-start=\"1652\" data-end=\"1705\">Garantiza un control constante y preciso de la temperatura<\/p>\n<\/li>\n<li data-start=\"1706\" data-end=\"1760\">\n<p data-start=\"1708\" data-end=\"1760\">Construcci\u00f3n resistente para entornos exigentes<\/p>\n<\/li>\n<\/ul>\n<p data-start=\"1762\" data-end=\"1874\">???? <strong data-start=\"1765\" data-end=\"1781\">N\u00famero de pieza:<\/strong> 3839110<br data-start=\"1789\" data-end=\"1792\">????\ufe0f <strong data-start=\"1796\" data-end=\"1805\">Tipo:<\/strong> Termostato OEM Volvo Penta<\/p>\n<hr data-start=\"1876\" data-end=\"1879\">\n<p data-start=\"2066\" data-end=\"2174\" data-is-last-node=\"\" data-is-only-node=\"\">\n","protected":false},"excerpt":{"rendered":"<p>Termostato para motores diesel pesados Volvo Penta &#8211; 3839110 Este termostato OEM Volvo Penta (n\u00famero de pieza 3839110) est\u00e1 dise\u00f1ado para una amplia gama de motores diesel marinos e industriales. Dise\u00f1ado para mantener la temperatura de funcionamiento adecuada del motor, este termostato garantiza un rendimiento \u00f3ptimo del motor, eficiencia y protecci\u00f3n contra el sobrecalentamiento en [&hellip;]<\/p>\n","protected":false},"featured_media":25160,"comment_status":"open","ping_status":"closed","template":"","meta":[],"product_brand":[4229],"product_cat":[2497,4525,3295],"product_tag":[],"class_list":{"0":"post-34663","1":"product","2":"type-product","3":"status-publish","4":"has-post-thumbnail","6":"product_brand-volvo-penta","7":"product_cat-piezas-de-mantenimiento-del-motor","8":"product_cat-recambios-volvo-penta","9":"product_cat-termostatos","11":"first","12":"onbackorder","13":"taxable","14":"shipping-taxable","15":"purchasable","16":"product-type-simple"},"supplier_id":null,"supplier_sku":"","barcode":null,"atum_controlled":true,"out_stock_date":"2025-11-21 12:51:07","out_stock_threshold":null,"inheritable":false,"inbound_stock":null,"stock_on_hold":0,"sold_today":0,"sales_last_days":0,"reserved_stock":null,"customer_returns":null,"warehouse_damage":null,"lost_in_post":null,"other_logs":null,"out_stock_days":0,"lost_sales":0,"has_location":null,"update_date":"2025-11-21T12:51:43","atum_locations":[],"atum_stock_status":"onbackorder","restock_status":false,"low_stock_amount":"","sales_update_date":"2025-08-29T00:00:39","calc_backorders":0,"_links":{"self":[{"href":"https:\/\/mps.digital-monkey.in\/es\/wp-json\/wp\/v2\/product\/34663","targetHints":{"allow":["GET"]}}],"collection":[{"href":"https:\/\/mps.digital-monkey.in\/es\/wp-json\/wp\/v2\/product"}],"about":[{"href":"https:\/\/mps.digital-monkey.in\/es\/wp-json\/wp\/v2\/types\/product"}],"replies":[{"embeddable":true,"href":"https:\/\/mps.digital-monkey.in\/es\/wp-json\/wp\/v2\/comments?post=34663"}],"wp:featuredmedia":[{"embeddable":true,"href":"https:\/\/mps.digital-monkey.in\/es\/wp-json\/wp\/v2\/media\/25160"}],"wp:attachment":[{"href":"https:\/\/mps.digital-monkey.in\/es\/wp-json\/wp\/v2\/media?parent=34663"}],"wp:term":[{"taxonomy":"product_brand","embeddable":true,"href":"https:\/\/mps.digital-monkey.in\/es\/wp-json\/wp\/v2\/product_brand?post=34663"},{"taxonomy":"product_cat","embeddable":true,"href":"https:\/\/mps.digital-monkey.in\/es\/wp-json\/wp\/v2\/product_cat?post=34663"},{"taxonomy":"product_tag","embeddable":true,"href":"https:\/\/mps.digital-monkey.in\/es\/wp-json\/wp\/v2\/product_tag?post=34663"}],"curies":[{"name":"wp","href":"https:\/\/api.w.org\/{rel}","templated":true}]}}