{"id":34675,"date":"2025-06-17T13:55:55","date_gmt":"2025-06-17T13:55:55","guid":{"rendered":"https:\/\/mps.digital-monkey.in\/product\/termostato-volvo-penta-3842015\/"},"modified":"2025-10-28T18:06:53","modified_gmt":"2025-10-28T18:06:53","slug":"termostato-volvo-penta-3842015","status":"publish","type":"product","link":"https:\/\/mps.digital-monkey.in\/es\/producto\/termostato-volvo-penta-3842015\/","title":{"rendered":"Termostato Volvo Penta 3842015"},"content":{"rendered":"<p><strong>Termostato para Volvo Penta Serie D1 \/ D2 - 3842015<\/strong><\/p>\n<p>Este <strong>termostato original Volvo Penta (n\u00famero de pieza 3842015)<\/strong> est\u00e1 dise\u00f1ado espec\u00edficamente para los compactos y eficientes motores diesel marinos D1 y D2. Garantiza una regulaci\u00f3n \u00f3ptima de la temperatura del motor, su longevidad y un rendimiento fiable en todas las condiciones marinas. <\/p>\n<p><strong>Adecuado para modelos de motor Volvo Penta:<\/strong><\/p>\n<p><strong>Serie D1:<\/strong><\/p>\n<ul>\n<li>\n<p>D1-13<\/p>\n<\/li>\n<li>\n<p>D1-13B<\/p>\n<\/li>\n<li>\n<p>D1-13F<\/p>\n<\/li>\n<li>\n<p>D1-20<\/p>\n<\/li>\n<li>\n<p>D1-20B<\/p>\n<\/li>\n<li>\n<p>D1-20F<\/p>\n<\/li>\n<li>\n<p>D1-30<\/p>\n<\/li>\n<li>\n<p>D1-30B<\/p>\n<\/li>\n<li>\n<p>D1-30F<\/p>\n<\/li>\n<\/ul>\n<p><strong>Serie D2:<\/strong><\/p>\n<ul>\n<li>\n<p>D2-40<\/p>\n<\/li>\n<li>\n<p>D2-40B<\/p>\n<\/li>\n<li>\n<p>D2-40F<\/p>\n<\/li>\n<\/ul>\n<hr>\n<p><strong>Caracter\u00edsticas principales:<\/strong><\/p>\n<ul>\n<li>\n<p>Recambio original Volvo Penta - termostato 3842015<\/p>\n<\/li>\n<li>\n<p>Mantiene con precisi\u00f3n la temperatura del motor<\/p>\n<\/li>\n<li>\n<p>Calidad OEM para fiabilidad y longevidad<\/p>\n<\/li>\n<li>\n<p>Ideal para motores di\u00e9sel marinos de gama peque\u00f1a a media<\/p>\n<\/li>\n<li>\n<p>F\u00e1cil sustituci\u00f3n para motores compatibles de la serie D<\/p>\n<\/li>\n<\/ul>\n<ul>\n<li>\n<p>D2-40F<\/p>\n<\/li>\n<\/ul>\n<hr>\n<p>???? <strong>N\u00famero de pieza:<\/strong> 3842015<br \/>\n????\ufe0f <strong>Tipo:<\/strong> Termostato OEM Volvo Penta<br \/>\n???? <strong>Incluye:<\/strong> S\u00f3lo termostato<\/p>\n<hr>\n","protected":false},"excerpt":{"rendered":"<p>Termostato para Volvo Penta Serie D1 \/ D2 - 3842015 Este termostato original Volvo Penta (n\u00famero de pieza 3842015) est\u00e1 dise\u00f1ado espec\u00edficamente para los compactos y eficientes motores diesel marinos D1 y D2. Garantiza una regulaci\u00f3n \u00f3ptima de la temperatura del motor, su longevidad y un rendimiento fiable en todas las condiciones marinas. Adecuado para [&hellip;]<\/p>\n","protected":false},"featured_media":25199,"comment_status":"open","ping_status":"closed","template":"","meta":[],"product_brand":[4229],"product_cat":[2497,4525,4293,4291,4287,4330,3295,4302,4329],"product_tag":[],"class_list":{"0":"post-34675","1":"product","2":"type-product","3":"status-publish","4":"has-post-thumbnail","6":"product_brand-volvo-penta","7":"product_cat-piezas-de-mantenimiento-del-motor","8":"product_cat-recambios-volvo-penta","9":"product_cat-recambios-volvo-penta-d1-13","10":"product_cat-recambios-volvo-penta-d1-20","11":"product_cat-recambios-volvo-penta-d1-30","12":"product_cat-recambios-volvo-penta-d2-40","13":"product_cat-termostatos","14":"product_cat-volvo-penta","15":"product_cat-volvo-penta-serie-d2","17":"first","18":"onbackorder","19":"taxable","20":"shipping-taxable","21":"purchasable","22":"product-type-simple"},"supplier_id":null,"supplier_sku":"","barcode":null,"atum_controlled":true,"out_stock_date":"2025-11-21 12:50:55","out_stock_threshold":null,"inheritable":false,"inbound_stock":null,"stock_on_hold":0,"sold_today":0,"sales_last_days":0,"reserved_stock":null,"customer_returns":null,"warehouse_damage":null,"lost_in_post":null,"other_logs":null,"out_stock_days":0,"lost_sales":0,"has_location":null,"update_date":"2025-11-21T12:51:43","atum_locations":[],"atum_stock_status":"onbackorder","restock_status":false,"low_stock_amount":"","sales_update_date":"2025-08-29T00:00:39","calc_backorders":0,"_links":{"self":[{"href":"https:\/\/mps.digital-monkey.in\/es\/wp-json\/wp\/v2\/product\/34675","targetHints":{"allow":["GET"]}}],"collection":[{"href":"https:\/\/mps.digital-monkey.in\/es\/wp-json\/wp\/v2\/product"}],"about":[{"href":"https:\/\/mps.digital-monkey.in\/es\/wp-json\/wp\/v2\/types\/product"}],"replies":[{"embeddable":true,"href":"https:\/\/mps.digital-monkey.in\/es\/wp-json\/wp\/v2\/comments?post=34675"}],"wp:featuredmedia":[{"embeddable":true,"href":"https:\/\/mps.digital-monkey.in\/es\/wp-json\/wp\/v2\/media\/25199"}],"wp:attachment":[{"href":"https:\/\/mps.digital-monkey.in\/es\/wp-json\/wp\/v2\/media?parent=34675"}],"wp:term":[{"taxonomy":"product_brand","embeddable":true,"href":"https:\/\/mps.digital-monkey.in\/es\/wp-json\/wp\/v2\/product_brand?post=34675"},{"taxonomy":"product_cat","embeddable":true,"href":"https:\/\/mps.digital-monkey.in\/es\/wp-json\/wp\/v2\/product_cat?post=34675"},{"taxonomy":"product_tag","embeddable":true,"href":"https:\/\/mps.digital-monkey.in\/es\/wp-json\/wp\/v2\/product_tag?post=34675"}],"curies":[{"name":"wp","href":"https:\/\/api.w.org\/{rel}","templated":true}]}}