{"id":34817,"date":"2025-06-17T13:57:46","date_gmt":"2025-06-17T13:57:46","guid":{"rendered":"https:\/\/mps.digital-monkey.in\/product\/termostato-volvo-penta-6210419\/"},"modified":"2025-11-21T12:53:52","modified_gmt":"2025-11-21T12:53:52","slug":"termostato-volvo-penta-6210419","status":"publish","type":"product","link":"https:\/\/mps.digital-monkey.in\/es\/product\/termostato-volvo-penta-6210419\/","title":{"rendered":"Termostato Volvo Penta 6210419"},"content":{"rendered":"<h3><strong>Termostato para Volvo Penta Serie MD22 \/ TMD22 &#8211; 6210419<\/strong><\/h3>\n<p>Este <strong>termostato OEM Volvo Penta (n\u00famero de pieza 6210419)<\/strong> est\u00e1 fabricado para mantener la temperatura \u00f3ptima de funcionamiento del motor en una amplia gama de motores diesel marinos. Garantiza un rendimiento fiable de la refrigeraci\u00f3n, el ahorro de combustible y la longevidad del motor, lo que lo convierte en un componente vital para una navegaci\u00f3n sin problemas. <\/p>\n<hr>\n<h3><strong>Adecuado para modelos de motor Volvo Penta:<\/strong><\/h3>\n<p><strong>Serie MD22:<\/strong><\/p>\n<ul>\n<li>\n<p>MD22<\/p>\n<\/li>\n<li>\n<p>MD22A<\/p>\n<\/li>\n<li>\n<p>MD22L<\/p>\n<\/li>\n<li>\n<p>MD22L-A<\/p>\n<\/li>\n<li>\n<p>MD22L-B<\/p>\n<\/li>\n<li>\n<p>MD22P<\/p>\n<\/li>\n<li>\n<p>MD22P-B<\/p>\n<\/li>\n<\/ul>\n<p><strong>Serie TMD22:<\/strong><\/p>\n<ul>\n<li>\n<p>TMD22A<\/p>\n<\/li>\n<li>\n<p>TMD22B<\/p>\n<\/li>\n<li>\n<p>TMD22P-C<\/p>\n<\/li>\n<\/ul>\n<p><strong>Serie TAMD:<\/strong><\/p>\n<ul>\n<li>\n<p>TAMD22P-B<\/p>\n<\/li>\n<\/ul>\n<hr>\n<h3><strong>Caracter\u00edsticas principales:<\/strong><\/h3>\n<ul>\n<li>\n<p>Recambio original Volvo Penta &#8211; Termostato 6210419<\/p>\n<\/li>\n<li>\n<p>Asegura una regulaci\u00f3n \u00f3ptima de la temperatura y refrigeraci\u00f3n del motor<\/p>\n<\/li>\n<li>\n<p>Evita el sobrecalentamiento y favorece el consumo eficiente de combustible<\/p>\n<\/li>\n<li>\n<p>Alta durabilidad para una larga vida \u00fatil<\/p>\n<\/li>\n<li>\n<p>Ideal para motores marinos de las series MD22 y TMD22<\/p>\n<\/li>\n<\/ul>\n<p>???? <strong>N\u00famero de pieza:<\/strong> 6210419<br \/>\n????\ufe0f <strong>Tipo:<\/strong> Termostato OEM Volvo Penta<br \/>\n???? <strong>Incluye:<\/strong> S\u00f3lo termostato<\/p>\n<hr>\n<p>&nbsp;<\/p>\n","protected":false},"excerpt":{"rendered":"<p>Termostato para Volvo Penta Serie MD22 \/ TMD22 &#8211; 6210419 Este termostato OEM Volvo Penta (n\u00famero de pieza 6210419) est\u00e1 fabricado para mantener la temperatura \u00f3ptima de funcionamiento del motor en una amplia gama de motores diesel marinos. Garantiza un rendimiento fiable de la refrigeraci\u00f3n, el ahorro de combustible y la longevidad del motor, lo [&hellip;]<\/p>\n","protected":false},"featured_media":25340,"comment_status":"open","ping_status":"closed","template":"","meta":[],"product_brand":[4229],"product_cat":[2497,4525,3295],"product_tag":[],"class_list":{"0":"post-34817","1":"product","2":"type-product","3":"status-publish","4":"has-post-thumbnail","6":"product_brand-volvo-penta","7":"product_cat-piezas-de-mantenimiento-del-motor","8":"product_cat-recambios-volvo-penta","9":"product_cat-termostatos","11":"first","12":"instock","13":"taxable","14":"shipping-taxable","15":"purchasable","16":"product-type-simple"},"supplier_id":null,"supplier_sku":"","barcode":null,"atum_controlled":true,"out_stock_date":null,"out_stock_threshold":null,"inheritable":false,"inbound_stock":null,"stock_on_hold":0,"sold_today":0,"sales_last_days":0,"reserved_stock":null,"customer_returns":null,"warehouse_damage":null,"lost_in_post":null,"other_logs":null,"out_stock_days":0,"lost_sales":0,"has_location":null,"update_date":"2025-11-21T12:51:43","atum_locations":[],"atum_stock_status":"instock","restock_status":false,"low_stock_amount":"","sales_update_date":"2025-08-29T00:00:35","calc_backorders":0,"_links":{"self":[{"href":"https:\/\/mps.digital-monkey.in\/es\/wp-json\/wp\/v2\/product\/34817","targetHints":{"allow":["GET"]}}],"collection":[{"href":"https:\/\/mps.digital-monkey.in\/es\/wp-json\/wp\/v2\/product"}],"about":[{"href":"https:\/\/mps.digital-monkey.in\/es\/wp-json\/wp\/v2\/types\/product"}],"replies":[{"embeddable":true,"href":"https:\/\/mps.digital-monkey.in\/es\/wp-json\/wp\/v2\/comments?post=34817"}],"wp:featuredmedia":[{"embeddable":true,"href":"https:\/\/mps.digital-monkey.in\/es\/wp-json\/wp\/v2\/media\/25340"}],"wp:attachment":[{"href":"https:\/\/mps.digital-monkey.in\/es\/wp-json\/wp\/v2\/media?parent=34817"}],"wp:term":[{"taxonomy":"product_brand","embeddable":true,"href":"https:\/\/mps.digital-monkey.in\/es\/wp-json\/wp\/v2\/product_brand?post=34817"},{"taxonomy":"product_cat","embeddable":true,"href":"https:\/\/mps.digital-monkey.in\/es\/wp-json\/wp\/v2\/product_cat?post=34817"},{"taxonomy":"product_tag","embeddable":true,"href":"https:\/\/mps.digital-monkey.in\/es\/wp-json\/wp\/v2\/product_tag?post=34817"}],"curies":[{"name":"wp","href":"https:\/\/api.w.org\/{rel}","templated":true}]}}