{"id":34948,"date":"2025-06-17T13:59:39","date_gmt":"2025-06-17T13:59:39","guid":{"rendered":"https:\/\/mps.digital-monkey.in\/product\/grasa-resistente-al-agua-828250-22618330\/"},"modified":"2025-11-21T12:54:28","modified_gmt":"2025-11-21T12:54:28","slug":"grasa-resistente-al-agua-828250-22618330","status":"publish","type":"product","link":"https:\/\/mps.digital-monkey.in\/es\/product\/grasa-resistente-al-agua-828250-22618330\/","title":{"rendered":"Grasa resistente al agua 828250 &#8211; 22618330"},"content":{"rendered":"<p>Grasa especial para entornos marinos, especialmente adecuada para aplicaciones en agua salada. Lubrica, sella y protege contra la corrosi\u00f3n. Soporta cargas elevadas a largo plazo sin que se deterioren sus propiedades protectoras. Es una grasa s\u00f3lida y resistente al agua, para usar en cajas de empaquetadura de goma, engrasar ejes de h\u00e9lices, h\u00e9lices plegables y todos los dem\u00e1s componentes de las h\u00e9lices. Viscosidad: NLGI 2    <\/p>\n","protected":false},"excerpt":{"rendered":"<p>Grasa especial para entornos marinos, especialmente adecuada para aplicaciones en agua salada. Lubrica, sella y protege contra la corrosi\u00f3n. Soporta cargas elevadas a largo plazo sin que se deterioren sus propiedades protectoras. Es una grasa s\u00f3lida y resistente al agua, para usar en cajas de empaquetadura de goma, engrasar ejes de h\u00e9lices, h\u00e9lices plegables y [&hellip;]<\/p>\n","protected":false},"featured_media":34949,"comment_status":"open","ping_status":"closed","template":"","meta":[],"product_brand":[4229],"product_cat":[2497,4525],"product_tag":[],"class_list":{"0":"post-34948","1":"product","2":"type-product","3":"status-publish","4":"has-post-thumbnail","6":"product_brand-volvo-penta","7":"product_cat-piezas-de-mantenimiento-del-motor","8":"product_cat-recambios-volvo-penta","9":"pa_size-25-gramos","10":"pa_size-400-gramos","12":"first","13":"instock","14":"taxable","15":"shipping-taxable","16":"purchasable","17":"product-type-variable"},"supplier_id":null,"supplier_sku":"","barcode":null,"atum_controlled":true,"out_stock_date":null,"out_stock_threshold":null,"inheritable":true,"inbound_stock":0,"stock_on_hold":0,"sold_today":0,"sales_last_days":0,"reserved_stock":0,"customer_returns":0,"warehouse_damage":0,"lost_in_post":0,"other_logs":0,"out_stock_days":0,"lost_sales":0,"has_location":false,"update_date":"2025-11-21T12:51:43","atum_locations":[],"atum_stock_status":"instock","restock_status":false,"low_stock_amount":"","sales_update_date":"2025-08-29T00:00:36","calc_backorders":null,"_links":{"self":[{"href":"https:\/\/mps.digital-monkey.in\/es\/wp-json\/wp\/v2\/product\/34948","targetHints":{"allow":["GET"]}}],"collection":[{"href":"https:\/\/mps.digital-monkey.in\/es\/wp-json\/wp\/v2\/product"}],"about":[{"href":"https:\/\/mps.digital-monkey.in\/es\/wp-json\/wp\/v2\/types\/product"}],"replies":[{"embeddable":true,"href":"https:\/\/mps.digital-monkey.in\/es\/wp-json\/wp\/v2\/comments?post=34948"}],"wp:featuredmedia":[{"embeddable":true,"href":"https:\/\/mps.digital-monkey.in\/es\/wp-json\/wp\/v2\/media\/34949"}],"wp:attachment":[{"href":"https:\/\/mps.digital-monkey.in\/es\/wp-json\/wp\/v2\/media?parent=34948"}],"wp:term":[{"taxonomy":"product_brand","embeddable":true,"href":"https:\/\/mps.digital-monkey.in\/es\/wp-json\/wp\/v2\/product_brand?post=34948"},{"taxonomy":"product_cat","embeddable":true,"href":"https:\/\/mps.digital-monkey.in\/es\/wp-json\/wp\/v2\/product_cat?post=34948"},{"taxonomy":"product_tag","embeddable":true,"href":"https:\/\/mps.digital-monkey.in\/es\/wp-json\/wp\/v2\/product_tag?post=34948"}],"curies":[{"name":"wp","href":"https:\/\/api.w.org\/{rel}","templated":true}]}}