{"id":35032,"date":"2025-06-17T14:00:33","date_gmt":"2025-06-17T14:00:33","guid":{"rendered":"https:\/\/mps.digital-monkey.in\/product\/tuberia-de-agua-de-refrigeracion-volvo-penta-829941\/"},"modified":"2025-10-29T11:06:12","modified_gmt":"2025-10-29T11:06:12","slug":"tuberia-de-agua-de-refrigeracion-volvo-penta-829941","status":"publish","type":"product","link":"https:\/\/mps.digital-monkey.in\/es\/product\/tuberia-de-agua-de-refrigeracion-volvo-penta-829941\/","title":{"rendered":"Tuber\u00eda de agua de refrigeraci\u00f3n Volvo Penta 829941"},"content":{"rendered":"<p>Tuber\u00eda de agua de refrigeraci\u00f3n Volvo Penta 829941<\/p>\n<p>MD11C, MD11D, MD17C, MD17D<\/p>\n<p>Producto usado<\/p>\n","protected":false},"excerpt":{"rendered":"<p>Tuber\u00eda de agua de refrigeraci\u00f3n Volvo Penta 829941 MD11C, MD11D, MD17C, MD17D Producto usado<\/p>\n","protected":false},"featured_media":35033,"comment_status":"open","ping_status":"closed","template":"","meta":[],"product_brand":[4229],"product_cat":[4486,2518,3244,3246,4302,4365,4368,4304],"product_tag":[2812],"class_list":{"0":"post-35032","1":"product","2":"type-product","3":"status-publish","4":"has-post-thumbnail","6":"product_brand-volvo-penta","7":"product_cat-necesitas-piezas-volvo-penta","8":"product_cat-piezas-de-motor","9":"product_cat-sistemas-de-refrigeracion","10":"product_cat-tuberias-y-mangueras-de-agua","11":"product_cat-volvo-penta","12":"product_cat-volvo-penta-md11","13":"product_cat-volvo-penta-md17","14":"product_cat-volvo-penta-serie-md","15":"product_tag-usado-2","16":"pa_condition-usado","17":"pa_model-md11","18":"pa_model-md11c","19":"pa_model-md11d","20":"pa_model-md17","21":"pa_model-md17c","22":"pa_model-md17d","23":"pa_oem-or-aftermarket-oem","25":"first","26":"instock","27":"taxable","28":"shipping-taxable","29":"purchasable","30":"product-type-simple"},"supplier_id":null,"supplier_sku":"","barcode":null,"atum_controlled":true,"out_stock_date":null,"out_stock_threshold":null,"inheritable":false,"inbound_stock":0,"stock_on_hold":0,"sold_today":0,"sales_last_days":0,"reserved_stock":0,"customer_returns":0,"warehouse_damage":0,"lost_in_post":0,"other_logs":0,"out_stock_days":0,"lost_sales":0,"has_location":false,"update_date":"2025-11-04T10:47:58","atum_locations":[],"atum_stock_status":"instock","restock_status":false,"low_stock_amount":1,"sales_update_date":"2025-09-23T17:24:39","calc_backorders":null,"_links":{"self":[{"href":"https:\/\/mps.digital-monkey.in\/es\/wp-json\/wp\/v2\/product\/35032","targetHints":{"allow":["GET"]}}],"collection":[{"href":"https:\/\/mps.digital-monkey.in\/es\/wp-json\/wp\/v2\/product"}],"about":[{"href":"https:\/\/mps.digital-monkey.in\/es\/wp-json\/wp\/v2\/types\/product"}],"replies":[{"embeddable":true,"href":"https:\/\/mps.digital-monkey.in\/es\/wp-json\/wp\/v2\/comments?post=35032"}],"wp:featuredmedia":[{"embeddable":true,"href":"https:\/\/mps.digital-monkey.in\/es\/wp-json\/wp\/v2\/media\/35033"}],"wp:attachment":[{"href":"https:\/\/mps.digital-monkey.in\/es\/wp-json\/wp\/v2\/media?parent=35032"}],"wp:term":[{"taxonomy":"product_brand","embeddable":true,"href":"https:\/\/mps.digital-monkey.in\/es\/wp-json\/wp\/v2\/product_brand?post=35032"},{"taxonomy":"product_cat","embeddable":true,"href":"https:\/\/mps.digital-monkey.in\/es\/wp-json\/wp\/v2\/product_cat?post=35032"},{"taxonomy":"product_tag","embeddable":true,"href":"https:\/\/mps.digital-monkey.in\/es\/wp-json\/wp\/v2\/product_tag?post=35032"}],"curies":[{"name":"wp","href":"https:\/\/api.w.org\/{rel}","templated":true}]}}