{"id":35068,"date":"2025-06-17T14:00:57","date_gmt":"2025-06-17T14:00:57","guid":{"rendered":"https:\/\/mps.digital-monkey.in\/product\/valvula-de-admision-valvula-de-escape-volvo-penta-833188-829620\/"},"modified":"2025-10-29T10:46:11","modified_gmt":"2025-10-29T10:46:11","slug":"valvula-de-admision-valvula-de-escape-volvo-penta-833188-829620","status":"publish","type":"product","link":"https:\/\/mps.digital-monkey.in\/es\/product\/valvula-de-admision-valvula-de-escape-volvo-penta-833188-829620\/","title":{"rendered":"V\u00e1lvula de admisi\u00f3n &#8211; v\u00e1lvula de escape Volvo Penta 833188 &#8211; 829620"},"content":{"rendered":"<p>V\u00e1lvula de admisi\u00f3n &#8211; v\u00e1lvula de escape Volvo Penta 833188 &#8211; 829620<\/p>\n<p>Volvo Penta AQD2B, Volvo Penta MD1B, Volvo Penta MD2B, Volvo Penta MD3B, Volvo Penta MD11C, Volvo Penta MD11D, Volvo Penta MD17C en Volvo Penta MD17D.<\/p>\n<p>Producto usado<\/p>\n","protected":false},"excerpt":{"rendered":"<p>V\u00e1lvula de admisi\u00f3n &#8211; v\u00e1lvula de escape Volvo Penta 833188 &#8211; 829620 Volvo Penta AQD2B, Volvo Penta MD1B, Volvo Penta MD2B, Volvo Penta MD3B, Volvo Penta MD11C, Volvo Penta MD11D, Volvo Penta MD17C en Volvo Penta MD17D. Producto usado<\/p>\n","protected":false},"featured_media":35069,"comment_status":"open","ping_status":"closed","template":"","meta":[],"product_brand":[4229],"product_cat":[4486,2497,3157,4302,4347,4365,4368,4349,4354,4304],"product_tag":[2812],"class_list":{"0":"post-35068","1":"product","2":"type-product","3":"status-publish","4":"has-post-thumbnail","6":"product_brand-volvo-penta","7":"product_cat-necesitas-piezas-volvo-penta","8":"product_cat-piezas-de-mantenimiento-del-motor","9":"product_cat-valvulas-y-accesorios","10":"product_cat-volvo-penta","11":"product_cat-volvo-penta-md1","12":"product_cat-volvo-penta-md11","13":"product_cat-volvo-penta-md17","14":"product_cat-volvo-penta-md2","15":"product_cat-volvo-penta-md3","16":"product_cat-volvo-penta-serie-md","17":"product_tag-usado-2","18":"pa_variant-valvula-de-entrada-2","19":"pa_variant-valvula-de-escape-2","21":"first","22":"instock","23":"taxable","24":"shipping-taxable","25":"purchasable","26":"product-type-variable"},"supplier_id":null,"supplier_sku":"","barcode":null,"atum_controlled":true,"out_stock_date":null,"out_stock_threshold":null,"inheritable":false,"inbound_stock":null,"stock_on_hold":0,"sold_today":0,"sales_last_days":0,"reserved_stock":0,"customer_returns":0,"warehouse_damage":0,"lost_in_post":0,"other_logs":0,"out_stock_days":0,"lost_sales":0,"has_location":null,"update_date":"2025-11-04T10:47:58","atum_locations":[],"atum_stock_status":"instock","restock_status":false,"low_stock_amount":"","sales_update_date":"2025-08-29T00:00:36","calc_backorders":null,"_links":{"self":[{"href":"https:\/\/mps.digital-monkey.in\/es\/wp-json\/wp\/v2\/product\/35068","targetHints":{"allow":["GET"]}}],"collection":[{"href":"https:\/\/mps.digital-monkey.in\/es\/wp-json\/wp\/v2\/product"}],"about":[{"href":"https:\/\/mps.digital-monkey.in\/es\/wp-json\/wp\/v2\/types\/product"}],"replies":[{"embeddable":true,"href":"https:\/\/mps.digital-monkey.in\/es\/wp-json\/wp\/v2\/comments?post=35068"}],"wp:featuredmedia":[{"embeddable":true,"href":"https:\/\/mps.digital-monkey.in\/es\/wp-json\/wp\/v2\/media\/35069"}],"wp:attachment":[{"href":"https:\/\/mps.digital-monkey.in\/es\/wp-json\/wp\/v2\/media?parent=35068"}],"wp:term":[{"taxonomy":"product_brand","embeddable":true,"href":"https:\/\/mps.digital-monkey.in\/es\/wp-json\/wp\/v2\/product_brand?post=35068"},{"taxonomy":"product_cat","embeddable":true,"href":"https:\/\/mps.digital-monkey.in\/es\/wp-json\/wp\/v2\/product_cat?post=35068"},{"taxonomy":"product_tag","embeddable":true,"href":"https:\/\/mps.digital-monkey.in\/es\/wp-json\/wp\/v2\/product_tag?post=35068"}],"curies":[{"name":"wp","href":"https:\/\/api.w.org\/{rel}","templated":true}]}}