{"id":35311,"date":"2025-08-31T18:33:00","date_gmt":"2025-08-31T18:33:00","guid":{"rendered":"https:\/\/mps.digital-monkey.in\/product\/junta-de-culata-yanmar-128171-01911-128171-01330\/"},"modified":"2025-10-30T12:25:31","modified_gmt":"2025-10-30T12:25:31","slug":"junta-de-culata-yanmar-128171-01911-128171-01330","status":"publish","type":"product","link":"https:\/\/mps.digital-monkey.in\/es\/producto\/junta-de-culata-yanmar-128171-01911-128171-01330\/","title":{"rendered":"Junta de culata Yanmar 128171-01911 \/ 128171-01330"},"content":{"rendered":"<p data-start=\"119\" data-end=\"227\"><strong data-start=\"119\" data-end=\"169\">Junta de culata Yanmar 128171-01911 \/ 128171-01330<\/strong><br data-start=\"169\" data-end=\"172\"><strong data-start=\"172\" data-end=\"227\">Compatible con: Motores diesel marinos Yanmar 1GM10<\/strong><\/p>\n<p data-start=\"229\" data-end=\"561\">Esta <strong data-start=\"242\" data-end=\"269\">junta de culata de recambio<\/strong> de primera calidad est\u00e1 dise\u00f1ada para motores diesel marinos Yanmar <strong data-start=\"296\" data-end=\"305\">1GM10<\/strong>, proporcionando un sellado fiable para mantener la compresi\u00f3n del motor y evitar fugas de refrigerante o aceite. Fabricada para coincidir con las referencias OEM <strong data-start=\"461\" data-end=\"477\">128171-01911<\/strong> y <strong data-start=\"482\" data-end=\"498\">128171-01330<\/strong>, esta junta garantiza un rendimiento fiable y un ajuste preciso.<\/p>\n<p data-start=\"563\" data-end=\"576\"><strong data-start=\"563\" data-end=\"576\">Caracter\u00edsticas:<\/strong><\/p>\n<ul data-start=\"577\" data-end=\"815\">\n<li data-start=\"577\" data-end=\"648\">\n<p data-start=\"579\" data-end=\"648\">Sustituci\u00f3n directa de las piezas OEM 128171-01911 \/ 128171-01330<\/p>\n<\/li>\n<li data-start=\"649\" data-end=\"689\">\n<p data-start=\"651\" data-end=\"689\">Compatible con motores Yanmar 1GM10<\/p>\n<\/li>\n<li data-start=\"690\" data-end=\"755\">\n<p data-start=\"692\" data-end=\"755\">Construido para una gran durabilidad y resistencia al calor y la presi\u00f3n<\/p>\n<\/li>\n<li data-start=\"756\" data-end=\"815\">\n<p data-start=\"758\" data-end=\"815\">Mantiene la estanqueidad adecuada del motor para un funcionamiento eficaz<\/p>\n<\/li>\n<\/ul>\n<p data-start=\"817\" data-end=\"928\">Ideal para el mantenimiento rutinario o la reparaci\u00f3n del motor, esta junta ayuda a prolongar la vida \u00fatil de tu motor marino Yanmar.<\/p>\n","protected":false},"excerpt":{"rendered":"<p>Junta de culata Yanmar 128171-01911 \/ 128171-01330Compatible con: Motores diesel marinos Yanmar 1GM10 Esta junta de culata de recambio de primera calidad est\u00e1 dise\u00f1ada para motores diesel marinos Yanmar 1GM10, proporcionando un sellado fiable para mantener la compresi\u00f3n del motor y evitar fugas de refrigerante o aceite. Fabricada para coincidir con las referencias OEM 128171-01911 [&hellip;]<\/p>\n","protected":false},"featured_media":35312,"comment_status":"open","ping_status":"closed","template":"","meta":[],"product_brand":[4235],"product_cat":[3041,3040,4449,2497,4448],"product_tag":[],"class_list":{"0":"post-35311","1":"product","2":"type-product","3":"status-publish","4":"has-post-thumbnail","6":"product_brand-yanmar","7":"product_cat-juntas-de-motor","8":"product_cat-kits-de-mantenimiento-y-reparacion","9":"product_cat-piezas-1gm-1gm10","10":"product_cat-piezas-de-mantenimiento-del-motor","11":"product_cat-yanmar","12":"pa_condition-nuevo","13":"pa_model-1gm10","14":"pa_oem-or-aftermarket-posventa","16":"first","17":"instock","18":"taxable","19":"shipping-taxable","20":"purchasable","21":"product-type-simple"},"supplier_id":7294,"supplier_sku":"rec128171-01911","barcode":null,"atum_controlled":true,"out_stock_date":null,"out_stock_threshold":null,"inheritable":false,"inbound_stock":0,"stock_on_hold":0,"sold_today":0,"sales_last_days":0,"reserved_stock":0,"customer_returns":0,"warehouse_damage":0,"lost_in_post":0,"other_logs":0,"out_stock_days":0,"lost_sales":0,"has_location":false,"update_date":"2026-01-29T09:10:32","atum_locations":[],"atum_stock_status":"instock","restock_status":false,"low_stock_amount":1,"sales_update_date":"2026-01-29T09:10:32","calc_backorders":null,"_links":{"self":[{"href":"https:\/\/mps.digital-monkey.in\/es\/wp-json\/wp\/v2\/product\/35311","targetHints":{"allow":["GET"]}}],"collection":[{"href":"https:\/\/mps.digital-monkey.in\/es\/wp-json\/wp\/v2\/product"}],"about":[{"href":"https:\/\/mps.digital-monkey.in\/es\/wp-json\/wp\/v2\/types\/product"}],"replies":[{"embeddable":true,"href":"https:\/\/mps.digital-monkey.in\/es\/wp-json\/wp\/v2\/comments?post=35311"}],"wp:featuredmedia":[{"embeddable":true,"href":"https:\/\/mps.digital-monkey.in\/es\/wp-json\/wp\/v2\/media\/35312"}],"wp:attachment":[{"href":"https:\/\/mps.digital-monkey.in\/es\/wp-json\/wp\/v2\/media?parent=35311"}],"wp:term":[{"taxonomy":"product_brand","embeddable":true,"href":"https:\/\/mps.digital-monkey.in\/es\/wp-json\/wp\/v2\/product_brand?post=35311"},{"taxonomy":"product_cat","embeddable":true,"href":"https:\/\/mps.digital-monkey.in\/es\/wp-json\/wp\/v2\/product_cat?post=35311"},{"taxonomy":"product_tag","embeddable":true,"href":"https:\/\/mps.digital-monkey.in\/es\/wp-json\/wp\/v2\/product_tag?post=35311"}],"curies":[{"name":"wp","href":"https:\/\/api.w.org\/{rel}","templated":true}]}}