{"id":35327,"date":"2025-06-17T14:04:27","date_gmt":"2025-06-17T14:04:27","guid":{"rendered":"https:\/\/mps.digital-monkey.in\/product\/polea-del-ciguenal-para-volvo-penta-serie-2000-840668\/"},"modified":"2025-11-02T15:35:21","modified_gmt":"2025-11-02T15:35:21","slug":"polea-del-ciguenal-para-volvo-penta-serie-2000-840668","status":"publish","type":"product","link":"https:\/\/mps.digital-monkey.in\/es\/producto\/polea-del-ciguenal-para-volvo-penta-serie-2000-840668\/","title":{"rendered":"Polea del cig\u00fce\u00f1al para Volvo Penta serie 2000 840668"},"content":{"rendered":"<p>Polea del cig\u00fce\u00f1al para la serie 2000 Volvo Penta 840668<\/p>\n<p>tipo 2001 - 2002 - 2003 - 2003T<\/p>\n<p>Producto usado<\/p>\n","protected":false},"excerpt":{"rendered":"<p>Polea del cig\u00fce\u00f1al para la serie 2000 Volvo Penta 840668 tipo 2001 - 2002 - 2003 - 2003T Producto usado<\/p>\n","protected":false},"featured_media":35328,"comment_status":"open","ping_status":"closed","template":"","meta":[],"product_brand":[4229],"product_cat":[4486,2518,4464,4469,4472,4475,4302,4462],"product_tag":[2812],"class_list":{"0":"post-35327","1":"product","2":"type-product","3":"status-publish","4":"has-post-thumbnail","6":"product_brand-volvo-penta","7":"product_cat-necesitas-piezas-volvo-penta","8":"product_cat-piezas-de-motor","9":"product_cat-recambios-volvo-penta-2001","10":"product_cat-recambios-volvo-penta-2002","11":"product_cat-recambios-volvo-penta-2003","12":"product_cat-recambios-volvo-penta-2003t","13":"product_cat-volvo-penta","14":"product_cat-volvo-penta-serie-2000","15":"product_tag-usado-2","16":"pa_condition-usado","17":"pa_model-3111","18":"pa_model-3112","19":"pa_model-3113","20":"pa_model-2003t","21":"pa_model-2003tb","22":"pa_oem-or-aftermarket-oem","24":"first","25":"instock","26":"taxable","27":"shipping-taxable","28":"purchasable","29":"product-type-simple"},"supplier_id":null,"supplier_sku":"","barcode":null,"atum_controlled":true,"out_stock_date":null,"out_stock_threshold":null,"inheritable":false,"inbound_stock":null,"stock_on_hold":0,"sold_today":0,"sales_last_days":0,"reserved_stock":null,"customer_returns":null,"warehouse_damage":null,"lost_in_post":null,"other_logs":null,"out_stock_days":0,"lost_sales":0,"has_location":null,"update_date":"2025-11-04T10:47:56","atum_locations":[],"atum_stock_status":"instock","restock_status":false,"low_stock_amount":1,"sales_update_date":"2025-08-29T00:00:36","calc_backorders":null,"_links":{"self":[{"href":"https:\/\/mps.digital-monkey.in\/es\/wp-json\/wp\/v2\/product\/35327","targetHints":{"allow":["GET"]}}],"collection":[{"href":"https:\/\/mps.digital-monkey.in\/es\/wp-json\/wp\/v2\/product"}],"about":[{"href":"https:\/\/mps.digital-monkey.in\/es\/wp-json\/wp\/v2\/types\/product"}],"replies":[{"embeddable":true,"href":"https:\/\/mps.digital-monkey.in\/es\/wp-json\/wp\/v2\/comments?post=35327"}],"wp:featuredmedia":[{"embeddable":true,"href":"https:\/\/mps.digital-monkey.in\/es\/wp-json\/wp\/v2\/media\/35328"}],"wp:attachment":[{"href":"https:\/\/mps.digital-monkey.in\/es\/wp-json\/wp\/v2\/media?parent=35327"}],"wp:term":[{"taxonomy":"product_brand","embeddable":true,"href":"https:\/\/mps.digital-monkey.in\/es\/wp-json\/wp\/v2\/product_brand?post=35327"},{"taxonomy":"product_cat","embeddable":true,"href":"https:\/\/mps.digital-monkey.in\/es\/wp-json\/wp\/v2\/product_cat?post=35327"},{"taxonomy":"product_tag","embeddable":true,"href":"https:\/\/mps.digital-monkey.in\/es\/wp-json\/wp\/v2\/product_tag?post=35327"}],"curies":[{"name":"wp","href":"https:\/\/api.w.org\/{rel}","templated":true}]}}