{"id":35345,"date":"2025-06-17T14:04:57","date_gmt":"2025-06-17T14:04:57","guid":{"rendered":"https:\/\/mps.digital-monkey.in\/product\/tuberia-de-agua-de-refrigeracion-volvo-penta-840721\/"},"modified":"2025-11-02T15:33:32","modified_gmt":"2025-11-02T15:33:32","slug":"tuberia-de-agua-de-refrigeracion-volvo-penta-840721","status":"publish","type":"product","link":"https:\/\/mps.digital-monkey.in\/es\/producto\/tuberia-de-agua-de-refrigeracion-volvo-penta-840721\/","title":{"rendered":"Tuber\u00eda de agua de refrigeraci\u00f3n Volvo Penta 840721"},"content":{"rendered":"<p>Tuber\u00eda de agua de refrigeraci\u00f3n Volvo Penta 840721<\/p>\n<p>2001, 2001B, 2001AG, 2001BG, 2002, 2002B, 2002D, 2002AG, 2002BG, 2003, 2003B<\/p>\n<p> Usado<\/p>\n","protected":false},"excerpt":{"rendered":"<p>Tuber\u00eda de agua de refrigeraci\u00f3n Volvo Penta 840721 2001, 2001B, 2001AG, 2001BG, 2002, 2002B, 2002D, 2002AG, 2002BG, 2003, 2003B Usado<\/p>\n","protected":false},"featured_media":35346,"comment_status":"open","ping_status":"closed","template":"","meta":[],"product_brand":[4229],"product_cat":[4486,2518,4464,4469,4472,3244,3246,4302,4462],"product_tag":[],"class_list":{"0":"post-35345","1":"product","2":"type-product","3":"status-publish","4":"has-post-thumbnail","6":"product_brand-volvo-penta","7":"product_cat-necesitas-piezas-volvo-penta","8":"product_cat-piezas-de-motor","9":"product_cat-recambios-volvo-penta-2001","10":"product_cat-recambios-volvo-penta-2002","11":"product_cat-recambios-volvo-penta-2003","12":"product_cat-sistemas-de-refrigeracion","13":"product_cat-tuberias-y-mangueras-de-agua","14":"product_cat-volvo-penta","15":"product_cat-volvo-penta-serie-2000","16":"pa_condition-usado","17":"pa_model-3111","18":"pa_model-3112","19":"pa_model-3113","20":"pa_oem-or-aftermarket-oem","22":"first","23":"outofstock","24":"taxable","25":"shipping-taxable","26":"purchasable","27":"product-type-simple"},"supplier_id":null,"supplier_sku":"","barcode":null,"atum_controlled":true,"out_stock_date":"2025-11-04 10:46:59","out_stock_threshold":null,"inheritable":false,"inbound_stock":0,"stock_on_hold":0,"sold_today":0,"sales_last_days":0,"reserved_stock":0,"customer_returns":0,"warehouse_damage":0,"lost_in_post":0,"other_logs":0,"out_stock_days":0,"lost_sales":0,"has_location":false,"update_date":"2025-11-04T10:47:56","atum_locations":[],"atum_stock_status":"outofstock","restock_status":false,"low_stock_amount":1,"sales_update_date":"2025-10-07T07:22:48","calc_backorders":null,"_links":{"self":[{"href":"https:\/\/mps.digital-monkey.in\/es\/wp-json\/wp\/v2\/product\/35345","targetHints":{"allow":["GET"]}}],"collection":[{"href":"https:\/\/mps.digital-monkey.in\/es\/wp-json\/wp\/v2\/product"}],"about":[{"href":"https:\/\/mps.digital-monkey.in\/es\/wp-json\/wp\/v2\/types\/product"}],"replies":[{"embeddable":true,"href":"https:\/\/mps.digital-monkey.in\/es\/wp-json\/wp\/v2\/comments?post=35345"}],"wp:featuredmedia":[{"embeddable":true,"href":"https:\/\/mps.digital-monkey.in\/es\/wp-json\/wp\/v2\/media\/35346"}],"wp:attachment":[{"href":"https:\/\/mps.digital-monkey.in\/es\/wp-json\/wp\/v2\/media?parent=35345"}],"wp:term":[{"taxonomy":"product_brand","embeddable":true,"href":"https:\/\/mps.digital-monkey.in\/es\/wp-json\/wp\/v2\/product_brand?post=35345"},{"taxonomy":"product_cat","embeddable":true,"href":"https:\/\/mps.digital-monkey.in\/es\/wp-json\/wp\/v2\/product_cat?post=35345"},{"taxonomy":"product_tag","embeddable":true,"href":"https:\/\/mps.digital-monkey.in\/es\/wp-json\/wp\/v2\/product_tag?post=35345"}],"curies":[{"name":"wp","href":"https:\/\/api.w.org\/{rel}","templated":true}]}}