{"id":35351,"date":"2025-06-17T14:04:57","date_gmt":"2025-06-17T14:04:57","guid":{"rendered":"https:\/\/mps.digital-monkey.in\/product\/tuberia-de-agua-de-refrigeracion-volvo-penta-840719\/"},"modified":"2025-11-02T15:33:27","modified_gmt":"2025-11-02T15:33:27","slug":"tuberia-de-agua-de-refrigeracion-volvo-penta-840719","status":"publish","type":"product","link":"https:\/\/mps.digital-monkey.in\/es\/producto\/tuberia-de-agua-de-refrigeracion-volvo-penta-840719\/","title":{"rendered":"Tuber\u00eda de agua de refrigeraci\u00f3n Volvo Penta 840719"},"content":{"rendered":"<p>Tuber\u00eda de agua de refrigeraci\u00f3n Volvo Penta 840719<\/p>\n<p>Volvo Penta 2000, 2001, 2002, 2003<\/p>\n<p>Producto usado<\/p>\n","protected":false},"excerpt":{"rendered":"<p>Tuber\u00eda de agua de refrigeraci\u00f3n Volvo Penta 840719 Volvo Penta 2000, 2001, 2002, 2003 Producto usado<\/p>\n","protected":false},"featured_media":35352,"comment_status":"open","ping_status":"closed","template":"","meta":[],"product_brand":[4229],"product_cat":[4486,2518,4464,4469,4472,3244,3246,4302,4462],"product_tag":[2812],"class_list":{"0":"post-35351","1":"product","2":"type-product","3":"status-publish","4":"has-post-thumbnail","6":"product_brand-volvo-penta","7":"product_cat-necesitas-piezas-volvo-penta","8":"product_cat-piezas-de-motor","9":"product_cat-recambios-volvo-penta-2001","10":"product_cat-recambios-volvo-penta-2002","11":"product_cat-recambios-volvo-penta-2003","12":"product_cat-sistemas-de-refrigeracion","13":"product_cat-tuberias-y-mangueras-de-agua","14":"product_cat-volvo-penta","15":"product_cat-volvo-penta-serie-2000","16":"product_tag-usado-2","17":"pa_condition-usado","18":"pa_model-3111","19":"pa_model-3112","20":"pa_model-3113","21":"pa_oem-or-aftermarket-oem","23":"first","24":"instock","25":"taxable","26":"shipping-taxable","27":"purchasable","28":"product-type-simple"},"supplier_id":null,"supplier_sku":"","barcode":null,"atum_controlled":true,"out_stock_date":null,"out_stock_threshold":null,"inheritable":false,"inbound_stock":null,"stock_on_hold":0,"sold_today":0,"sales_last_days":0,"reserved_stock":null,"customer_returns":null,"warehouse_damage":null,"lost_in_post":null,"other_logs":null,"out_stock_days":0,"lost_sales":0,"has_location":null,"update_date":"2025-11-04T10:47:56","atum_locations":[],"atum_stock_status":"instock","restock_status":false,"low_stock_amount":1,"sales_update_date":"2025-08-29T00:00:36","calc_backorders":null,"_links":{"self":[{"href":"https:\/\/mps.digital-monkey.in\/es\/wp-json\/wp\/v2\/product\/35351","targetHints":{"allow":["GET"]}}],"collection":[{"href":"https:\/\/mps.digital-monkey.in\/es\/wp-json\/wp\/v2\/product"}],"about":[{"href":"https:\/\/mps.digital-monkey.in\/es\/wp-json\/wp\/v2\/types\/product"}],"replies":[{"embeddable":true,"href":"https:\/\/mps.digital-monkey.in\/es\/wp-json\/wp\/v2\/comments?post=35351"}],"wp:featuredmedia":[{"embeddable":true,"href":"https:\/\/mps.digital-monkey.in\/es\/wp-json\/wp\/v2\/media\/35352"}],"wp:attachment":[{"href":"https:\/\/mps.digital-monkey.in\/es\/wp-json\/wp\/v2\/media?parent=35351"}],"wp:term":[{"taxonomy":"product_brand","embeddable":true,"href":"https:\/\/mps.digital-monkey.in\/es\/wp-json\/wp\/v2\/product_brand?post=35351"},{"taxonomy":"product_cat","embeddable":true,"href":"https:\/\/mps.digital-monkey.in\/es\/wp-json\/wp\/v2\/product_cat?post=35351"},{"taxonomy":"product_tag","embeddable":true,"href":"https:\/\/mps.digital-monkey.in\/es\/wp-json\/wp\/v2\/product_tag?post=35351"}],"curies":[{"name":"wp","href":"https:\/\/api.w.org\/{rel}","templated":true}]}}