{"id":35363,"date":"2025-06-17T14:04:58","date_gmt":"2025-06-17T14:04:58","guid":{"rendered":"https:\/\/mps.digital-monkey.in\/product\/tuberia-de-agua-de-refrigeracion-volvo-penta-840729\/"},"modified":"2025-11-04T10:59:44","modified_gmt":"2025-11-04T10:59:44","slug":"tuberia-de-agua-de-refrigeracion-volvo-penta-840729","status":"publish","type":"product","link":"https:\/\/mps.digital-monkey.in\/es\/producto\/tuberia-de-agua-de-refrigeracion-volvo-penta-840729\/","title":{"rendered":"Tuber\u00eda de agua de refrigeraci\u00f3n Volvo Penta 840729"},"content":{"rendered":"<p>Tuber\u00eda de agua de refrigeraci\u00f3n Volvo Penta 840729<\/p>\n<p>Producto usado<\/p>\n","protected":false},"excerpt":{"rendered":"<p>Tuber\u00eda de agua de refrigeraci\u00f3n Volvo Penta 840729 Producto usado<\/p>\n","protected":false},"featured_media":35364,"comment_status":"open","ping_status":"closed","template":"","meta":[],"product_brand":[4229],"product_cat":[4486,2518,3244,3246],"product_tag":[2812],"class_list":{"0":"post-35363","1":"product","2":"type-product","3":"status-publish","4":"has-post-thumbnail","6":"product_brand-volvo-penta","7":"product_cat-necesitas-piezas-volvo-penta","8":"product_cat-piezas-de-motor","9":"product_cat-sistemas-de-refrigeracion","10":"product_cat-tuberias-y-mangueras-de-agua","11":"product_tag-usado-2","12":"pa_condition-usado","13":"pa_model-3112","14":"pa_model-3113","15":"pa_model-2003t","16":"pa_oem-or-aftermarket-oem","18":"first","19":"instock","20":"taxable","21":"shipping-taxable","22":"purchasable","23":"product-type-simple"},"supplier_id":null,"supplier_sku":"","barcode":null,"atum_controlled":true,"out_stock_date":null,"out_stock_threshold":null,"inheritable":false,"inbound_stock":null,"stock_on_hold":0,"sold_today":0,"sales_last_days":0,"reserved_stock":null,"customer_returns":null,"warehouse_damage":null,"lost_in_post":null,"other_logs":null,"out_stock_days":0,"lost_sales":0,"has_location":null,"update_date":"2025-11-04T10:47:56","atum_locations":[],"atum_stock_status":"instock","restock_status":false,"low_stock_amount":1,"sales_update_date":"2025-08-29T00:00:36","calc_backorders":null,"_links":{"self":[{"href":"https:\/\/mps.digital-monkey.in\/es\/wp-json\/wp\/v2\/product\/35363","targetHints":{"allow":["GET"]}}],"collection":[{"href":"https:\/\/mps.digital-monkey.in\/es\/wp-json\/wp\/v2\/product"}],"about":[{"href":"https:\/\/mps.digital-monkey.in\/es\/wp-json\/wp\/v2\/types\/product"}],"replies":[{"embeddable":true,"href":"https:\/\/mps.digital-monkey.in\/es\/wp-json\/wp\/v2\/comments?post=35363"}],"wp:featuredmedia":[{"embeddable":true,"href":"https:\/\/mps.digital-monkey.in\/es\/wp-json\/wp\/v2\/media\/35364"}],"wp:attachment":[{"href":"https:\/\/mps.digital-monkey.in\/es\/wp-json\/wp\/v2\/media?parent=35363"}],"wp:term":[{"taxonomy":"product_brand","embeddable":true,"href":"https:\/\/mps.digital-monkey.in\/es\/wp-json\/wp\/v2\/product_brand?post=35363"},{"taxonomy":"product_cat","embeddable":true,"href":"https:\/\/mps.digital-monkey.in\/es\/wp-json\/wp\/v2\/product_cat?post=35363"},{"taxonomy":"product_tag","embeddable":true,"href":"https:\/\/mps.digital-monkey.in\/es\/wp-json\/wp\/v2\/product_tag?post=35363"}],"curies":[{"name":"wp","href":"https:\/\/api.w.org\/{rel}","templated":true}]}}