{"id":35369,"date":"2025-06-17T14:04:59","date_gmt":"2025-06-17T14:04:59","guid":{"rendered":"https:\/\/mps.digital-monkey.in\/product\/kit-de-tuberia-de-inyeccion-de-combustible-2003-2003t-volvo-penta-840894-840897-840898\/"},"modified":"2025-11-02T15:45:33","modified_gmt":"2025-11-02T15:45:33","slug":"kit-de-tuberia-de-inyeccion-de-combustible-2003-2003t-volvo-penta-840894-840897-840898","status":"publish","type":"product","link":"https:\/\/mps.digital-monkey.in\/es\/producto\/kit-de-tuberia-de-inyeccion-de-combustible-2003-2003t-volvo-penta-840894-840897-840898\/","title":{"rendered":"Kit de tuber\u00eda de inyecci\u00f3n de combustible 2003 - 2003T Volvo Penta 840894 - 840897 - 840898"},"content":{"rendered":"<p>Kit de tuber\u00eda de inyecci\u00f3n de combustible 2003 - 2003T Volvo Penta 840894 - 840897 - 840898<\/p>\n<p>Producto usado<\/p>\n","protected":false},"excerpt":{"rendered":"<p>Kit de tuber\u00eda de inyecci\u00f3n de combustible 2003 - 2003T Volvo Penta 840894 - 840897 - 840898 Producto usado<\/p>\n","protected":false},"featured_media":35371,"comment_status":"open","ping_status":"closed","template":"","meta":[],"product_brand":[4229],"product_cat":[4486,3413,2518,4472,4475,2652,4302,4462],"product_tag":[2812],"class_list":{"0":"post-35369","1":"product","2":"type-product","3":"status-publish","4":"has-post-thumbnail","6":"product_brand-volvo-penta","7":"product_cat-necesitas-piezas-volvo-penta","8":"product_cat-lineas-de-combustible","9":"product_cat-piezas-de-motor","10":"product_cat-recambios-volvo-penta-2003","11":"product_cat-recambios-volvo-penta-2003t","12":"product_cat-sistemas-de-combustible","13":"product_cat-volvo-penta","14":"product_cat-volvo-penta-serie-2000","15":"product_tag-usado-2","16":"pa_condition-usado","17":"pa_model-3113","18":"pa_model-2003t","19":"pa_model-2003tb","20":"pa_oem-or-aftermarket-oem","22":"first","23":"instock","24":"taxable","25":"shipping-taxable","26":"purchasable","27":"product-type-simple"},"supplier_id":null,"supplier_sku":"","barcode":null,"atum_controlled":true,"out_stock_date":null,"out_stock_threshold":null,"inheritable":false,"inbound_stock":null,"stock_on_hold":0,"sold_today":0,"sales_last_days":0,"reserved_stock":null,"customer_returns":null,"warehouse_damage":null,"lost_in_post":null,"other_logs":null,"out_stock_days":0,"lost_sales":0,"has_location":null,"update_date":"2025-11-04T10:47:56","atum_locations":[],"atum_stock_status":"instock","restock_status":false,"low_stock_amount":1,"sales_update_date":"2025-08-29T00:00:36","calc_backorders":null,"_links":{"self":[{"href":"https:\/\/mps.digital-monkey.in\/es\/wp-json\/wp\/v2\/product\/35369","targetHints":{"allow":["GET"]}}],"collection":[{"href":"https:\/\/mps.digital-monkey.in\/es\/wp-json\/wp\/v2\/product"}],"about":[{"href":"https:\/\/mps.digital-monkey.in\/es\/wp-json\/wp\/v2\/types\/product"}],"replies":[{"embeddable":true,"href":"https:\/\/mps.digital-monkey.in\/es\/wp-json\/wp\/v2\/comments?post=35369"}],"wp:featuredmedia":[{"embeddable":true,"href":"https:\/\/mps.digital-monkey.in\/es\/wp-json\/wp\/v2\/media\/35371"}],"wp:attachment":[{"href":"https:\/\/mps.digital-monkey.in\/es\/wp-json\/wp\/v2\/media?parent=35369"}],"wp:term":[{"taxonomy":"product_brand","embeddable":true,"href":"https:\/\/mps.digital-monkey.in\/es\/wp-json\/wp\/v2\/product_brand?post=35369"},{"taxonomy":"product_cat","embeddable":true,"href":"https:\/\/mps.digital-monkey.in\/es\/wp-json\/wp\/v2\/product_cat?post=35369"},{"taxonomy":"product_tag","embeddable":true,"href":"https:\/\/mps.digital-monkey.in\/es\/wp-json\/wp\/v2\/product_tag?post=35369"}],"curies":[{"name":"wp","href":"https:\/\/api.w.org\/{rel}","templated":true}]}}