{"id":35478,"date":"2025-06-17T14:05:26","date_gmt":"2025-06-17T14:05:26","guid":{"rendered":"https:\/\/mps.digital-monkey.in\/product\/tubo-de-conexion-volvo-penta-846029\/"},"modified":"2025-11-04T10:49:08","modified_gmt":"2025-11-04T10:49:08","slug":"tubo-de-conexion-volvo-penta-846029","status":"publish","type":"product","link":"https:\/\/mps.digital-monkey.in\/es\/producto\/tubo-de-conexion-volvo-penta-846029\/","title":{"rendered":"Tubo de conexi\u00f3n Volvo Penta 846029"},"content":{"rendered":"<p>Tubo de conexi\u00f3n Volvo Penta 846029<\/p>\n<p>MD30A, TMD30A, TAMD30A, AQAD30A, AD30A<\/p>\n<p> Usado, est\u00e1 cortado m\u00e1s corto<\/p>\n","protected":false},"excerpt":{"rendered":"<p>Tubo de conexi\u00f3n Volvo Penta 846029 MD30A, TMD30A, TAMD30A, AQAD30A, AD30A Usado, est\u00e1 cortado m\u00e1s corto<\/p>\n","protected":false},"featured_media":35479,"comment_status":"open","ping_status":"closed","template":"","meta":[],"product_brand":[4229],"product_cat":[4486,2518,3644],"product_tag":[2812],"class_list":{"0":"post-35478","1":"product","2":"type-product","3":"status-publish","4":"has-post-thumbnail","6":"product_brand-volvo-penta","7":"product_cat-necesitas-piezas-volvo-penta","8":"product_cat-piezas-de-motor","9":"product_cat-sistemas-de-admision","10":"product_tag-usado-2","11":"pa_condition-usado","12":"pa_model-ad30","13":"pa_model-aqad30","14":"pa_model-md30","15":"pa_model-tamd30","16":"pa_model-tmd30","17":"pa_oem-or-aftermarket-oem","19":"first","20":"instock","21":"taxable","22":"shipping-taxable","23":"purchasable","24":"product-type-simple"},"supplier_id":null,"supplier_sku":"","barcode":null,"atum_controlled":true,"out_stock_date":null,"out_stock_threshold":null,"inheritable":false,"inbound_stock":null,"stock_on_hold":0,"sold_today":0,"sales_last_days":0,"reserved_stock":null,"customer_returns":null,"warehouse_damage":null,"lost_in_post":null,"other_logs":null,"out_stock_days":0,"lost_sales":0,"has_location":null,"update_date":"2025-11-04T10:47:56","atum_locations":[],"atum_stock_status":"instock","restock_status":false,"low_stock_amount":1,"sales_update_date":"2025-08-29T00:00:36","calc_backorders":null,"_links":{"self":[{"href":"https:\/\/mps.digital-monkey.in\/es\/wp-json\/wp\/v2\/product\/35478","targetHints":{"allow":["GET"]}}],"collection":[{"href":"https:\/\/mps.digital-monkey.in\/es\/wp-json\/wp\/v2\/product"}],"about":[{"href":"https:\/\/mps.digital-monkey.in\/es\/wp-json\/wp\/v2\/types\/product"}],"replies":[{"embeddable":true,"href":"https:\/\/mps.digital-monkey.in\/es\/wp-json\/wp\/v2\/comments?post=35478"}],"wp:featuredmedia":[{"embeddable":true,"href":"https:\/\/mps.digital-monkey.in\/es\/wp-json\/wp\/v2\/media\/35479"}],"wp:attachment":[{"href":"https:\/\/mps.digital-monkey.in\/es\/wp-json\/wp\/v2\/media?parent=35478"}],"wp:term":[{"taxonomy":"product_brand","embeddable":true,"href":"https:\/\/mps.digital-monkey.in\/es\/wp-json\/wp\/v2\/product_brand?post=35478"},{"taxonomy":"product_cat","embeddable":true,"href":"https:\/\/mps.digital-monkey.in\/es\/wp-json\/wp\/v2\/product_cat?post=35478"},{"taxonomy":"product_tag","embeddable":true,"href":"https:\/\/mps.digital-monkey.in\/es\/wp-json\/wp\/v2\/product_tag?post=35478"}],"curies":[{"name":"wp","href":"https:\/\/api.w.org\/{rel}","templated":true}]}}