{"id":35555,"date":"2025-06-17T14:05:57","date_gmt":"2025-06-17T14:05:57","guid":{"rendered":"https:\/\/mps.digital-monkey.in\/product\/kit-fuelle-volvo-penta-saildrive-110s-120s-130s-150s-ms25-854934-21389074-aftermarket\/"},"modified":"2025-12-02T11:06:42","modified_gmt":"2025-12-02T11:06:42","slug":"kit-fuelle-volvo-penta-saildrive-110s-120s-130s-150s-ms25-854934-21389074-aftermarket","status":"publish","type":"product","link":"https:\/\/mps.digital-monkey.in\/es\/producto\/kit-fuelle-volvo-penta-saildrive-110s-120s-130s-150s-ms25-854934-21389074-aftermarket\/","title":{"rendered":"Kit fuelle Volvo Penta Saildrive 110S, 120S, 130S, 150S, MS25| 854934 - 21389074 (aftermarket)"},"content":{"rendered":"<p>Kit de fuelle <strong>para Volvo Penta Saildrive (110S, 120S, 130S, 150S, MS25)<br \/>\n<\/strong>Este kit de fuelle de alta calidad es una excelente alternativa al producto original Volvo Penta. Fabricado con materiales duraderos y dise\u00f1ado con precisi\u00f3n, este kit proporciona una soluci\u00f3n fiable y rentable para tu Saildrive.<br \/>\n<strong><br \/>\n<\/strong><\/p>\n<p><strong>Compatible con los siguientes modelos:<\/strong><\/p>\n<ul>\n<li>Saildrive <strong>110S<\/strong><\/li>\n<\/ul>\n<ul>\n<li>Saildrive <strong>120S<\/strong><\/li>\n<\/ul>\n<ul>\n<li>Saildrive <strong>130S<\/strong><\/li>\n<\/ul>\n<ul>\n<li>Saildrive <strong>150S<\/strong><\/li>\n<\/ul>\n<ul>\n<li>Saildrive <strong>MS25<\/strong><\/li>\n<\/ul>\n<p><strong> <\/strong><\/p>\n<p><strong>Caracter\u00edsticas:<\/strong><\/p>\n<ul>\n<li><strong>Calidad y durabilidad:<\/strong> Fabricado con materiales de primera calidad para un rendimiento duradero.<\/li>\n<\/ul>\n<ul>\n<li><strong>Ajuste perfecto:<\/strong> Dise\u00f1ado para adaptarse perfectamente a los modelos especificados.<\/li>\n<\/ul>\n<ul>\n<li><strong>Alternativa asequible:<\/strong> Ofrece la misma funcionalidad que el original, a un precio competitivo.<\/li>\n<\/ul>\n<p><strong> <\/strong><\/p>\n<p><strong>\u00bfPor qu\u00e9 elegir este kit de fuelle?<\/strong>El kit de fuelle es esencial para proteger tu Saildrive contra la entrada de agua y el desgaste. Con este kit de recambio, puedes asegurarte de que tu Saildrive siga funcionando de forma \u00f3ptima, incluso en condiciones exigentes.\u00bfNecesitas ayuda para encontrar el producto adecuado?<br \/>\nPonte en contacto con nosotros, \u00a1estaremos encantados de ayudarte!<\/p>\n<p>&nbsp;<\/p>\n<p>&nbsp;<\/p>\n","protected":false},"excerpt":{"rendered":"<p>Kit de fuelle para Volvo Penta Saildrive (110S, 120S, 130S, 150S, MS25) Este kit de fuelle de alta calidad es una excelente alternativa al producto original Volvo Penta. Fabricado con materiales duraderos y dise\u00f1ado con precisi\u00f3n, este kit proporciona una soluci\u00f3n fiable y rentable para tu Saildrive. Compatible con los siguientes modelos: Saildrive 110S Saildrive [&hellip;]<\/p>\n","protected":false},"featured_media":35556,"comment_status":"open","ping_status":"closed","template":"","meta":[],"product_brand":[4229],"product_cat":[2497,3040,3970,4525,4598,4573],"product_tag":[],"class_list":{"0":"post-35555","1":"product","2":"type-product","3":"status-publish","4":"has-post-thumbnail","6":"product_brand-volvo-penta","7":"product_cat-piezas-de-mantenimiento-del-motor","8":"product_cat-kits-de-mantenimiento-y-reparacion","9":"product_cat-kits-de-reparacion-saildrive","10":"product_cat-recambios-volvo-penta","11":"product_cat-recambios-volvo-penta-120s-saildrive-service","12":"product_cat-recambios-volvo-penta-saildrive-service","13":"pa_condition-nuevo","14":"pa_model-110s","15":"pa_model-120s","16":"pa_model-130s","17":"pa_model-150s","18":"pa_model-ms25","19":"pa_oem-or-aftermarket-posventa","21":"first","22":"onbackorder","23":"taxable","24":"shipping-taxable","25":"purchasable","26":"product-type-simple"},"supplier_id":null,"supplier_sku":"","barcode":null,"atum_controlled":true,"out_stock_date":"2026-03-18 15:58:00","out_stock_threshold":null,"inheritable":false,"inbound_stock":0,"stock_on_hold":1,"sold_today":1,"sales_last_days":1,"reserved_stock":0,"customer_returns":0,"warehouse_damage":0,"lost_in_post":0,"other_logs":0,"out_stock_days":0,"lost_sales":0,"has_location":false,"update_date":"2026-03-18T15:58:12","atum_locations":[],"atum_stock_status":"onbackorder","restock_status":false,"low_stock_amount":"","sales_update_date":"2026-03-18T15:58:12","calc_backorders":0,"_links":{"self":[{"href":"https:\/\/mps.digital-monkey.in\/es\/wp-json\/wp\/v2\/product\/35555","targetHints":{"allow":["GET"]}}],"collection":[{"href":"https:\/\/mps.digital-monkey.in\/es\/wp-json\/wp\/v2\/product"}],"about":[{"href":"https:\/\/mps.digital-monkey.in\/es\/wp-json\/wp\/v2\/types\/product"}],"replies":[{"embeddable":true,"href":"https:\/\/mps.digital-monkey.in\/es\/wp-json\/wp\/v2\/comments?post=35555"}],"wp:featuredmedia":[{"embeddable":true,"href":"https:\/\/mps.digital-monkey.in\/es\/wp-json\/wp\/v2\/media\/35556"}],"wp:attachment":[{"href":"https:\/\/mps.digital-monkey.in\/es\/wp-json\/wp\/v2\/media?parent=35555"}],"wp:term":[{"taxonomy":"product_brand","embeddable":true,"href":"https:\/\/mps.digital-monkey.in\/es\/wp-json\/wp\/v2\/product_brand?post=35555"},{"taxonomy":"product_cat","embeddable":true,"href":"https:\/\/mps.digital-monkey.in\/es\/wp-json\/wp\/v2\/product_cat?post=35555"},{"taxonomy":"product_tag","embeddable":true,"href":"https:\/\/mps.digital-monkey.in\/es\/wp-json\/wp\/v2\/product_tag?post=35555"}],"curies":[{"name":"wp","href":"https:\/\/api.w.org\/{rel}","templated":true}]}}