{"id":35585,"date":"2025-06-17T14:05:58","date_gmt":"2025-06-17T14:05:58","guid":{"rendered":"https:\/\/mps.digital-monkey.in\/product\/filtro-de-aire-858488\/"},"modified":"2025-06-17T14:05:58","modified_gmt":"2025-06-17T14:05:58","slug":"filtro-de-aire-858488","status":"publish","type":"product","link":"https:\/\/mps.digital-monkey.in\/es\/product\/filtro-de-aire-858488\/","title":{"rendered":"Filtro de aire 858488"},"content":{"rendered":"<h3><strong>Filtro de aire 3809924<\/strong><\/h3>\n<p>El Filtro de Aire 3809924 asegura un flujo de aire limpio y filtrado a tu motor diesel, protegiendo los componentes internos del polvo, la suciedad y otras part\u00edculas en suspensi\u00f3n. Dise\u00f1ado para mantener el rendimiento del motor, mejorar la eficiencia del combustible y prolongar su vida \u00fatil. Fabricado para cumplir las normas de calidad y durabilidad de los fabricantes de equipos originales.  <\/p>\n<p><strong>Compatible con los siguientes modelos de motor:<\/strong><\/p>\n<p><strong>Serie AD:<\/strong><br \/>\nAD31, AD31B, AD31D, AD31D-A, AD31L-A, AD31P-A, AD31XD<br \/>\nAD41A, AD41B, AD41BJ, AD41D, AD41L-A, AD41P-A<\/p>\n<p><strong>Serie D41:<\/strong><br \/>\nD41B, D41D, D41L-A<\/p>\n<p><strong>Serie MD:<\/strong><br \/>\nMD31A<\/p>\n<p><strong>Serie TAMD:<\/strong><br \/>\nTAMD31A, TAMD31B, TAMD31D, TAMD31L-A, TAMD31M, TAMD31M-A, TAMD31P-A<br \/>\nTAMD41A, TAMD41B, TAMD41D, TAMD41H-A, TAMD41H-B, TAMD41P, TAMD41P-A<br \/>\nTAMD42B, TAMD42WJ-A<\/p>\n<p><strong>Serie TMD:<\/strong><br \/>\nTMD31A, TMD31B, TMD31D, TMD31L-A<br \/>\nTMD41A, TMD41B, TMD41D, TMD41L-A<\/p>\n<hr>\n<p><strong>\u2705 N\u00famero de pieza OEM:<\/strong> 3809924<br \/>\n\u2699\ufe0f <strong>Aplicaci\u00f3n:<\/strong> Motores diesel marinos<br \/>\n???? <strong>Funci\u00f3n:<\/strong> Filtra el aire de admisi\u00f3n para evitar el desgaste del motor<br \/>\n???? <strong>Nota:<\/strong> Confirma siempre la compatibilidad con tu modelo de motor espec\u00edfico antes de la instalaci\u00f3n<\/p>\n<hr>\n","protected":false},"excerpt":{"rendered":"<p>Filtro de aire 3809924 El Filtro de Aire 3809924 asegura un flujo de aire limpio y filtrado a tu motor diesel, protegiendo los componentes internos del polvo, la suciedad y otras part\u00edculas en suspensi\u00f3n. Dise\u00f1ado para mantener el rendimiento del motor, mejorar la eficiencia del combustible y prolongar su vida \u00fatil. Fabricado para cumplir las [&hellip;]<\/p>\n","protected":false},"featured_media":43122,"comment_status":"open","ping_status":"closed","template":"","meta":[],"product_brand":[4229],"product_cat":[2656,2497,4525],"product_tag":[],"class_list":{"0":"post-35585","1":"product","2":"type-product","3":"status-publish","4":"has-post-thumbnail","6":"product_brand-volvo-penta","7":"product_cat-filtros-de-aire","8":"product_cat-piezas-de-mantenimiento-del-motor","9":"product_cat-recambios-volvo-penta","10":"pa_condition-nuevo","11":"pa_model-ad31","12":"pa_model-ad41","13":"pa_model-d41","14":"pa_model-md31","15":"pa_model-tamd31","16":"pa_model-tamd41","17":"pa_model-tamd42","18":"pa_model-tmd31","19":"pa_model-tmd41","20":"pa_oem-or-aftermarket-oem","22":"first","23":"onbackorder","24":"taxable","25":"shipping-taxable","26":"purchasable","27":"product-type-simple"},"supplier_id":null,"supplier_sku":"","barcode":null,"atum_controlled":true,"out_stock_date":"2025-11-21 12:49:35","out_stock_threshold":null,"inheritable":false,"inbound_stock":null,"stock_on_hold":0,"sold_today":0,"sales_last_days":0,"reserved_stock":null,"customer_returns":null,"warehouse_damage":null,"lost_in_post":null,"other_logs":null,"out_stock_days":0,"lost_sales":0,"has_location":null,"update_date":"2025-11-21T12:49:49","atum_locations":[],"atum_stock_status":"onbackorder","restock_status":false,"low_stock_amount":"","sales_update_date":"2025-08-29T00:00:40","calc_backorders":0,"_links":{"self":[{"href":"https:\/\/mps.digital-monkey.in\/es\/wp-json\/wp\/v2\/product\/35585","targetHints":{"allow":["GET"]}}],"collection":[{"href":"https:\/\/mps.digital-monkey.in\/es\/wp-json\/wp\/v2\/product"}],"about":[{"href":"https:\/\/mps.digital-monkey.in\/es\/wp-json\/wp\/v2\/types\/product"}],"replies":[{"embeddable":true,"href":"https:\/\/mps.digital-monkey.in\/es\/wp-json\/wp\/v2\/comments?post=35585"}],"wp:featuredmedia":[{"embeddable":true,"href":"https:\/\/mps.digital-monkey.in\/es\/wp-json\/wp\/v2\/media\/43122"}],"wp:attachment":[{"href":"https:\/\/mps.digital-monkey.in\/es\/wp-json\/wp\/v2\/media?parent=35585"}],"wp:term":[{"taxonomy":"product_brand","embeddable":true,"href":"https:\/\/mps.digital-monkey.in\/es\/wp-json\/wp\/v2\/product_brand?post=35585"},{"taxonomy":"product_cat","embeddable":true,"href":"https:\/\/mps.digital-monkey.in\/es\/wp-json\/wp\/v2\/product_cat?post=35585"},{"taxonomy":"product_tag","embeddable":true,"href":"https:\/\/mps.digital-monkey.in\/es\/wp-json\/wp\/v2\/product_tag?post=35585"}],"curies":[{"name":"wp","href":"https:\/\/api.w.org\/{rel}","templated":true}]}}