{"id":35588,"date":"2025-06-17T14:05:58","date_gmt":"2025-06-17T14:05:58","guid":{"rendered":"https:\/\/mps.digital-monkey.in\/product\/volvo-penta-858455-ellebogen\/"},"modified":"2025-10-30T10:10:24","modified_gmt":"2025-10-30T10:10:24","slug":"volvo-penta-858455-ellebogen","status":"publish","type":"product","link":"https:\/\/mps.digital-monkey.in\/es\/product\/volvo-penta-858455-ellebogen\/","title":{"rendered":"Volvo Penta &#8211; 858455 (Ellebogen)"},"content":{"rendered":"<p>El soporte de motor marino Ellebogen VP 70 con referencia 858455.<\/p>\n<ul>\n<li><strong>Indicaci\u00f3n en la goma: <\/strong>70<\/li>\n<li><strong>Carga est\u00e1tica m\u00e1xima: <\/strong>140 kg<\/li>\n<\/ul>\n<p>&nbsp;<\/p>\n<p><a href=\"https:\/\/ellebogen.com\/en\/engine-mount\/penta-md17\/\" target=\"_blank\" rel=\"noopener\"><br \/>\n<\/a>Penta MD17, Penta MD2020 Saildrive, Penta MD2020B Saildrive, Penta MD2020C Saildrive, Penta MD2020D Saildrive, Penta MD2030 Saildrive, Penta MD2030B Saildrive, Penta MD2030C Saildrive, Penta MD2030D Saildrive<\/p>\n","protected":false},"excerpt":{"rendered":"<p>El soporte de motor marino Ellebogen VP 70 con referencia 858455. Indicaci\u00f3n en la goma: 70 Carga est\u00e1tica m\u00e1xima: 140 kg &nbsp; Penta MD17, Penta MD2020 Saildrive, Penta MD2020B Saildrive, Penta MD2020C Saildrive, Penta MD2020D Saildrive, Penta MD2030 Saildrive, Penta MD2030B Saildrive, Penta MD2030C Saildrive, Penta MD2030D Saildrive<\/p>\n","protected":false},"featured_media":35589,"comment_status":"open","ping_status":"closed","template":"","meta":[],"product_brand":[4232,4229],"product_cat":[2871,2518,4311,4314,4302,4368,4304],"product_tag":[],"class_list":{"0":"post-35588","1":"product","2":"type-product","3":"status-publish","4":"has-post-thumbnail","6":"product_brand-ellebogen","7":"product_brand-volvo-penta","8":"product_cat-bancadas-de-motor","9":"product_cat-piezas-de-motor","10":"product_cat-recambios-volvo-penta-md2020","11":"product_cat-recambios-volvo-penta-md2030","12":"product_cat-volvo-penta","13":"product_cat-volvo-penta-md17","14":"product_cat-volvo-penta-serie-md","15":"pa_condition-nuevo","16":"pa_model-md17","17":"pa_model-md17c","18":"pa_model-md17d","19":"pa_model-md2020","20":"pa_model-md2030","21":"pa_oem-or-aftermarket-posventa","23":"first","24":"instock","25":"taxable","26":"shipping-taxable","27":"purchasable","28":"product-type-simple"},"supplier_id":null,"supplier_sku":"","barcode":null,"atum_controlled":true,"out_stock_date":null,"out_stock_threshold":null,"inheritable":false,"inbound_stock":0,"stock_on_hold":0,"sold_today":0,"sales_last_days":0,"reserved_stock":0,"customer_returns":0,"warehouse_damage":0,"lost_in_post":0,"other_logs":0,"out_stock_days":0,"lost_sales":0,"has_location":false,"update_date":"2025-10-30T10:10:03","atum_locations":[],"atum_stock_status":"instock","restock_status":false,"low_stock_amount":1,"sales_update_date":"2025-09-08T19:21:21","calc_backorders":null,"_links":{"self":[{"href":"https:\/\/mps.digital-monkey.in\/es\/wp-json\/wp\/v2\/product\/35588","targetHints":{"allow":["GET"]}}],"collection":[{"href":"https:\/\/mps.digital-monkey.in\/es\/wp-json\/wp\/v2\/product"}],"about":[{"href":"https:\/\/mps.digital-monkey.in\/es\/wp-json\/wp\/v2\/types\/product"}],"replies":[{"embeddable":true,"href":"https:\/\/mps.digital-monkey.in\/es\/wp-json\/wp\/v2\/comments?post=35588"}],"wp:featuredmedia":[{"embeddable":true,"href":"https:\/\/mps.digital-monkey.in\/es\/wp-json\/wp\/v2\/media\/35589"}],"wp:attachment":[{"href":"https:\/\/mps.digital-monkey.in\/es\/wp-json\/wp\/v2\/media?parent=35588"}],"wp:term":[{"taxonomy":"product_brand","embeddable":true,"href":"https:\/\/mps.digital-monkey.in\/es\/wp-json\/wp\/v2\/product_brand?post=35588"},{"taxonomy":"product_cat","embeddable":true,"href":"https:\/\/mps.digital-monkey.in\/es\/wp-json\/wp\/v2\/product_cat?post=35588"},{"taxonomy":"product_tag","embeddable":true,"href":"https:\/\/mps.digital-monkey.in\/es\/wp-json\/wp\/v2\/product_tag?post=35588"}],"curies":[{"name":"wp","href":"https:\/\/api.w.org\/{rel}","templated":true}]}}