{"id":35663,"date":"2025-06-17T14:06:54","date_gmt":"2025-06-17T14:06:54","guid":{"rendered":"https:\/\/mps.digital-monkey.in\/product\/tuberia-de-agua-de-refrigeracion-2003-2003t-volvo-penta-860474\/"},"modified":"2025-11-02T15:44:01","modified_gmt":"2025-11-02T15:44:01","slug":"tuberia-de-agua-de-refrigeracion-2003-2003t-volvo-penta-860474","status":"publish","type":"product","link":"https:\/\/mps.digital-monkey.in\/es\/producto\/tuberia-de-agua-de-refrigeracion-2003-2003t-volvo-penta-860474\/","title":{"rendered":"Tuber\u00eda de agua de refrigeraci\u00f3n 2003 - 2003T Volvo Penta 860474"},"content":{"rendered":"<p>Tuber\u00eda de agua de refrigeraci\u00f3n 2003 - 2003T Volvo Penta 860474<\/p>\n<p>Tuber\u00eda entre la bomba de agua y el radiador de aceite 2003 2003T<\/p>\n<p>Producto usado<\/p>\n","protected":false},"excerpt":{"rendered":"<p>Tuber\u00eda de agua de refrigeraci\u00f3n 2003 - 2003T Volvo Penta 860474 Tuber\u00eda entre la bomba de agua y el radiador de aceite 2003 2003T Producto usado<\/p>\n","protected":false},"featured_media":35664,"comment_status":"open","ping_status":"closed","template":"","meta":[],"product_brand":[4229],"product_cat":[4495,2518,4472,4475,3244,3246,4302,4462],"product_tag":[2812],"class_list":{"0":"post-35663","1":"product","2":"type-product","3":"status-publish","4":"has-post-thumbnail","6":"product_brand-volvo-penta","7":"product_cat-comprar-recambios-usados-volvo-penta","8":"product_cat-piezas-de-motor","9":"product_cat-recambios-volvo-penta-2003","10":"product_cat-recambios-volvo-penta-2003t","11":"product_cat-sistemas-de-refrigeracion","12":"product_cat-tuberias-y-mangueras-de-agua","13":"product_cat-volvo-penta","14":"product_cat-volvo-penta-serie-2000","15":"product_tag-usado-2","16":"pa_condition-usado","17":"pa_model-3113","18":"pa_model-2003t","19":"pa_oem-or-aftermarket-oem","21":"first","22":"instock","23":"taxable","24":"shipping-taxable","25":"purchasable","26":"product-type-simple"},"supplier_id":null,"supplier_sku":"","barcode":null,"atum_controlled":true,"out_stock_date":null,"out_stock_threshold":null,"inheritable":false,"inbound_stock":null,"stock_on_hold":0,"sold_today":0,"sales_last_days":0,"reserved_stock":null,"customer_returns":null,"warehouse_damage":null,"lost_in_post":null,"other_logs":null,"out_stock_days":0,"lost_sales":0,"has_location":null,"update_date":"2025-11-04T10:45:05","atum_locations":[],"atum_stock_status":"instock","restock_status":false,"low_stock_amount":1,"sales_update_date":"2025-08-29T00:00:37","calc_backorders":null,"_links":{"self":[{"href":"https:\/\/mps.digital-monkey.in\/es\/wp-json\/wp\/v2\/product\/35663","targetHints":{"allow":["GET"]}}],"collection":[{"href":"https:\/\/mps.digital-monkey.in\/es\/wp-json\/wp\/v2\/product"}],"about":[{"href":"https:\/\/mps.digital-monkey.in\/es\/wp-json\/wp\/v2\/types\/product"}],"replies":[{"embeddable":true,"href":"https:\/\/mps.digital-monkey.in\/es\/wp-json\/wp\/v2\/comments?post=35663"}],"wp:featuredmedia":[{"embeddable":true,"href":"https:\/\/mps.digital-monkey.in\/es\/wp-json\/wp\/v2\/media\/35664"}],"wp:attachment":[{"href":"https:\/\/mps.digital-monkey.in\/es\/wp-json\/wp\/v2\/media?parent=35663"}],"wp:term":[{"taxonomy":"product_brand","embeddable":true,"href":"https:\/\/mps.digital-monkey.in\/es\/wp-json\/wp\/v2\/product_brand?post=35663"},{"taxonomy":"product_cat","embeddable":true,"href":"https:\/\/mps.digital-monkey.in\/es\/wp-json\/wp\/v2\/product_cat?post=35663"},{"taxonomy":"product_tag","embeddable":true,"href":"https:\/\/mps.digital-monkey.in\/es\/wp-json\/wp\/v2\/product_tag?post=35663"}],"curies":[{"name":"wp","href":"https:\/\/api.w.org\/{rel}","templated":true}]}}