{"id":35681,"date":"2025-06-17T14:06:55","date_gmt":"2025-06-17T14:06:55","guid":{"rendered":"https:\/\/mps.digital-monkey.in\/product\/filtro-de-aceite-861473\/"},"modified":"2025-12-02T09:30:29","modified_gmt":"2025-12-02T09:30:29","slug":"filtro-de-aceite-861473","status":"publish","type":"product","link":"https:\/\/mps.digital-monkey.in\/es\/producto\/filtro-de-aceite-861473\/","title":{"rendered":"Filtro de aceite Volvo Penta 861473"},"content":{"rendered":"<p data-start=\"432\" data-end=\"467\"><strong data-start=\"432\" data-end=\"465\">Filtro de aceite Volvo Penta 861473<\/strong><\/p>\n<p data-start=\"469\" data-end=\"667\">Mant\u00e9n tu motor Volvo Penta con este filtro de aceite 861473 de alta calidad. Dise\u00f1ado para proporcionar una filtraci\u00f3n superior, mantiene el aceite limpio, protege los componentes del motor y garantiza un rendimiento \u00f3ptimo. <\/p>\n<p data-start=\"669\" data-end=\"694\"><strong data-start=\"669\" data-end=\"692\">Motores compatibles:<\/strong><\/p>\n<ul data-start=\"695\" data-end=\"850\">\n<li data-start=\"695\" data-end=\"758\">\n<p data-start=\"697\" data-end=\"758\"><strong data-start=\"697\" data-end=\"711\">Serie D1:<\/strong> D1-13, D1-13B, D1-13F, D1-20, D1-20B, D1-20F<\/p>\n<\/li>\n<li data-start=\"759\" data-end=\"850\">\n<p data-start=\"761\" data-end=\"850\"><strong data-start=\"761\" data-end=\"775\">Serie MD:<\/strong> MD2010, MD2010B, MD2010-C, MD2010-D, MD2020, MD2020B, MD2020-C, MD2020-D<\/p>\n<\/li>\n<\/ul>\n<p data-start=\"852\" data-end=\"871\"><strong data-start=\"852\" data-end=\"869\">Caracter\u00edsticas principales:<\/strong><\/p>\n<ul data-start=\"872\" data-end=\"1040\">\n<li data-start=\"872\" data-end=\"917\">\n<p data-start=\"874\" data-end=\"917\">Filtraci\u00f3n superior para la protecci\u00f3n del motor<\/p>\n<\/li>\n<li data-start=\"918\" data-end=\"974\">\n<p data-start=\"920\" data-end=\"974\">Mantiene limpia la circulaci\u00f3n del aceite para un rendimiento m\u00e1ximo<\/p>\n<\/li>\n<li data-start=\"975\" data-end=\"1040\">\n<p data-start=\"977\" data-end=\"1040\">Recambio duradero y fiable para los motores de las series D1 y MD<\/p>\n<\/li>\n<\/ul>\n<p data-start=\"1042\" data-end=\"1163\">Perfecto para el <strong data-start=\"1054\" data-end=\"1099\">mantenimiento profesional o el bricolaje<\/strong>, ya que ayuda a prolongar la vida \u00fatil del motor y a mantener un funcionamiento sin problemas.<\/p>\n","protected":false},"excerpt":{"rendered":"<p>Filtro de aceite Volvo Penta 861473 Mant\u00e9n tu motor Volvo Penta con este filtro de aceite 861473 de alta calidad. Dise\u00f1ado para proporcionar una filtraci\u00f3n superior, mantiene el aceite limpio, protege los componentes del motor y garantiza un rendimiento \u00f3ptimo. Motores compatibles: Serie D1: D1-13, D1-13B, D1-13F, D1-20, D1-20B, D1-20F Serie MD: MD2010, MD2010B, MD2010-C, [&hellip;]<\/p>\n","protected":false},"featured_media":25993,"comment_status":"open","ping_status":"closed","template":"","meta":[],"product_brand":[4229],"product_cat":[2788,4586,2497,4525,4293,4291,4306,4311,4302,4304],"product_tag":[],"class_list":{"0":"post-35681","1":"product","2":"type-product","3":"status-publish","4":"has-post-thumbnail","6":"product_brand-volvo-penta","7":"product_cat-filtros-de-aceite","8":"product_cat-filtros-de-aceite-volvo-penta","9":"product_cat-piezas-de-mantenimiento-del-motor","10":"product_cat-recambios-volvo-penta","11":"product_cat-recambios-volvo-penta-d1-13","12":"product_cat-recambios-volvo-penta-d1-20","13":"product_cat-recambios-volvo-penta-md2010","14":"product_cat-recambios-volvo-penta-md2020","15":"product_cat-volvo-penta","16":"product_cat-volvo-penta-serie-md","17":"pa_condition-nuevo","18":"pa_model-d1-13","19":"pa_model-d1-20","20":"pa_model-md2010","21":"pa_model-md2020","22":"pa_oem-or-aftermarket-oem","24":"first","25":"instock","26":"taxable","27":"shipping-taxable","28":"purchasable","29":"product-type-simple"},"supplier_id":32142,"supplier_sku":"861473","barcode":null,"atum_controlled":true,"out_stock_date":null,"out_stock_threshold":null,"inheritable":false,"inbound_stock":0,"stock_on_hold":0,"sold_today":0,"sales_last_days":0,"reserved_stock":0,"customer_returns":0,"warehouse_damage":0,"lost_in_post":0,"other_logs":0,"out_stock_days":0,"lost_sales":0,"has_location":false,"update_date":"2026-03-05T15:27:29","atum_locations":[],"atum_stock_status":"instock","restock_status":false,"low_stock_amount":"","sales_update_date":"2026-03-05T15:27:29","calc_backorders":null,"_links":{"self":[{"href":"https:\/\/mps.digital-monkey.in\/es\/wp-json\/wp\/v2\/product\/35681","targetHints":{"allow":["GET"]}}],"collection":[{"href":"https:\/\/mps.digital-monkey.in\/es\/wp-json\/wp\/v2\/product"}],"about":[{"href":"https:\/\/mps.digital-monkey.in\/es\/wp-json\/wp\/v2\/types\/product"}],"replies":[{"embeddable":true,"href":"https:\/\/mps.digital-monkey.in\/es\/wp-json\/wp\/v2\/comments?post=35681"}],"wp:featuredmedia":[{"embeddable":true,"href":"https:\/\/mps.digital-monkey.in\/es\/wp-json\/wp\/v2\/media\/25993"}],"wp:attachment":[{"href":"https:\/\/mps.digital-monkey.in\/es\/wp-json\/wp\/v2\/media?parent=35681"}],"wp:term":[{"taxonomy":"product_brand","embeddable":true,"href":"https:\/\/mps.digital-monkey.in\/es\/wp-json\/wp\/v2\/product_brand?post=35681"},{"taxonomy":"product_cat","embeddable":true,"href":"https:\/\/mps.digital-monkey.in\/es\/wp-json\/wp\/v2\/product_cat?post=35681"},{"taxonomy":"product_tag","embeddable":true,"href":"https:\/\/mps.digital-monkey.in\/es\/wp-json\/wp\/v2\/product_tag?post=35681"}],"curies":[{"name":"wp","href":"https:\/\/api.w.org\/{rel}","templated":true}]}}