{"id":35750,"date":"2025-06-17T14:07:45","date_gmt":"2025-06-17T14:07:45","guid":{"rendered":"https:\/\/mps.digital-monkey.in\/product\/motor-de-arranque-volvo-penta-873549\/"},"modified":"2025-11-02T15:33:48","modified_gmt":"2025-11-02T15:33:48","slug":"motor-de-arranque-volvo-penta-873549","status":"publish","type":"product","link":"https:\/\/mps.digital-monkey.in\/es\/product\/motor-de-arranque-volvo-penta-873549\/","title":{"rendered":"Motor de arranque Volvo Penta 873549"},"content":{"rendered":"<p><strong>Especificaciones:<\/strong><\/p>\n<p>Potencia del motor de arranque (kW): 1,2<br \/>\nTensi\u00f3n (voltios): 12<br \/>\nN\u00famero de dientes: 9<br \/>\nSentido de giro: En el sentido de las agujas del reloj<br \/>\nN\u00famero de orificios de montaje: 2<br \/>\n\u00d8 de la brida [mm]: 82,3<br \/>\nTerminal: B+ (M8)<br \/>\n\u00c1ngulo de montaje [grados]: +45<\/p>\n<p><strong> <\/strong><\/p>\n<p><strong>Para:<\/strong><\/p>\n<p>Volvo Penta<br \/>\n2001, 2002, 2003, 2003T, 230A, 230B, AQ125B, AQ131A, AQ131B, AQ131C, AQ131D, AQ145A, AQ145B, BB145A, 250A, 250B, 251A, AQ151A, AQ151B, AQ151C, AQ171A, AQ171C<\/p>\n<p><strong> <\/strong><\/p>\n<p><strong>Pieza de recambio<\/strong><\/p>\n","protected":false},"excerpt":{"rendered":"<p>Especificaciones: Potencia del motor de arranque (kW): 1,2 Tensi\u00f3n (voltios): 12 N\u00famero de dientes: 9 Sentido de giro: En el sentido de las agujas del reloj N\u00famero de orificios de montaje: 2 \u00d8 de la brida [mm]: 82,3 Terminal: B+ (M8) \u00c1ngulo de montaje [grados]: +45 Para: Volvo Penta 2001, 2002, 2003, 2003T, 230A, 230B, [&hellip;]<\/p>\n","protected":false},"featured_media":35751,"comment_status":"open","ping_status":"closed","template":"","meta":[],"product_brand":[4229],"product_cat":[2723,2497,2518,4464,4469,4472,4475,2519,4302,4462],"product_tag":[],"class_list":{"0":"post-35750","1":"product","2":"type-product","3":"status-publish","4":"has-post-thumbnail","6":"product_brand-volvo-penta","7":"product_cat-motores-de-arranque","8":"product_cat-piezas-de-mantenimiento-del-motor","9":"product_cat-piezas-de-motor","10":"product_cat-recambios-volvo-penta-2001","11":"product_cat-recambios-volvo-penta-2002","12":"product_cat-recambios-volvo-penta-2003","13":"product_cat-recambios-volvo-penta-2003t","14":"product_cat-sistemas-electricos","15":"product_cat-volvo-penta","16":"product_cat-volvo-penta-serie-2000","18":"first","19":"instock","20":"taxable","21":"shipping-taxable","22":"purchasable","23":"product-type-simple"},"supplier_id":null,"supplier_sku":"","barcode":null,"atum_controlled":true,"out_stock_date":null,"out_stock_threshold":null,"inheritable":false,"inbound_stock":0,"stock_on_hold":0,"sold_today":0,"sales_last_days":0,"reserved_stock":0,"customer_returns":0,"warehouse_damage":0,"lost_in_post":0,"other_logs":0,"out_stock_days":0,"lost_sales":0,"has_location":false,"update_date":"2025-11-02T15:44:48","atum_locations":[],"atum_stock_status":"instock","restock_status":false,"low_stock_amount":"","sales_update_date":"2025-08-29T00:00:40","calc_backorders":null,"_links":{"self":[{"href":"https:\/\/mps.digital-monkey.in\/es\/wp-json\/wp\/v2\/product\/35750","targetHints":{"allow":["GET"]}}],"collection":[{"href":"https:\/\/mps.digital-monkey.in\/es\/wp-json\/wp\/v2\/product"}],"about":[{"href":"https:\/\/mps.digital-monkey.in\/es\/wp-json\/wp\/v2\/types\/product"}],"replies":[{"embeddable":true,"href":"https:\/\/mps.digital-monkey.in\/es\/wp-json\/wp\/v2\/comments?post=35750"}],"wp:featuredmedia":[{"embeddable":true,"href":"https:\/\/mps.digital-monkey.in\/es\/wp-json\/wp\/v2\/media\/35751"}],"wp:attachment":[{"href":"https:\/\/mps.digital-monkey.in\/es\/wp-json\/wp\/v2\/media?parent=35750"}],"wp:term":[{"taxonomy":"product_brand","embeddable":true,"href":"https:\/\/mps.digital-monkey.in\/es\/wp-json\/wp\/v2\/product_brand?post=35750"},{"taxonomy":"product_cat","embeddable":true,"href":"https:\/\/mps.digital-monkey.in\/es\/wp-json\/wp\/v2\/product_cat?post=35750"},{"taxonomy":"product_tag","embeddable":true,"href":"https:\/\/mps.digital-monkey.in\/es\/wp-json\/wp\/v2\/product_tag?post=35750"}],"curies":[{"name":"wp","href":"https:\/\/api.w.org\/{rel}","templated":true}]}}