{"id":35756,"date":"2025-06-17T14:07:46","date_gmt":"2025-06-17T14:07:46","guid":{"rendered":"https:\/\/mps.digital-monkey.in\/product\/kit-termostato-volvo-penta-875785\/"},"modified":"2026-02-27T10:54:59","modified_gmt":"2026-02-27T10:54:59","slug":"kit-termostato-volvo-penta-875785","status":"publish","type":"product","link":"https:\/\/mps.digital-monkey.in\/es\/producto\/kit-termostato-volvo-penta-875785\/","title":{"rendered":"Kit termostato Volvo Penta 875785"},"content":{"rendered":"<h3><strong>Kit Termostato Volvo Penta - 875785<\/strong><\/h3>\n<p>El kit de termostato Volvo Penta 875785 es una pieza de recambio original OEM dise\u00f1ada para mantener la temperatura \u00f3ptima del motor regulando el flujo de refrigerante. Este kit de termostato est\u00e1 dise\u00f1ado espec\u00edficamente para una gama de motores diesel marinos Volvo Penta, garantizando un rendimiento fiable y protegiendo el motor contra el sobrecalentamiento. <\/p>\n<p><strong>Los modelos de motor compatibles son<\/strong><\/p>\n<ul>\n<li>\n<p>Volvo Penta AQD19<\/p>\n<\/li>\n<li>\n<p>Volvo Penta MD19<\/p>\n<\/li>\n<li>\n<p>Volvo Penta AQD21A, AQD21B<\/p>\n<\/li>\n<li>\n<p>Volvo Penta MD21A, MD21B<\/p>\n<\/li>\n<li>\n<p>Volvo Penta AQD27<\/p>\n<\/li>\n<li>\n<p>Volvo Penta MD27<\/p>\n<\/li>\n<li>\n<p>Volvo Penta AQD29, AQD29A<\/p>\n<\/li>\n<li>\n<p>Volvo Penta MD29, MD29A<\/p>\n<\/li>\n<li>\n<p>Volvo Penta AQD32A<\/p>\n<\/li>\n<li>\n<p>Volvo Penta MD32A<\/p>\n<\/li>\n<\/ul>\n<p><strong>Caracter\u00edsticas principales:<\/strong><\/p>\n<ul>\n<li>\n<p>Pieza original Volvo Penta OEM para un ajuste preciso<\/p>\n<\/li>\n<li>\n<p>Mantiene estable la temperatura de funcionamiento para la longevidad del motor<\/p>\n<\/li>\n<li>\n<p>Evita el sobrecalentamiento y los fallos del sistema de refrigeraci\u00f3n<\/p>\n<\/li>\n<li>\n<p>Dise\u00f1o duradero para entornos marinos<\/p>\n<\/li>\n<\/ul>\n<hr>\n<p>\u2705 <strong>N\u00famero de pieza OEM:<\/strong> 875785<br \/>\n\u2699\ufe0f <strong>Aplicaci\u00f3n:<\/strong> Kit de termostato para motores diesel marinos Volvo Penta seleccionados<\/p>\n<hr>\n","protected":false},"excerpt":{"rendered":"<p>Kit Termostato Volvo Penta - 875785 El kit de termostato Volvo Penta 875785 es una pieza de recambio original OEM dise\u00f1ada para mantener la temperatura \u00f3ptima del motor regulando el flujo de refrigerante. Este kit de termostato est\u00e1 dise\u00f1ado espec\u00edficamente para una gama de motores diesel marinos Volvo Penta, garantizando un rendimiento fiable y protegiendo [&hellip;]<\/p>\n","protected":false},"featured_media":26094,"comment_status":"open","ping_status":"closed","template":"","meta":[],"product_brand":[4229],"product_cat":[2497,4525,3295],"product_tag":[],"class_list":{"0":"post-35756","1":"product","2":"type-product","3":"status-publish","4":"has-post-thumbnail","6":"product_brand-volvo-penta","7":"product_cat-piezas-de-mantenimiento-del-motor","8":"product_cat-recambios-volvo-penta","9":"product_cat-termostatos","11":"first","12":"onbackorder","13":"taxable","14":"shipping-taxable","15":"purchasable","16":"product-type-simple"},"supplier_id":null,"supplier_sku":"","barcode":null,"atum_controlled":true,"out_stock_date":"2025-11-21 12:48:49","out_stock_threshold":null,"inheritable":false,"inbound_stock":null,"stock_on_hold":0,"sold_today":0,"sales_last_days":0,"reserved_stock":null,"customer_returns":null,"warehouse_damage":null,"lost_in_post":null,"other_logs":null,"out_stock_days":0,"lost_sales":0,"has_location":null,"update_date":"2025-11-21T12:49:49","atum_locations":[],"atum_stock_status":"onbackorder","restock_status":false,"low_stock_amount":"","sales_update_date":"2025-08-29T00:00:40","calc_backorders":0,"_links":{"self":[{"href":"https:\/\/mps.digital-monkey.in\/es\/wp-json\/wp\/v2\/product\/35756","targetHints":{"allow":["GET"]}}],"collection":[{"href":"https:\/\/mps.digital-monkey.in\/es\/wp-json\/wp\/v2\/product"}],"about":[{"href":"https:\/\/mps.digital-monkey.in\/es\/wp-json\/wp\/v2\/types\/product"}],"replies":[{"embeddable":true,"href":"https:\/\/mps.digital-monkey.in\/es\/wp-json\/wp\/v2\/comments?post=35756"}],"wp:featuredmedia":[{"embeddable":true,"href":"https:\/\/mps.digital-monkey.in\/es\/wp-json\/wp\/v2\/media\/26094"}],"wp:attachment":[{"href":"https:\/\/mps.digital-monkey.in\/es\/wp-json\/wp\/v2\/media?parent=35756"}],"wp:term":[{"taxonomy":"product_brand","embeddable":true,"href":"https:\/\/mps.digital-monkey.in\/es\/wp-json\/wp\/v2\/product_brand?post=35756"},{"taxonomy":"product_cat","embeddable":true,"href":"https:\/\/mps.digital-monkey.in\/es\/wp-json\/wp\/v2\/product_cat?post=35756"},{"taxonomy":"product_tag","embeddable":true,"href":"https:\/\/mps.digital-monkey.in\/es\/wp-json\/wp\/v2\/product_tag?post=35756"}],"curies":[{"name":"wp","href":"https:\/\/api.w.org\/{rel}","templated":true}]}}