{"id":35759,"date":"2025-06-17T14:07:46","date_gmt":"2025-06-17T14:07:46","guid":{"rendered":"https:\/\/mps.digital-monkey.in\/product\/kit-termostato-volvo-penta-875783\/"},"modified":"2026-02-27T10:54:49","modified_gmt":"2026-02-27T10:54:49","slug":"kit-termostato-volvo-penta-875783","status":"publish","type":"product","link":"https:\/\/mps.digital-monkey.in\/es\/producto\/kit-termostato-volvo-penta-875783\/","title":{"rendered":"Kit termostato Volvo Penta 875783"},"content":{"rendered":"<h3><strong>Kit Termostato Volvo Penta - 875783<\/strong><\/h3>\n<p>El Kit Termostato Volvo Penta 875783 es una pieza de recambio original OEM dise\u00f1ada para regular la temperatura del motor y garantizar un rendimiento eficaz de la refrigeraci\u00f3n. Ayuda a evitar el sobrecalentamiento y mantiene un funcionamiento \u00f3ptimo del motor. <\/p>\n<p><strong>Compatible con los siguientes motores:<\/strong><\/p>\n<ul>\n<li>\n<p>MD5A<\/p>\n<\/li>\n<li>\n<p>MD5B<\/p>\n<\/li>\n<li>\n<p>MD5C<\/p>\n<\/li>\n<\/ul>\n<p><strong>Beneficios clave:<\/strong><\/p>\n<ul>\n<li>\n<p>Garantiza una regulaci\u00f3n adecuada de la temperatura del motor<\/p>\n<\/li>\n<li>\n<p>Ayuda a evitar el sobrecalentamiento y el desgaste del motor<\/p>\n<\/li>\n<li>\n<p>Rendimiento fiable y duradero<\/p>\n<\/li>\n<li>\n<p><strong>Producto original OEM Volvo Penta<\/strong><\/p>\n<\/li>\n<\/ul>\n<hr>\n<p><strong>\u2705 N\u00famero de pieza OEM:<\/strong> 875783<br \/>\n\u2699\ufe0f <strong>Aplicaci\u00f3n:<\/strong> Motores marinos Volvo Penta serie MD5<br \/>\n???? <strong>Nota:<\/strong> Utiliza siempre piezas originales para un mejor ajuste y rendimiento<\/p>\n<hr>\n","protected":false},"excerpt":{"rendered":"<p>Kit Termostato Volvo Penta - 875783 El Kit Termostato Volvo Penta 875783 es una pieza de recambio original OEM dise\u00f1ada para regular la temperatura del motor y garantizar un rendimiento eficaz de la refrigeraci\u00f3n. Ayuda a evitar el sobrecalentamiento y mantiene un funcionamiento \u00f3ptimo del motor. Compatible con los siguientes motores: MD5A MD5B MD5C Beneficios [&hellip;]<\/p>\n","protected":false},"featured_media":26089,"comment_status":"open","ping_status":"closed","template":"","meta":[],"product_brand":[4229],"product_cat":[2497,4525,3295,4302,4356,4304],"product_tag":[],"class_list":{"0":"post-35759","1":"product","2":"type-product","3":"status-publish","4":"has-post-thumbnail","6":"product_brand-volvo-penta","7":"product_cat-piezas-de-mantenimiento-del-motor","8":"product_cat-recambios-volvo-penta","9":"product_cat-termostatos","10":"product_cat-volvo-penta","11":"product_cat-volvo-penta-md5","12":"product_cat-volvo-penta-serie-md","14":"first","15":"onbackorder","16":"taxable","17":"shipping-taxable","18":"purchasable","19":"product-type-simple"},"supplier_id":null,"supplier_sku":"","barcode":null,"atum_controlled":true,"out_stock_date":"2025-11-21 12:48:44","out_stock_threshold":null,"inheritable":false,"inbound_stock":null,"stock_on_hold":0,"sold_today":0,"sales_last_days":0,"reserved_stock":null,"customer_returns":null,"warehouse_damage":null,"lost_in_post":null,"other_logs":null,"out_stock_days":0,"lost_sales":0,"has_location":null,"update_date":"2025-11-21T12:49:49","atum_locations":[],"atum_stock_status":"onbackorder","restock_status":false,"low_stock_amount":"","sales_update_date":"2025-08-29T00:00:40","calc_backorders":0,"_links":{"self":[{"href":"https:\/\/mps.digital-monkey.in\/es\/wp-json\/wp\/v2\/product\/35759","targetHints":{"allow":["GET"]}}],"collection":[{"href":"https:\/\/mps.digital-monkey.in\/es\/wp-json\/wp\/v2\/product"}],"about":[{"href":"https:\/\/mps.digital-monkey.in\/es\/wp-json\/wp\/v2\/types\/product"}],"replies":[{"embeddable":true,"href":"https:\/\/mps.digital-monkey.in\/es\/wp-json\/wp\/v2\/comments?post=35759"}],"wp:featuredmedia":[{"embeddable":true,"href":"https:\/\/mps.digital-monkey.in\/es\/wp-json\/wp\/v2\/media\/26089"}],"wp:attachment":[{"href":"https:\/\/mps.digital-monkey.in\/es\/wp-json\/wp\/v2\/media?parent=35759"}],"wp:term":[{"taxonomy":"product_brand","embeddable":true,"href":"https:\/\/mps.digital-monkey.in\/es\/wp-json\/wp\/v2\/product_brand?post=35759"},{"taxonomy":"product_cat","embeddable":true,"href":"https:\/\/mps.digital-monkey.in\/es\/wp-json\/wp\/v2\/product_cat?post=35759"},{"taxonomy":"product_tag","embeddable":true,"href":"https:\/\/mps.digital-monkey.in\/es\/wp-json\/wp\/v2\/product_tag?post=35759"}],"curies":[{"name":"wp","href":"https:\/\/api.w.org\/{rel}","templated":true}]}}