{"id":35774,"date":"2025-06-17T14:07:47","date_gmt":"2025-06-17T14:07:47","guid":{"rendered":"https:\/\/mps.digital-monkey.in\/product\/kit-termostato-volvo-penta-875791\/"},"modified":"2026-02-27T10:54:41","modified_gmt":"2026-02-27T10:54:41","slug":"kit-termostato-volvo-penta-875791","status":"publish","type":"product","link":"https:\/\/mps.digital-monkey.in\/es\/product\/kit-termostato-volvo-penta-875791\/","title":{"rendered":"Kit termostato Volvo Penta 875791"},"content":{"rendered":"<p>Kit de <strong>termostato para la serie Volvo Penta AQ \/ BB \/ MB &#8211; 875791<\/strong><br \/>\nEste kit de termostato original Volvo Penta (n\u00famero de pieza 875791) est\u00e1 dise\u00f1ado para su uso en una amplia gama de motores marinos de gasolina Volvo Penta cl\u00e1sicos. Garantiza una temperatura \u00f3ptima del motor regulando el flujo de refrigerante, ayudando a evitar el sobrecalentamiento y a mantener un rendimiento fiable del motor. <\/p>\n<p><strong>Adecuado para modelos de motor Volvo Penta:<\/strong><\/p>\n<p><strong>Serie AQ:<\/strong> AQ115A, AQ115B, AQ120B, AQ125A, AQ130C, AQ130D, AQ140A, AQ165A, AQ170A, AQ170B, AQ170C<br \/>\n<strong>Serie BB:<\/strong> BB115A, BB115B, BB115C, BB140A, BB165A, BB170A, BB170B, BB170C<br \/>\n<strong>Serie MB:<\/strong> MB20A<\/p>\n<hr>\n<p><strong>Caracter\u00edsticas principales:<\/strong><\/p>\n<ul>\n<li>\n<p>Pieza original Volvo Penta OEM 875791<\/p>\n<\/li>\n<li>\n<p>Dise\u00f1ado para motores de gasolina<\/p>\n<\/li>\n<li>\n<p>Mantiene la temperatura correcta del motor para un rendimiento \u00f3ptimo<\/p>\n<\/li>\n<li>\n<p>Construido seg\u00fan los exigentes est\u00e1ndares marinos de Volvo Penta<\/p>\n<\/li>\n<\/ul>\n<p>???? <strong>N\u00famero de pieza:<\/strong> 875791<br \/>\n???? <strong>Incluye:<\/strong> Termostato y junta(s)<\/p>\n<hr>\n","protected":false},"excerpt":{"rendered":"<p>Kit de termostato para la serie Volvo Penta AQ \/ BB \/ MB &#8211; 875791 Este kit de termostato original Volvo Penta (n\u00famero de pieza 875791) est\u00e1 dise\u00f1ado para su uso en una amplia gama de motores marinos de gasolina Volvo Penta cl\u00e1sicos. Garantiza una temperatura \u00f3ptima del motor regulando el flujo de refrigerante, ayudando [&hellip;]<\/p>\n","protected":false},"featured_media":26107,"comment_status":"open","ping_status":"closed","template":"","meta":[],"product_brand":[4229],"product_cat":[2497,4525,3295],"product_tag":[],"class_list":{"0":"post-35774","1":"product","2":"type-product","3":"status-publish","4":"has-post-thumbnail","6":"product_brand-volvo-penta","7":"product_cat-piezas-de-mantenimiento-del-motor","8":"product_cat-recambios-volvo-penta","9":"product_cat-termostatos","11":"first","12":"onbackorder","13":"taxable","14":"shipping-taxable","15":"purchasable","16":"product-type-simple"},"supplier_id":null,"supplier_sku":"","barcode":null,"atum_controlled":true,"out_stock_date":"2025-11-21 12:48:32","out_stock_threshold":null,"inheritable":false,"inbound_stock":null,"stock_on_hold":0,"sold_today":0,"sales_last_days":0,"reserved_stock":null,"customer_returns":null,"warehouse_damage":null,"lost_in_post":null,"other_logs":null,"out_stock_days":0,"lost_sales":0,"has_location":null,"update_date":"2025-11-21T12:49:49","atum_locations":[],"atum_stock_status":"onbackorder","restock_status":false,"low_stock_amount":"","sales_update_date":"2025-08-29T00:00:40","calc_backorders":0,"_links":{"self":[{"href":"https:\/\/mps.digital-monkey.in\/es\/wp-json\/wp\/v2\/product\/35774","targetHints":{"allow":["GET"]}}],"collection":[{"href":"https:\/\/mps.digital-monkey.in\/es\/wp-json\/wp\/v2\/product"}],"about":[{"href":"https:\/\/mps.digital-monkey.in\/es\/wp-json\/wp\/v2\/types\/product"}],"replies":[{"embeddable":true,"href":"https:\/\/mps.digital-monkey.in\/es\/wp-json\/wp\/v2\/comments?post=35774"}],"wp:featuredmedia":[{"embeddable":true,"href":"https:\/\/mps.digital-monkey.in\/es\/wp-json\/wp\/v2\/media\/26107"}],"wp:attachment":[{"href":"https:\/\/mps.digital-monkey.in\/es\/wp-json\/wp\/v2\/media?parent=35774"}],"wp:term":[{"taxonomy":"product_brand","embeddable":true,"href":"https:\/\/mps.digital-monkey.in\/es\/wp-json\/wp\/v2\/product_brand?post=35774"},{"taxonomy":"product_cat","embeddable":true,"href":"https:\/\/mps.digital-monkey.in\/es\/wp-json\/wp\/v2\/product_cat?post=35774"},{"taxonomy":"product_tag","embeddable":true,"href":"https:\/\/mps.digital-monkey.in\/es\/wp-json\/wp\/v2\/product_tag?post=35774"}],"curies":[{"name":"wp","href":"https:\/\/api.w.org\/{rel}","templated":true}]}}