{"id":35813,"date":"2025-06-17T14:08:26","date_gmt":"2025-06-17T14:08:26","guid":{"rendered":"https:\/\/mps.digital-monkey.in\/product\/kit-de-mantenimiento-md-2010-2020-c-d-d1-13-d1-20-21189380-877198\/"},"modified":"2026-02-27T10:53:33","modified_gmt":"2026-02-27T10:53:33","slug":"kit-de-mantenimiento-md-2010-2020-c-d-d1-13-d1-20-21189380-877198","status":"publish","type":"product","link":"https:\/\/mps.digital-monkey.in\/es\/producto\/kit-de-mantenimiento-md-2010-2020-c-d-d1-13-d1-20-21189380-877198\/","title":{"rendered":"Kit de mantenimiento Volvo Penta MD 2010-2020 C, D D1-13 D1-20 21189380 (877198)"},"content":{"rendered":"<p data-start=\"456\" data-end=\"507\"><strong data-start=\"456\" data-end=\"505\">Kit de servicio Volvo Penta para motores de la serie D1 y MD2010, MD2020<\/strong><\/p>\n<p data-start=\"509\" data-end=\"670\">Mant\u00e9n tu motor Volvo Penta D1 al m\u00e1ximo rendimiento con este kit de servicio todo en uno, dise\u00f1ado para los modelos D1-13, D1-13B, D1-13F, D1-20, D1-20B y D1-20F. tambi\u00e9n para los modelos MD2010, 2010C, 2010D, 2020, 2020C y 2020D. <\/p>\n<p data-start=\"672\" data-end=\"687\"><strong data-start=\"672\" data-end=\"685\">Incluye:<\/strong><\/p>\n<ul data-start=\"688\" data-end=\"969\">\n<li data-start=\"688\" data-end=\"780\">\n<p data-start=\"690\" data-end=\"780\"><strong data-start=\"690\" data-end=\"705\">Filtro de aceite:<\/strong> 861473 - Protege tu motor manteniendo el aceite limpio y libre de residuos.<\/p>\n<\/li>\n<li data-start=\"781\" data-end=\"869\">\n<p data-start=\"783\" data-end=\"869\"><strong data-start=\"783\" data-end=\"799\">Filtro de combustible:<\/strong> 861477 - Garantiza un combustible libre de contaminantes para un funcionamiento suave del motor.<\/p>\n<\/li>\n<li data-start=\"870\" data-end=\"969\">\n<p data-start=\"872\" data-end=\"969\"><strong data-start=\"872\" data-end=\"885\">Impeller:<\/strong> 22222936 - Mantiene el flujo de agua para evitar el sobrecalentamiento y salvaguardar tu motor.<\/p>\n<\/li>\n<\/ul>\n<p data-start=\"971\" data-end=\"1103\">Perfecto tanto para el mantenimiento de bricolaje como para el servicio profesional, este kit proporciona todos los componentes esenciales en un c\u00f3modo paquete.<\/p>\n","protected":false},"excerpt":{"rendered":"<p>Kit de servicio Volvo Penta para motores de la serie D1 y MD2010, MD2020 Mant\u00e9n tu motor Volvo Penta D1 al m\u00e1ximo rendimiento con este kit de servicio todo en uno, dise\u00f1ado para los modelos D1-13, D1-13B, D1-13F, D1-20, D1-20B y D1-20F. tambi\u00e9n para los modelos MD2010, 2010C, 2010D, 2020, 2020C y 2020D. Incluye: Filtro [&hellip;]<\/p>\n","protected":false},"featured_media":26136,"comment_status":"open","ping_status":"closed","template":"","meta":[],"product_brand":[4229],"product_cat":[3201,4478,2497,4525,4293,4291,4306,4311,4302,4304],"product_tag":[],"class_list":{"0":"post-35813","1":"product","2":"type-product","3":"status-publish","4":"has-post-thumbnail","6":"product_brand-volvo-penta","7":"product_cat-kits-de-servicio","8":"product_cat-kits-de-servicio-volvo-penta","9":"product_cat-piezas-de-mantenimiento-del-motor","10":"product_cat-recambios-volvo-penta","11":"product_cat-recambios-volvo-penta-d1-13","12":"product_cat-recambios-volvo-penta-d1-20","13":"product_cat-recambios-volvo-penta-md2010","14":"product_cat-recambios-volvo-penta-md2020","15":"product_cat-volvo-penta","16":"product_cat-volvo-penta-serie-md","17":"pa_condition-nuevo","18":"pa_model-d1-13","19":"pa_model-d1-20","20":"pa_model-md2010","21":"pa_model-md2020","22":"pa_oem-or-aftermarket-oem","24":"first","25":"onbackorder","26":"taxable","27":"shipping-taxable","28":"purchasable","29":"product-type-simple"},"supplier_id":32142,"supplier_sku":"21189380","barcode":null,"atum_controlled":true,"out_stock_date":"2025-11-21 12:48:02","out_stock_threshold":null,"inheritable":false,"inbound_stock":0,"stock_on_hold":0,"sold_today":0,"sales_last_days":0,"reserved_stock":0,"customer_returns":0,"warehouse_damage":0,"lost_in_post":0,"other_logs":0,"out_stock_days":104,"lost_sales":0,"has_location":false,"update_date":"2026-03-05T15:27:29","atum_locations":[],"atum_stock_status":"onbackorder","restock_status":false,"low_stock_amount":"","sales_update_date":"2026-03-05T15:27:29","calc_backorders":null,"_links":{"self":[{"href":"https:\/\/mps.digital-monkey.in\/es\/wp-json\/wp\/v2\/product\/35813","targetHints":{"allow":["GET"]}}],"collection":[{"href":"https:\/\/mps.digital-monkey.in\/es\/wp-json\/wp\/v2\/product"}],"about":[{"href":"https:\/\/mps.digital-monkey.in\/es\/wp-json\/wp\/v2\/types\/product"}],"replies":[{"embeddable":true,"href":"https:\/\/mps.digital-monkey.in\/es\/wp-json\/wp\/v2\/comments?post=35813"}],"wp:featuredmedia":[{"embeddable":true,"href":"https:\/\/mps.digital-monkey.in\/es\/wp-json\/wp\/v2\/media\/26136"}],"wp:attachment":[{"href":"https:\/\/mps.digital-monkey.in\/es\/wp-json\/wp\/v2\/media?parent=35813"}],"wp:term":[{"taxonomy":"product_brand","embeddable":true,"href":"https:\/\/mps.digital-monkey.in\/es\/wp-json\/wp\/v2\/product_brand?post=35813"},{"taxonomy":"product_cat","embeddable":true,"href":"https:\/\/mps.digital-monkey.in\/es\/wp-json\/wp\/v2\/product_cat?post=35813"},{"taxonomy":"product_tag","embeddable":true,"href":"https:\/\/mps.digital-monkey.in\/es\/wp-json\/wp\/v2\/product_tag?post=35813"}],"curies":[{"name":"wp","href":"https:\/\/api.w.org\/{rel}","templated":true}]}}