{"id":35948,"date":"2025-06-17T14:09:51","date_gmt":"2025-06-17T14:09:51","guid":{"rendered":"https:\/\/mps.digital-monkey.in\/product\/kit-de-reparacion-de-la-bomba-del-impulsor-volvo-penta-2001-2002-2003-volvo-penta-21951414\/"},"modified":"2025-11-02T15:35:38","modified_gmt":"2025-11-02T15:35:38","slug":"kit-de-reparacion-de-la-bomba-del-impulsor-volvo-penta-2001-2002-2003-volvo-penta-21951414","status":"publish","type":"product","link":"https:\/\/mps.digital-monkey.in\/es\/product\/kit-de-reparacion-de-la-bomba-del-impulsor-volvo-penta-2001-2002-2003-volvo-penta-21951414\/","title":{"rendered":"Kit de reparaci\u00f3n de la bomba del impulsor Volvo Penta 2001 2002 2003 Volvo Penta 21951414"},"content":{"rendered":"<h3>Impeller Kit de reparaci\u00f3n de bomba para Volvo Penta &#8211; 21951414<\/h3>\n<p>Este kit de reparaci\u00f3n posventa de alta calidad (n\u00famero de pieza 21951414) est\u00e1 dise\u00f1ado para la bomba impeller utilizada en los motores diesel marinos Volvo Penta de la serie 2000. Proporciona una soluci\u00f3n eficaz para el mantenimiento del sistema de refrigeraci\u00f3n de agua bruta del motor, garantizando un funcionamiento fiable y una mayor vida \u00fatil de los componentes. <\/p>\n<p><strong>Se adapta a los siguientes modelos de motor Volvo Penta:<\/strong><\/p>\n<ul>\n<li>\n<p>2001, 2001AG, 2001B, 2001BG<\/p>\n<\/li>\n<li>\n<p>2002, 2002AG, 2002B, 2002BG<\/p>\n<\/li>\n<li>\n<p>2003, 2003AG, 2003B, 2003BG<\/p>\n<\/li>\n<\/ul>\n<p><strong>No se trata de un producto original Volvo Penta<\/strong>, sino de un <strong>recambio de alta calidad<\/strong>, fabricado para cumplir o superar las especificaciones OEM.<\/p>\n<hr>\n<h3>Caracter\u00edsticas principales:<\/h3>\n<ul>\n<li>\n<p>Kit de reparaci\u00f3n de la bomba impeller no original &#8211; pieza n\u00ba 21951414<\/p>\n<\/li>\n<li>\n<p>Dise\u00f1ado para motores Volvo Penta de la serie 2000<\/p>\n<\/li>\n<li>\n<p>Garantiza el correcto funcionamiento de la bomba de agua y el rendimiento de la refrigeraci\u00f3n<\/p>\n<\/li>\n<li>\n<p>Durabilidad y resistencia a la corrosi\u00f3n de calidad marina<\/p>\n<\/li>\n<li>\n<p>Ajuste f\u00e1cil y funcionamiento fiable<\/p>\n<\/li>\n<\/ul>\n<p>???? <strong>N\u00famero de pieza:<\/strong> 21951414<br \/>\n????\ufe0f <strong>Tipo:<\/strong> Kit de reparaci\u00f3n de bomba de agua de mar \/ impeller<br \/>\n???? <strong>Incluye:<\/strong> Componentes completos del kit de reparaci\u00f3n<\/p>\n<hr>\n","protected":false},"excerpt":{"rendered":"<p>Impeller Kit de reparaci\u00f3n de bomba para Volvo Penta &#8211; 21951414 Este kit de reparaci\u00f3n posventa de alta calidad (n\u00famero de pieza 21951414) est\u00e1 dise\u00f1ado para la bomba impeller utilizada en los motores diesel marinos Volvo Penta de la serie 2000. Proporciona una soluci\u00f3n eficaz para el mantenimiento del sistema de refrigeraci\u00f3n de agua bruta [&hellip;]<\/p>\n","protected":false},"featured_media":23599,"comment_status":"open","ping_status":"closed","template":"","meta":[],"product_brand":[],"product_cat":[2497,4464,4469,4472,4302,4462],"product_tag":[],"class_list":{"0":"post-35948","1":"product","2":"type-product","3":"status-publish","4":"has-post-thumbnail","6":"product_cat-piezas-de-mantenimiento-del-motor","7":"product_cat-recambios-volvo-penta-2001","8":"product_cat-recambios-volvo-penta-2002","9":"product_cat-recambios-volvo-penta-2003","10":"product_cat-volvo-penta","11":"product_cat-volvo-penta-serie-2000","13":"first","14":"instock","15":"taxable","16":"shipping-taxable","17":"purchasable","18":"product-type-simple"},"supplier_id":null,"supplier_sku":"","barcode":null,"atum_controlled":true,"out_stock_date":null,"out_stock_threshold":null,"inheritable":false,"inbound_stock":null,"stock_on_hold":0,"sold_today":0,"sales_last_days":0,"reserved_stock":null,"customer_returns":null,"warehouse_damage":null,"lost_in_post":null,"other_logs":null,"out_stock_days":0,"lost_sales":0,"has_location":null,"update_date":"2025-11-02T15:41:47","atum_locations":[],"atum_stock_status":"instock","restock_status":false,"low_stock_amount":"","sales_update_date":"2025-08-29T00:00:37","calc_backorders":0,"_links":{"self":[{"href":"https:\/\/mps.digital-monkey.in\/es\/wp-json\/wp\/v2\/product\/35948","targetHints":{"allow":["GET"]}}],"collection":[{"href":"https:\/\/mps.digital-monkey.in\/es\/wp-json\/wp\/v2\/product"}],"about":[{"href":"https:\/\/mps.digital-monkey.in\/es\/wp-json\/wp\/v2\/types\/product"}],"replies":[{"embeddable":true,"href":"https:\/\/mps.digital-monkey.in\/es\/wp-json\/wp\/v2\/comments?post=35948"}],"wp:featuredmedia":[{"embeddable":true,"href":"https:\/\/mps.digital-monkey.in\/es\/wp-json\/wp\/v2\/media\/23599"}],"wp:attachment":[{"href":"https:\/\/mps.digital-monkey.in\/es\/wp-json\/wp\/v2\/media?parent=35948"}],"wp:term":[{"taxonomy":"product_brand","embeddable":true,"href":"https:\/\/mps.digital-monkey.in\/es\/wp-json\/wp\/v2\/product_brand?post=35948"},{"taxonomy":"product_cat","embeddable":true,"href":"https:\/\/mps.digital-monkey.in\/es\/wp-json\/wp\/v2\/product_cat?post=35948"},{"taxonomy":"product_tag","embeddable":true,"href":"https:\/\/mps.digital-monkey.in\/es\/wp-json\/wp\/v2\/product_tag?post=35948"}],"curies":[{"name":"wp","href":"https:\/\/api.w.org\/{rel}","templated":true}]}}