{"id":35951,"date":"2025-06-17T14:09:51","date_gmt":"2025-06-17T14:09:51","guid":{"rendered":"https:\/\/mps.digital-monkey.in\/product\/kit-de-desgaste-volvo-penta-2001-2002-2003-volvo-penta-21951368\/"},"modified":"2025-10-29T10:43:45","modified_gmt":"2025-10-29T10:43:45","slug":"kit-de-desgaste-volvo-penta-2001-2002-2003-volvo-penta-21951368","status":"publish","type":"product","link":"https:\/\/mps.digital-monkey.in\/es\/product\/kit-de-desgaste-volvo-penta-2001-2002-2003-volvo-penta-21951368\/","title":{"rendered":"Kit de desgaste Volvo Penta 2001, 2002, 2003 Volvo Penta 21951368"},"content":{"rendered":"<h3>Kit de desgaste para Volvo Penta &#8211; 21951368<\/h3>\n<p>Este <strong>kit de desgaste posventa<\/strong> de alta calidad (n\u00famero de pieza 21951368) est\u00e1 dise\u00f1ado para mantener y restaurar el rendimiento de las bombas de agua bruta Volvo Penta. Fabricado para satisfacer las exigentes condiciones marinas, este kit garantiza un funcionamiento fiable del sistema de refrigeraci\u00f3n y una larga durabilidad. <\/p>\n<p><strong>Se adapta a los siguientes modelos de motor Volvo Penta:<\/strong><\/p>\n<ul>\n<li>\n<p><strong>Serie 2000:<\/strong> 2001, 2001AG, 2001B, 2001BG, 2001D, 2001R<br \/>\n2002, 2002AG, 2002B, 2002BG, 2002D<br \/>\n2003, 2003B, 2003D, 2003R<\/p>\n<\/li>\n<li>\n<p><strong>Otros modelos diesel:<\/strong> AQD2B, MD11C, MD11D, MD17C, MD17D<br \/>\nMD1B, MD2B, MD3B, MD5A, MD5B, MD5C<br \/>\nMD6A, MD6B, MD6C, MD7A, MD7B<br \/>\nMB10A<\/p>\n<\/li>\n<\/ul>\n<p><strong>No se trata de un producto original Volvo Penta<\/strong>, sino de un <strong>recambio de alta calidad<\/strong> fabricado para cumplir o superar las especificaciones del OEM en cuanto a rendimiento y ajuste.<\/p>\n<hr>\n<h3>Caracter\u00edsticas principales:<\/h3>\n<ul>\n<li>\n<p>Kit de desgaste posventa &#8211; pieza n\u00ba 21951368<\/p>\n<\/li>\n<li>\n<p>Adecuado para varias generaciones de motores diesel marinos Volvo Penta<\/p>\n<\/li>\n<li>\n<p>Garantiza el funcionamiento continuo de la bomba de agua bruta<\/p>\n<\/li>\n<li>\n<p>Dise\u00f1ado para entornos marinos dif\u00edciles<\/p>\n<\/li>\n<li>\n<p>Componentes de recambio fiables y duraderos<\/p>\n<\/li>\n<\/ul>\n<p>???? <strong>N\u00famero de pieza:<\/strong> 21951368<br \/>\n????\ufe0f <strong>Tipo:<\/strong> Kit de desgaste para bomba de agua bruta<br \/>\n???? <strong>Incluye:<\/strong> Juego completo de componentes de desgaste<\/p>\n<hr>\n","protected":false},"excerpt":{"rendered":"<p>Kit de desgaste para Volvo Penta &#8211; 21951368 Este kit de desgaste posventa de alta calidad (n\u00famero de pieza 21951368) est\u00e1 dise\u00f1ado para mantener y restaurar el rendimiento de las bombas de agua bruta Volvo Penta. Fabricado para satisfacer las exigentes condiciones marinas, este kit garantiza un funcionamiento fiable del sistema de refrigeraci\u00f3n y una [&hellip;]<\/p>\n","protected":false},"featured_media":23594,"comment_status":"open","ping_status":"closed","template":"","meta":[],"product_brand":[4229],"product_cat":[2497,4525,4464,4469,4472,4302,4347,4365,4368,4349,4354,4356,4359,4362,4462,4304],"product_tag":[],"class_list":{"0":"post-35951","1":"product","2":"type-product","3":"status-publish","4":"has-post-thumbnail","6":"product_brand-volvo-penta","7":"product_cat-piezas-de-mantenimiento-del-motor","8":"product_cat-recambios-volvo-penta","9":"product_cat-recambios-volvo-penta-2001","10":"product_cat-recambios-volvo-penta-2002","11":"product_cat-recambios-volvo-penta-2003","12":"product_cat-volvo-penta","13":"product_cat-volvo-penta-md1","14":"product_cat-volvo-penta-md11","15":"product_cat-volvo-penta-md17","16":"product_cat-volvo-penta-md2","17":"product_cat-volvo-penta-md3","18":"product_cat-volvo-penta-md5","19":"product_cat-volvo-penta-md6","20":"product_cat-volvo-penta-md7","21":"product_cat-volvo-penta-serie-2000","22":"product_cat-volvo-penta-serie-md","24":"first","25":"instock","26":"taxable","27":"shipping-taxable","28":"purchasable","29":"product-type-simple"},"supplier_id":null,"supplier_sku":"","barcode":null,"atum_controlled":true,"out_stock_date":null,"out_stock_threshold":null,"inheritable":false,"inbound_stock":0,"stock_on_hold":0,"sold_today":0,"sales_last_days":0,"reserved_stock":0,"customer_returns":0,"warehouse_damage":0,"lost_in_post":0,"other_logs":0,"out_stock_days":0,"lost_sales":0,"has_location":false,"update_date":"2025-11-21T12:49:49","atum_locations":[],"atum_stock_status":"instock","restock_status":false,"low_stock_amount":"","sales_update_date":"2025-09-23T17:24:26","calc_backorders":0,"_links":{"self":[{"href":"https:\/\/mps.digital-monkey.in\/es\/wp-json\/wp\/v2\/product\/35951","targetHints":{"allow":["GET"]}}],"collection":[{"href":"https:\/\/mps.digital-monkey.in\/es\/wp-json\/wp\/v2\/product"}],"about":[{"href":"https:\/\/mps.digital-monkey.in\/es\/wp-json\/wp\/v2\/types\/product"}],"replies":[{"embeddable":true,"href":"https:\/\/mps.digital-monkey.in\/es\/wp-json\/wp\/v2\/comments?post=35951"}],"wp:featuredmedia":[{"embeddable":true,"href":"https:\/\/mps.digital-monkey.in\/es\/wp-json\/wp\/v2\/media\/23594"}],"wp:attachment":[{"href":"https:\/\/mps.digital-monkey.in\/es\/wp-json\/wp\/v2\/media?parent=35951"}],"wp:term":[{"taxonomy":"product_brand","embeddable":true,"href":"https:\/\/mps.digital-monkey.in\/es\/wp-json\/wp\/v2\/product_brand?post=35951"},{"taxonomy":"product_cat","embeddable":true,"href":"https:\/\/mps.digital-monkey.in\/es\/wp-json\/wp\/v2\/product_cat?post=35951"},{"taxonomy":"product_tag","embeddable":true,"href":"https:\/\/mps.digital-monkey.in\/es\/wp-json\/wp\/v2\/product_tag?post=35951"}],"curies":[{"name":"wp","href":"https:\/\/api.w.org\/{rel}","templated":true}]}}