{"id":35954,"date":"2025-06-17T14:09:51","date_gmt":"2025-06-17T14:09:51","guid":{"rendered":"https:\/\/mps.digital-monkey.in\/product\/kit-junta-de-culata-volvo-penta-md2030\/"},"modified":"2026-02-27T10:53:16","modified_gmt":"2026-02-27T10:53:16","slug":"kit-junta-de-culata-volvo-penta-md2030","status":"publish","type":"product","link":"https:\/\/mps.digital-monkey.in\/es\/producto\/kit-junta-de-culata-volvo-penta-md2030\/","title":{"rendered":"Kit junta de culata Volvo Penta MD2030"},"content":{"rendered":"<p>Juego completo de juntas para sustituir la junta de culata de<\/p>\n<p>El juego de juntas incluye<\/p>\n<ul>\n<li>Junta de culata (3580309)<\/li>\n<li>Juntas de la tapa de v\u00e1lvulas<\/li>\n<li>Juntas de la bomba de agua<\/li>\n<li>Juntas de v\u00e1stago de v\u00e1lvula<\/li>\n<li>Junta del colector de escape<\/li>\n<li>Junta del colector de admisi\u00f3n<\/li>\n<li>Junta del codo de escape<\/li>\n<\/ul>\n<p>Adecuado para:<\/p>\n<ul>\n<li>Volvo Penta MD2030A<\/li>\n<li>Volvo Penta MD2030B<\/li>\n<li>Volvo Penta MD2030C<\/li>\n<li>Volvo Penta MD2030D<\/li>\n<\/ul>\n","protected":false},"excerpt":{"rendered":"<p>Juego completo de juntas para sustituir la junta de culata de El juego de juntas incluye Junta de culata (3580309) Juntas de la tapa de v\u00e1lvulas Juntas de la bomba de agua Juntas de v\u00e1stago de v\u00e1lvula Junta del colector de escape Junta del colector de admisi\u00f3n Junta del codo de escape Adecuado para: Volvo [&hellip;]<\/p>\n","protected":false},"featured_media":35955,"comment_status":"open","ping_status":"closed","template":"","meta":[],"product_brand":[4229],"product_cat":[2497,4525,4314,4302,4304],"product_tag":[],"class_list":{"0":"post-35954","1":"product","2":"type-product","3":"status-publish","4":"has-post-thumbnail","6":"product_brand-volvo-penta","7":"product_cat-piezas-de-mantenimiento-del-motor","8":"product_cat-recambios-volvo-penta","9":"product_cat-recambios-volvo-penta-md2030","10":"product_cat-volvo-penta","11":"product_cat-volvo-penta-serie-md","13":"first","14":"instock","15":"taxable","16":"shipping-taxable","17":"purchasable","18":"product-type-simple"},"supplier_id":null,"supplier_sku":"","barcode":null,"atum_controlled":true,"out_stock_date":null,"out_stock_threshold":null,"inheritable":false,"inbound_stock":0,"stock_on_hold":1,"sold_today":1,"sales_last_days":1,"reserved_stock":null,"customer_returns":null,"warehouse_damage":null,"lost_in_post":null,"other_logs":null,"out_stock_days":0,"lost_sales":0,"has_location":null,"update_date":"2026-03-10T15:08:24","atum_locations":[],"atum_stock_status":"instock","restock_status":false,"low_stock_amount":"","sales_update_date":null,"calc_backorders":0,"_links":{"self":[{"href":"https:\/\/mps.digital-monkey.in\/es\/wp-json\/wp\/v2\/product\/35954","targetHints":{"allow":["GET"]}}],"collection":[{"href":"https:\/\/mps.digital-monkey.in\/es\/wp-json\/wp\/v2\/product"}],"about":[{"href":"https:\/\/mps.digital-monkey.in\/es\/wp-json\/wp\/v2\/types\/product"}],"replies":[{"embeddable":true,"href":"https:\/\/mps.digital-monkey.in\/es\/wp-json\/wp\/v2\/comments?post=35954"}],"wp:featuredmedia":[{"embeddable":true,"href":"https:\/\/mps.digital-monkey.in\/es\/wp-json\/wp\/v2\/media\/35955"}],"wp:attachment":[{"href":"https:\/\/mps.digital-monkey.in\/es\/wp-json\/wp\/v2\/media?parent=35954"}],"wp:term":[{"taxonomy":"product_brand","embeddable":true,"href":"https:\/\/mps.digital-monkey.in\/es\/wp-json\/wp\/v2\/product_brand?post=35954"},{"taxonomy":"product_cat","embeddable":true,"href":"https:\/\/mps.digital-monkey.in\/es\/wp-json\/wp\/v2\/product_cat?post=35954"},{"taxonomy":"product_tag","embeddable":true,"href":"https:\/\/mps.digital-monkey.in\/es\/wp-json\/wp\/v2\/product_tag?post=35954"}],"curies":[{"name":"wp","href":"https:\/\/api.w.org\/{rel}","templated":true}]}}