{"id":35960,"date":"2025-06-17T14:09:52","date_gmt":"2025-06-17T14:09:52","guid":{"rendered":"https:\/\/mps.digital-monkey.in\/product\/kit-de-soporte-de-motor-100-100\/"},"modified":"2026-03-31T07:37:18","modified_gmt":"2026-03-31T07:37:18","slug":"kit-de-soporte-de-motor-100-100","status":"publish","type":"product","link":"https:\/\/mps.digital-monkey.in\/es\/producto\/kit-de-soporte-de-motor-100-100\/","title":{"rendered":"Kit soporte motor - Yanmar Serie 2GM \/ 3GM \/ 3HM (4x Ellebogen 100)"},"content":{"rendered":"<h2 data-start=\"129\" data-end=\"213\"><strong data-start=\"132\" data-end=\"211\">Juego de soportes de motor marino - Yanmar Serie 2GM \/ 3GM \/ 3HM (4x Ellebogen 100)<\/strong><\/h2>\n<p data-start=\"215\" data-end=\"508\">Este juego de <strong data-start=\"227\" data-end=\"268\">4 soportes de motor marino Ellebogen 100<\/strong> est\u00e1 dise\u00f1ado para motores marinos Yanmar, garantizando una amortiguaci\u00f3n fiable de las vibraciones y la estabilidad del motor. Son los soportes de recambio correctos para una gama de <strong data-start=\"421\" data-end=\"457\">motores de las series 2GM, 3GM y 3HM<\/strong>, y ofrecen una larga vida \u00fatil y un ajuste preciso.<\/p>\n<hr data-start=\"510\" data-end=\"513\">\n<h3 data-start=\"515\" data-end=\"547\"><strong data-start=\"519\" data-end=\"547\">Especificaciones t\u00e9cnicas<\/strong><\/h3>\n<ul data-start=\"548\" data-end=\"710\">\n<li data-start=\"548\" data-end=\"581\">\n<p data-start=\"550\" data-end=\"581\"><strong data-start=\"550\" data-end=\"565\">Tipo de montura:<\/strong> Ellebogen 100<\/p>\n<\/li>\n<li data-start=\"582\" data-end=\"623\">\n<p data-start=\"584\" data-end=\"623\"><strong data-start=\"584\" data-end=\"597\">Cantidad:<\/strong> 4 soportes (conjunto completo)<\/p>\n<\/li>\n<li data-start=\"624\" data-end=\"645\">\n<p data-start=\"626\" data-end=\"645\"><strong data-start=\"626\" data-end=\"639\">Dureza:<\/strong> 100<\/p>\n<\/li>\n<li data-start=\"646\" data-end=\"710\">\n<p data-start=\"648\" data-end=\"710\"><strong data-start=\"648\" data-end=\"667\">Referencias OEM:<\/strong> 124772-08341, 128377-08351, 128377-08350<\/p>\n<\/li>\n<\/ul>\n<hr data-start=\"712\" data-end=\"715\">\n<h3 data-start=\"717\" data-end=\"750\"><strong data-start=\"721\" data-end=\"750\">Motores Yanmar compatibles<\/strong><\/h3>\n<ul data-start=\"751\" data-end=\"857\">\n<li data-start=\"751\" data-end=\"789\">\n<p data-start=\"753\" data-end=\"789\">2GM20V, 2GM20VE, 2GM20FV, 2GM20FVE<\/p>\n<\/li>\n<li data-start=\"790\" data-end=\"828\">\n<p data-start=\"792\" data-end=\"828\">3GM30V, 3GM30VE, 3GM30FV, 3GM30FVE<\/p>\n<\/li>\n<li data-start=\"829\" data-end=\"857\">\n<p data-start=\"831\" data-end=\"857\">3HM, 3HMF, 3HM35, 3HM35F<\/p>\n<\/li>\n<\/ul>\n<hr data-start=\"859\" data-end=\"862\">\n<h3 data-start=\"864\" data-end=\"884\"><strong data-start=\"868\" data-end=\"884\">Caracter\u00edsticas principales<\/strong><\/h3>\n<ul data-start=\"885\" data-end=\"1173\">\n<li data-start=\"885\" data-end=\"949\">\n<p data-start=\"887\" data-end=\"949\">Juego completo de 4 soportes de motor para Yanmar de las series GM y HM.<\/p>\n<\/li>\n<li data-start=\"950\" data-end=\"1011\">\n<p data-start=\"952\" data-end=\"1011\">Recambio OEM - cumple las especificaciones originales Yanmar.<\/p>\n<\/li>\n<li data-start=\"1012\" data-end=\"1055\">\n<p data-start=\"1014\" data-end=\"1055\">Dise\u00f1ado para reducir las vibraciones y el ruido.<\/p>\n<\/li>\n<li data-start=\"1056\" data-end=\"1116\">\n<p data-start=\"1058\" data-end=\"1116\">Construcci\u00f3n resistente de caucho y metal para uso marino.<\/p>\n<\/li>\n<li data-start=\"1117\" data-end=\"1173\">\n<p data-start=\"1119\" data-end=\"1173\">Garantiza un rendimiento del motor m\u00e1s suave y duradero.<\/p>\n<\/li>\n<\/ul>\n<p>&nbsp;<\/p>\n","protected":false},"excerpt":{"rendered":"<p>Juego de soportes de motor marino - Yanmar Serie 2GM \/ 3GM \/ 3HM (4x Ellebogen 100) Este juego de<\/p>\n","protected":false},"featured_media":35961,"comment_status":"open","ping_status":"closed","template":"","meta":[],"product_brand":[4232,4235],"product_cat":[2871,4567,4450,4451,4448],"product_tag":[],"class_list":{"0":"post-35960","1":"product","2":"type-product","3":"status-publish","4":"has-post-thumbnail","6":"product_brand-ellebogen","7":"product_brand-yanmar","8":"product_cat-bancadas-de-motor","9":"product_cat-bancadas-motor-yanmar","10":"product_cat-piezas-2gm-2gm20","11":"product_cat-piezas-3gm-3gm30","12":"product_cat-yanmar","13":"pa_condition-nuevo","14":"pa_model-2gm20fv","15":"pa_model-2gm20fve","16":"pa_model-2gm20v","17":"pa_model-2gm20ve","18":"pa_model-3gm30fv","19":"pa_model-3gm30fve","20":"pa_model-3gm30v","21":"pa_model-3gm30ve","22":"pa_model-3hm","23":"pa_model-3hm35","24":"pa_model-3hm35f","25":"pa_model-3hmf","26":"pa_oem-or-aftermarket-posventa","28":"first","29":"onbackorder","30":"sale","31":"taxable","32":"shipping-taxable","33":"purchasable","34":"product-type-simple"},"supplier_id":7297,"supplier_sku":"100-100","barcode":null,"atum_controlled":true,"out_stock_date":"2025-11-24 10:08:25","out_stock_threshold":null,"inheritable":false,"inbound_stock":0,"stock_on_hold":0,"sold_today":0,"sales_last_days":0,"reserved_stock":0,"customer_returns":0,"warehouse_damage":0,"lost_in_post":0,"other_logs":0,"out_stock_days":126,"lost_sales":0,"has_location":false,"update_date":"2026-03-31T07:37:49","atum_locations":[],"atum_stock_status":"onbackorder","restock_status":false,"low_stock_amount":1,"sales_update_date":"2026-03-31T07:35:19","calc_backorders":0,"_links":{"self":[{"href":"https:\/\/mps.digital-monkey.in\/es\/wp-json\/wp\/v2\/product\/35960","targetHints":{"allow":["GET"]}}],"collection":[{"href":"https:\/\/mps.digital-monkey.in\/es\/wp-json\/wp\/v2\/product"}],"about":[{"href":"https:\/\/mps.digital-monkey.in\/es\/wp-json\/wp\/v2\/types\/product"}],"replies":[{"embeddable":true,"href":"https:\/\/mps.digital-monkey.in\/es\/wp-json\/wp\/v2\/comments?post=35960"}],"version-history":[{"count":1,"href":"https:\/\/mps.digital-monkey.in\/es\/wp-json\/wp\/v2\/product\/35960\/revisions"}],"predecessor-version":[{"id":43862,"href":"https:\/\/mps.digital-monkey.in\/es\/wp-json\/wp\/v2\/product\/35960\/revisions\/43862"}],"wp:featuredmedia":[{"embeddable":true,"href":"https:\/\/mps.digital-monkey.in\/es\/wp-json\/wp\/v2\/media\/35961"}],"wp:attachment":[{"href":"https:\/\/mps.digital-monkey.in\/es\/wp-json\/wp\/v2\/media?parent=35960"}],"wp:term":[{"taxonomy":"product_brand","embeddable":true,"href":"https:\/\/mps.digital-monkey.in\/es\/wp-json\/wp\/v2\/product_brand?post=35960"},{"taxonomy":"product_cat","embeddable":true,"href":"https:\/\/mps.digital-monkey.in\/es\/wp-json\/wp\/v2\/product_cat?post=35960"},{"taxonomy":"product_tag","embeddable":true,"href":"https:\/\/mps.digital-monkey.in\/es\/wp-json\/wp\/v2\/product_tag?post=35960"}],"curies":[{"name":"wp","href":"https:\/\/api.w.org\/{rel}","templated":true}]}}