{"id":35972,"date":"2025-06-17T14:09:52","date_gmt":"2025-06-17T14:09:52","guid":{"rendered":"https:\/\/mps.digital-monkey.in\/product\/juego-de-pinzas-para-bornes-de-bateria-por-cable-batt1635\/"},"modified":"2025-10-30T08:59:21","modified_gmt":"2025-10-30T08:59:21","slug":"juego-de-pinzas-para-bornes-de-bateria-por-cable-batt1635","status":"publish","type":"product","link":"https:\/\/mps.digital-monkey.in\/es\/product\/juego-de-pinzas-para-bornes-de-bateria-por-cable-batt1635\/","title":{"rendered":"Juego de pinzas para bornes de bater\u00eda por cable BATT1635"},"content":{"rendered":"<p>Juego de pinzas para bornes de bater\u00eda por cable BATT1635<\/p>\n<p>Terminal de bater\u00eda con conexi\u00f3n de abrazadera de cable M10. Juego de 2 piezas. <\/p>\n<p>16-35 mm<\/p>\n","protected":false},"excerpt":{"rendered":"<p>Juego de pinzas para bornes de bater\u00eda por cable BATT1635 Terminal de bater\u00eda con conexi\u00f3n de abrazadera de cable M10. Juego de 2 piezas. 16-35 mm<\/p>\n","protected":false},"featured_media":35974,"comment_status":"open","ping_status":"closed","template":"","meta":[],"product_brand":[4241],"product_cat":[3656,3657],"product_tag":[],"class_list":{"0":"post-35972","1":"product","2":"type-product","3":"status-publish","4":"has-post-thumbnail","6":"product_brand-vetus","7":"product_cat-energia-a-bordo","8":"product_cat-etiquetas-para-cables-de-bateria","9":"pa_condition-nuevo","10":"pa_oem-or-aftermarket-oem","12":"first","13":"onbackorder","14":"taxable","15":"shipping-taxable","16":"purchasable","17":"product-type-simple"},"supplier_id":null,"supplier_sku":"","barcode":null,"atum_controlled":true,"out_stock_date":"2025-08-23 13:09:08","out_stock_threshold":null,"inheritable":false,"inbound_stock":0,"stock_on_hold":0,"sold_today":0,"sales_last_days":0,"reserved_stock":0,"customer_returns":0,"warehouse_damage":0,"lost_in_post":0,"other_logs":0,"out_stock_days":44,"lost_sales":0,"has_location":false,"update_date":"2025-10-30T08:58:29","atum_locations":[],"atum_stock_status":"onbackorder","restock_status":false,"low_stock_amount":1,"sales_update_date":"2025-10-07T07:22:35","calc_backorders":null,"_links":{"self":[{"href":"https:\/\/mps.digital-monkey.in\/es\/wp-json\/wp\/v2\/product\/35972","targetHints":{"allow":["GET"]}}],"collection":[{"href":"https:\/\/mps.digital-monkey.in\/es\/wp-json\/wp\/v2\/product"}],"about":[{"href":"https:\/\/mps.digital-monkey.in\/es\/wp-json\/wp\/v2\/types\/product"}],"replies":[{"embeddable":true,"href":"https:\/\/mps.digital-monkey.in\/es\/wp-json\/wp\/v2\/comments?post=35972"}],"wp:featuredmedia":[{"embeddable":true,"href":"https:\/\/mps.digital-monkey.in\/es\/wp-json\/wp\/v2\/media\/35974"}],"wp:attachment":[{"href":"https:\/\/mps.digital-monkey.in\/es\/wp-json\/wp\/v2\/media?parent=35972"}],"wp:term":[{"taxonomy":"product_brand","embeddable":true,"href":"https:\/\/mps.digital-monkey.in\/es\/wp-json\/wp\/v2\/product_brand?post=35972"},{"taxonomy":"product_cat","embeddable":true,"href":"https:\/\/mps.digital-monkey.in\/es\/wp-json\/wp\/v2\/product_cat?post=35972"},{"taxonomy":"product_tag","embeddable":true,"href":"https:\/\/mps.digital-monkey.in\/es\/wp-json\/wp\/v2\/product_tag?post=35972"}],"curies":[{"name":"wp","href":"https:\/\/api.w.org\/{rel}","templated":true}]}}