{"id":36002,"date":"2025-06-17T14:10:18","date_gmt":"2025-06-17T14:10:18","guid":{"rendered":"https:\/\/mps.digital-monkey.in\/product\/eurol-diesel-guard-15w-40\/"},"modified":"2025-11-03T07:57:18","modified_gmt":"2025-11-03T07:57:18","slug":"eurol-diesel-guard-15w-40","status":"publish","type":"product","link":"https:\/\/mps.digital-monkey.in\/es\/product\/eurol-diesel-guard-15w-40\/","title":{"rendered":"EUROL DIESEL-GUARD 15W-40"},"content":{"rendered":"<p>Aceite de motor <strong>EUROL DIESEL-GUARD 15W-40<\/strong><br \/>\nMineral SHPD<\/p>\n<p>Eurol Diesel-Guard 15W-40 es un aceite de motor moderno, desarrollado de acuerdo con los \u00faltimos requisitos de consumo de aceite y emisiones, y cumple la mayor\u00eda de las normas de calidad contempor\u00e1neas establecidas por los fabricantes de motores europeos y americanos.<\/p>\n<p>Eurol Diesel-Guard 15W-40 es ideal para motores di\u00e9sel de gran potencia en camiones, con o sin turbocompresor, y para aplicaciones fuera de carretera.<\/p>\n<p>Eurol Diesel-Guard 15W-40 supera c\u00f3modamente los l\u00edmites reducidos de dep\u00f3sitos en la cabeza del pist\u00f3n y en el resto del pist\u00f3n. El intervalo de cambio de aceite prescrito se cumple sin esfuerzo, independientemente del tipo de motor o de las condiciones de funcionamiento. <\/p>\n<p>Eurol Diesel-Guard 15W-40 puede utilizarse en motores Euro II, Euro III, Euro IV y algunos Euro V en los que se utilice combustible con alto contenido en azufre.<\/p>\n<p>Eurol Diesel-Guard 15W-40 no es adecuado para su uso en motores con Filtro de Part\u00edculas Diesel (DPF).<\/p>\n<p>4o<\/p>\n","protected":false},"excerpt":{"rendered":"<p>Aceite de motor EUROL DIESEL-GUARD 15W-40 Mineral SHPD Eurol Diesel-Guard 15W-40 es un aceite de motor moderno, desarrollado de acuerdo con los \u00faltimos requisitos de consumo de aceite y emisiones, y cumple la mayor\u00eda de las normas de calidad contempor\u00e1neas establecidas por los fabricantes de motores europeos y americanos. Eurol Diesel-Guard 15W-40 es ideal para [&hellip;]<\/p>\n","protected":false},"featured_media":36003,"comment_status":"open","ping_status":"closed","template":"","meta":[],"product_brand":[],"product_cat":[2730,4483,2729,2497],"product_tag":[],"class_list":{"0":"post-36002","1":"product","2":"type-product","3":"status-publish","4":"has-post-thumbnail","6":"product_cat-aceite","7":"product_cat-aceite-volvo-penta","8":"product_cat-aceites-y-liquidos","9":"product_cat-piezas-de-mantenimiento-del-motor","11":"first","12":"instock","13":"taxable","14":"shipping-taxable","15":"purchasable","16":"product-type-variable"},"supplier_id":null,"supplier_sku":"","barcode":null,"atum_controlled":true,"out_stock_date":null,"out_stock_threshold":null,"inheritable":true,"inbound_stock":0,"stock_on_hold":0,"sold_today":0,"sales_last_days":0,"reserved_stock":0,"customer_returns":0,"warehouse_damage":0,"lost_in_post":0,"other_logs":0,"out_stock_days":0,"lost_sales":0,"has_location":false,"update_date":"2025-12-03T10:47:50","atum_locations":[],"atum_stock_status":"instock","restock_status":false,"low_stock_amount":"","sales_update_date":"2025-12-03T10:47:50","calc_backorders":null,"_links":{"self":[{"href":"https:\/\/mps.digital-monkey.in\/es\/wp-json\/wp\/v2\/product\/36002","targetHints":{"allow":["GET"]}}],"collection":[{"href":"https:\/\/mps.digital-monkey.in\/es\/wp-json\/wp\/v2\/product"}],"about":[{"href":"https:\/\/mps.digital-monkey.in\/es\/wp-json\/wp\/v2\/types\/product"}],"replies":[{"embeddable":true,"href":"https:\/\/mps.digital-monkey.in\/es\/wp-json\/wp\/v2\/comments?post=36002"}],"wp:featuredmedia":[{"embeddable":true,"href":"https:\/\/mps.digital-monkey.in\/es\/wp-json\/wp\/v2\/media\/36003"}],"wp:attachment":[{"href":"https:\/\/mps.digital-monkey.in\/es\/wp-json\/wp\/v2\/media?parent=36002"}],"wp:term":[{"taxonomy":"product_brand","embeddable":true,"href":"https:\/\/mps.digital-monkey.in\/es\/wp-json\/wp\/v2\/product_brand?post=36002"},{"taxonomy":"product_cat","embeddable":true,"href":"https:\/\/mps.digital-monkey.in\/es\/wp-json\/wp\/v2\/product_cat?post=36002"},{"taxonomy":"product_tag","embeddable":true,"href":"https:\/\/mps.digital-monkey.in\/es\/wp-json\/wp\/v2\/product_tag?post=36002"}],"curies":[{"name":"wp","href":"https:\/\/api.w.org\/{rel}","templated":true}]}}